{"id":12848,"date":"2023-04-17T15:36:12","date_gmt":"2023-04-17T13:36:12","guid":{"rendered":"https:\/\/jmkarting.com\/liege\/?page_id=12848"},"modified":"2026-04-14T16:33:55","modified_gmt":"2026-04-14T14:33:55","slug":"home","status":"publish","type":"page","link":"https:\/\/jmkarting.com\/liege\/en\/","title":{"rendered":"Home"},"content":{"rendered":"<section class=\"wpb-content-wrapper\"><p>[vc_row][vc_column width=&#8221;2\/12&#8243;][\/vc_column][vc_column width=&#8221;8\/12&#8243;][vc_raw_html]JTNDZGl2JTIwY2xhc3MlM0QlMjJ1LXRleHQtY2VudGVyJTIyJTNFJTBBJTA5JTA5JTA5JTA5JTA5JTA5JTA5JTA5JTA5JTNDZGl2JTIwY2xhc3MlM0QlMjJhY3Rpdml0ZS1jb250ZW50JTIwbG9nbyUyMiUzRSUwQSUzQ2ltZyUyMHNyYyUzRCUyMiUyRndwLWNvbnRlbnQlMkZ0aGVtZXMlMkZqbWthcnRpbmclMkZzdGF0aWMlMkZhc3NldHMlMkZpbWFnZXMlMkZsb2dvLWJsYWNrLnN2ZyUyMiUyMGFsdCUzRCUyMiUyMiUzRSUwQUxpJUMzJUE4Z2UlMEElMDklMDklMDklMDklM0MlMkZkaXYlM0UlMEElM0MlMkZkaXYlM0U=[\/vc_raw_html][vc_column_text]<\/p>\n<h2 style=\"text-align: center;\">JMKARTING <span style=\"color: #fa3d02;\">LI\u00c8GE<\/span><\/h2>\n<p><span style=\"color: #fa3d02;\"><strong>JMK LIEGE<\/strong><\/span> : Closed from 13 April to 7 June 2026<br \/>\nMajor renovation work on our track at LIEGE Fl\u00e9ron will take place from 13 April 2026 (100% NEW TRACK).<br \/>\nOur Li\u00e8ge venue is scheduled to be closed between 13 April and 7 June (reopening date to be confirmed) + A BRAND NEW FLEET OF KARTS planned for when we reopen!<br \/>\n<em>Please note that our NAMUR Floreffe track remains open and welcomes you throughout the duration of these works!<\/em><\/p>\n<hr \/>\n<p style=\"text-align: center;\"><strong>JMKARTING <\/strong>has the very latest ultra-modern karts. Equipped with a Sodikart chassis with full streamlining, these karts have 4-stroke Honda 270cc engines which develop 9 horsepower. Enough to take them to over 50km\/h.<\/p>\n<p style=\"text-align: center;\">An electronic speed control system allows the karts to be slowed, or even stopped, if there is an accident, an obstruction on the track or if one of the drivers gets over-enthusiastic.<\/p>\n<p style=\"text-align: center;\">Within the framework of the driving school (for 6-16 year olds), JMKARTING can provide karts specially adapted for children and younger drivers.<\/p>\n<p style=\"text-align: center;\">For every kart hired, each driver is provided with a set of overalls, a helmet and a disposable balaclava. There are also individual lockers for personal effects.<\/p>\n<p style=\"text-align: center;\">Participants are, of course, welcome to bring their own equipment.<\/p>\n<p>[\/vc_column_text][vc_empty_space height=&#8221;50px&#8221;][\/vc_column][vc_column width=&#8221;2\/12&#8243;][\/vc_column][\/vc_row][vc_row][vc_column][vc_row_inner equal_height=&#8221;yes&#8221; content_placement=&#8221;middle&#8221;][vc_column_inner width=&#8221;5\/12&#8243;][vc_single_image image=&#8221;12740&#8243; img_size=&#8221;full&#8221;][\/vc_column_inner][vc_column_inner width=&#8221;1\/12&#8243;][vc_empty_space height=&#8221;50px&#8221;][\/vc_column_inner][vc_column_inner width=&#8221;6\/12&#8243;][vc_column_text]<\/p>\n<h3>JMK Li\u00e8ge<\/h3>\n<p>An original high tech newly designed reception lounge ! With its thoroughly modern and hospitable atmosphere, the Bar Area is where spectating friends and family can watch the racing in comfort.<\/p>\n<p>Two overhead terraces also allow you to follow the action as it develops on the track close by. A giant screen shows live timings from the races, except when it is being used to broadcast major sporting events on cable TV. The games room has plenty of billiard table and table football.[\/vc_column_text][\/vc_column_inner][\/vc_row_inner][vc_empty_space height=&#8221;50px&#8221;][vc_row_inner equal_height=&#8221;yes&#8221; rtl_reverse=&#8221;yes&#8221; content_placement=&#8221;middle&#8221;][vc_column_inner width=&#8221;6\/12&#8243;][vc_column_text]<\/p>\n<h3><strong>JMKids Li\u00e8ge<\/strong><\/h3>\n<p>The driving school is meant for children between 6 and 16 years of age and allows them to take their first laps in karting in complete safety.<\/p>\n<p>Wednesday, from 4 p.m to 6 p.m &amp; sunday, from 9 a.m. to 2 p.m.<\/p>\n<p>The aspiring drivers are classified in three levels :<\/p>\n<ul>\n<li>beginner : learning the basics (acceleration, braking)<\/li>\n<li>trainee : speed control, overtaking, learning the regulations (flags)<\/li>\n<li>driver : perfecting racing lines, observing the rules<\/li>\n<\/ul>\n<p>The young drivers are equipped with karts specially adapted to their size and age. Mini-karts are for drivers of between 6 and 10 years old (Sodikart chassis, Honda 160cc engine), while the \u201cCadet \/ Junior\u201d karts are designed for drivers of 10 to 16 years old (Sodikart chassis, Honda 270cc engine). For the optimum in driving safety, a helmet, neckbrace, overalls and gloves are supplied free of charge.[\/vc_column_text][\/vc_column_inner][vc_column_inner width=&#8221;1\/12&#8243;][vc_empty_space height=&#8221;50px&#8221;][\/vc_column_inner][vc_column_inner width=&#8221;5\/12&#8243;][vc_single_image image=&#8221;12728&#8243; img_size=&#8221;full&#8221;][\/vc_column_inner][\/vc_row_inner][\/vc_column][\/vc_row]<\/p>\n<\/section>","protected":false},"excerpt":{"rendered":"<p>[vc_row][vc_column width=&#8221;2\/12&#8243;][\/vc_column][vc_column width=&#8221;8\/12&#8243;][vc_raw_html]JTNDZGl2JTIwY2xhc3MlM0QlMjJ1LXRleHQtY2VudGVyJTIyJTNFJTBBJTA5JTA5JTA5JTA5JTA5JTA5JTA5JTA5JTA5JTNDZGl2JTIwY2xhc3MlM0QlMjJhY3Rpdml0ZS1jb250ZW50JTIwbG9nbyUyMiUzRSUwQSUzQ2ltZyUyMHNyYyUzRCUyMiUyRndwLWNvbnRlbnQlMkZ0aGVtZXMlMkZqbWthcnRpbmclMkZzdGF0aWMlMkZhc3NldHMlMkZpbWFnZXMlMkZsb2dvLWJsYWNrLnN2ZyUyMiUyMGFsdCUzRCUyMiUyMiUzRSUwQUxpJUMzJUE4Z2UlMEElMDklMDklMDklMDklM0MlMkZkaXYlM0UlMEElM0MlMkZkaXYlM0U=[\/vc_raw_html][vc_column_text] JMKARTING LI\u00c8GE JMK LIEGE : Closed from 13 April to 7 June 2026 Major renovation work on our track at LIEGE Fl\u00e9ron will take place from 13 April 2026 (100% NEW TRACK). Our Li\u00e8ge venue is scheduled to be closed between 13 April and 7 June (reopening date to be confirmed) + [&hellip;]<\/p>\n","protected":false},"author":1,"featured_media":0,"parent":0,"menu_order":0,"comment_status":"closed","ping_status":"closed","template":"template-home.php","meta":{"footnotes":""},"class_list":["post-12848","page","type-page","status-publish","hentry"],"acf":[],"yoast_head":"<!-- This site is optimized with the Yoast SEO Premium plugin v21.7 (Yoast SEO v21.7) - https:\/\/yoast.com\/wordpress\/plugins\/seo\/ -->\n<title>Home - JMKARTING Li\u00e8ge<\/title>\n<meta name=\"robots\" content=\"index, follow, max-snippet:-1, max-image-preview:large, max-video-preview:-1\" \/>\n<link rel=\"canonical\" href=\"https:\/\/jmkarting.com\/liege\/en\/\" \/>\n<meta property=\"og:locale\" content=\"en_US\" \/>\n<meta property=\"og:type\" content=\"article\" \/>\n<meta property=\"og:title\" content=\"Home - JMKARTING Li\u00e8ge\" \/>\n<meta property=\"og:description\" content=\"[vc_row][vc_column width=&#8221;2\/12&#8243;][\/vc_column][vc_column width=&#8221;8\/12&#8243;][vc_raw_html]JTNDZGl2JTIwY2xhc3MlM0QlMjJ1LXRleHQtY2VudGVyJTIyJTNFJTBBJTA5JTA5JTA5JTA5JTA5JTA5JTA5JTA5JTA5JTNDZGl2JTIwY2xhc3MlM0QlMjJhY3Rpdml0ZS1jb250ZW50JTIwbG9nbyUyMiUzRSUwQSUzQ2ltZyUyMHNyYyUzRCUyMiUyRndwLWNvbnRlbnQlMkZ0aGVtZXMlMkZqbWthcnRpbmclMkZzdGF0aWMlMkZhc3NldHMlMkZpbWFnZXMlMkZsb2dvLWJsYWNrLnN2ZyUyMiUyMGFsdCUzRCUyMiUyMiUzRSUwQUxpJUMzJUE4Z2UlMEElMDklMDklMDklMDklM0MlMkZkaXYlM0UlMEElM0MlMkZkaXYlM0U=[\/vc_raw_html][vc_column_text] JMKARTING LI\u00c8GE JMK LIEGE : Closed from 13 April to 7 June 2026 Major renovation work on our track at LIEGE Fl\u00e9ron will take place from 13 April 2026 (100% NEW TRACK). Our Li\u00e8ge venue is scheduled to be closed between 13 April and 7 June (reopening date to be confirmed) + [&hellip;]\" \/>\n<meta property=\"og:url\" content=\"https:\/\/jmkarting.com\/liege\/en\/\" \/>\n<meta property=\"og:site_name\" content=\"JMKARTING Li\u00e8ge\" \/>\n<meta property=\"article:modified_time\" content=\"2026-04-14T14:33:55+00:00\" \/>\n<meta name=\"twitter:card\" content=\"summary_large_image\" \/>\n<meta name=\"twitter:label1\" content=\"Est. reading time\" \/>\n\t<meta name=\"twitter:data1\" content=\"3 minutes\" \/>\n<script type=\"application\/ld+json\" class=\"yoast-schema-graph\">{\"@context\":\"https:\/\/schema.org\",\"@graph\":[{\"@type\":\"WebPage\",\"@id\":\"https:\/\/jmkarting.com\/liege\/en\/\",\"url\":\"https:\/\/jmkarting.com\/liege\/en\/\",\"name\":\"Home - JMKARTING Li\u00e8ge\",\"isPartOf\":{\"@id\":\"https:\/\/jmkarting.com\/liege\/#website\"},\"datePublished\":\"2023-04-17T13:36:12+00:00\",\"dateModified\":\"2026-04-14T14:33:55+00:00\",\"inLanguage\":\"en-US\",\"potentialAction\":[{\"@type\":\"ReadAction\",\"target\":[\"https:\/\/jmkarting.com\/liege\/en\/\"]}]},{\"@type\":\"WebSite\",\"@id\":\"https:\/\/jmkarting.com\/liege\/#website\",\"url\":\"https:\/\/jmkarting.com\/liege\/\",\"name\":\"JMKARTING Li\u00e8ge\",\"description\":\"\",\"publisher\":{\"@id\":\"https:\/\/jmkarting.com\/liege\/#organization\"},\"potentialAction\":[{\"@type\":\"SearchAction\",\"target\":{\"@type\":\"EntryPoint\",\"urlTemplate\":\"https:\/\/jmkarting.com\/liege\/?s={search_term_string}\"},\"query-input\":\"required name=search_term_string\"}],\"inLanguage\":\"en-US\"},{\"@type\":\"Organization\",\"@id\":\"https:\/\/jmkarting.com\/liege\/#organization\",\"name\":\"JMKARTING Li\u00e8ge\",\"url\":\"https:\/\/jmkarting.com\/liege\/\",\"logo\":{\"@type\":\"ImageObject\",\"inLanguage\":\"en-US\",\"@id\":\"https:\/\/jmkarting.com\/liege\/#\/schema\/logo\/image\/\",\"url\":\"https:\/\/jmkarting.com\/liege\/wp-content\/uploads\/sites\/3\/2023\/04\/logo.svg\",\"contentUrl\":\"https:\/\/jmkarting.com\/liege\/wp-content\/uploads\/sites\/3\/2023\/04\/logo.svg\",\"width\":301,\"height\":209,\"caption\":\"JMKARTING Li\u00e8ge\"},\"image\":{\"@id\":\"https:\/\/jmkarting.com\/liege\/#\/schema\/logo\/image\/\"}}]}<\/script>\n<!-- \/ Yoast SEO Premium plugin. -->","yoast_head_json":{"title":"Home - JMKARTING Li\u00e8ge","robots":{"index":"index","follow":"follow","max-snippet":"max-snippet:-1","max-image-preview":"max-image-preview:large","max-video-preview":"max-video-preview:-1"},"canonical":"https:\/\/jmkarting.com\/liege\/en\/","og_locale":"en_US","og_type":"article","og_title":"Home - JMKARTING Li\u00e8ge","og_description":"[vc_row][vc_column width=&#8221;2\/12&#8243;][\/vc_column][vc_column width=&#8221;8\/12&#8243;][vc_raw_html]JTNDZGl2JTIwY2xhc3MlM0QlMjJ1LXRleHQtY2VudGVyJTIyJTNFJTBBJTA5JTA5JTA5JTA5JTA5JTA5JTA5JTA5JTA5JTNDZGl2JTIwY2xhc3MlM0QlMjJhY3Rpdml0ZS1jb250ZW50JTIwbG9nbyUyMiUzRSUwQSUzQ2ltZyUyMHNyYyUzRCUyMiUyRndwLWNvbnRlbnQlMkZ0aGVtZXMlMkZqbWthcnRpbmclMkZzdGF0aWMlMkZhc3NldHMlMkZpbWFnZXMlMkZsb2dvLWJsYWNrLnN2ZyUyMiUyMGFsdCUzRCUyMiUyMiUzRSUwQUxpJUMzJUE4Z2UlMEElMDklMDklMDklMDklM0MlMkZkaXYlM0UlMEElM0MlMkZkaXYlM0U=[\/vc_raw_html][vc_column_text] JMKARTING LI\u00c8GE JMK LIEGE : Closed from 13 April to 7 June 2026 Major renovation work on our track at LIEGE Fl\u00e9ron will take place from 13 April 2026 (100% NEW TRACK). Our Li\u00e8ge venue is scheduled to be closed between 13 April and 7 June (reopening date to be confirmed) + [&hellip;]","og_url":"https:\/\/jmkarting.com\/liege\/en\/","og_site_name":"JMKARTING Li\u00e8ge","article_modified_time":"2026-04-14T14:33:55+00:00","twitter_card":"summary_large_image","twitter_misc":{"Est. reading time":"3 minutes"},"schema":{"@context":"https:\/\/schema.org","@graph":[{"@type":"WebPage","@id":"https:\/\/jmkarting.com\/liege\/en\/","url":"https:\/\/jmkarting.com\/liege\/en\/","name":"Home - JMKARTING Li\u00e8ge","isPartOf":{"@id":"https:\/\/jmkarting.com\/liege\/#website"},"datePublished":"2023-04-17T13:36:12+00:00","dateModified":"2026-04-14T14:33:55+00:00","inLanguage":"en-US","potentialAction":[{"@type":"ReadAction","target":["https:\/\/jmkarting.com\/liege\/en\/"]}]},{"@type":"WebSite","@id":"https:\/\/jmkarting.com\/liege\/#website","url":"https:\/\/jmkarting.com\/liege\/","name":"JMKARTING Li\u00e8ge","description":"","publisher":{"@id":"https:\/\/jmkarting.com\/liege\/#organization"},"potentialAction":[{"@type":"SearchAction","target":{"@type":"EntryPoint","urlTemplate":"https:\/\/jmkarting.com\/liege\/?s={search_term_string}"},"query-input":"required name=search_term_string"}],"inLanguage":"en-US"},{"@type":"Organization","@id":"https:\/\/jmkarting.com\/liege\/#organization","name":"JMKARTING Li\u00e8ge","url":"https:\/\/jmkarting.com\/liege\/","logo":{"@type":"ImageObject","inLanguage":"en-US","@id":"https:\/\/jmkarting.com\/liege\/#\/schema\/logo\/image\/","url":"https:\/\/jmkarting.com\/liege\/wp-content\/uploads\/sites\/3\/2023\/04\/logo.svg","contentUrl":"https:\/\/jmkarting.com\/liege\/wp-content\/uploads\/sites\/3\/2023\/04\/logo.svg","width":301,"height":209,"caption":"JMKARTING Li\u00e8ge"},"image":{"@id":"https:\/\/jmkarting.com\/liege\/#\/schema\/logo\/image\/"}}]}},"_links":{"self":[{"href":"https:\/\/jmkarting.com\/liege\/en\/wp-json\/wp\/v2\/pages\/12848"}],"collection":[{"href":"https:\/\/jmkarting.com\/liege\/en\/wp-json\/wp\/v2\/pages"}],"about":[{"href":"https:\/\/jmkarting.com\/liege\/en\/wp-json\/wp\/v2\/types\/page"}],"author":[{"embeddable":true,"href":"https:\/\/jmkarting.com\/liege\/en\/wp-json\/wp\/v2\/users\/1"}],"replies":[{"embeddable":true,"href":"https:\/\/jmkarting.com\/liege\/en\/wp-json\/wp\/v2\/comments?post=12848"}],"version-history":[{"count":19,"href":"https:\/\/jmkarting.com\/liege\/en\/wp-json\/wp\/v2\/pages\/12848\/revisions"}],"predecessor-version":[{"id":13823,"href":"https:\/\/jmkarting.com\/liege\/en\/wp-json\/wp\/v2\/pages\/12848\/revisions\/13823"}],"wp:attachment":[{"href":"https:\/\/jmkarting.com\/liege\/en\/wp-json\/wp\/v2\/media?parent=12848"}],"curies":[{"name":"wp","href":"https:\/\/api.w.org\/{rel}","templated":true}]}}