{"id":12365,"date":"2023-05-15T11:31:58","date_gmt":"2023-05-15T09:31:58","guid":{"rendered":"https:\/\/jmkarting.com\/namur\/?page_id=12365"},"modified":"2024-01-12T23:29:48","modified_gmt":"2024-01-12T22:29:48","slug":"politique-vie-privee","status":"publish","type":"page","link":"https:\/\/jmkarting.com\/liege\/politique-vie-privee\/","title":{"rendered":"Politique vie priv\u00e9e"},"content":{"rendered":"<h3>Protection de la vie priv\u00e9e de nos clients<\/h3>\n<p>JMKARTING est responsable de la protection des donn\u00e9es \u00e0 caract\u00e8re personnel de ses clients et les prot\u00e8ge conform\u00e9ment au R\u00e8glement (UE) 2016\/679 du Parlement europ\u00e9en et du Conseil du 27 avril 2016 relatif \u00e0 la protection des personnes physiques \u00e0 l\u2019\u00e9gard du traitement des donn\u00e9es \u00e0 caract\u00e8re personnel (R\u00e8glement G\u00e9n\u00e9ral sur la Protection des Donn\u00e9es ou RGPD) ainsi qu\u2019\u00e0 la loi du 30 juillet 2018 relative \u00e0 la protection des personnes physiques \u00e0 l\u2019\u00e9gard des traitements de donn\u00e9es \u00e0 caract\u00e8re personnel.<\/p>\n<p>Responsable traitement des donn\u00e9es<\/p>\n<p>JMKARTING est constitu\u00e9 de la soci\u00e9t\u00e9 suivante : JMKARTING S.A. \u2013 Avenue Franklin Roosevelt 104 Bte 13 \u2013 1330 RIXENSART \u2013 Belgique<\/p>\n<p>Quand r\u00e9coltons-nous vos donn\u00e9es personnelles? Nous ne r\u00e9coltons que les donn\u00e9es que vous nous fournissez :<\/p>\n<p>Lorsque vous vous inscrivez sur notre site internet et que vous cr\u00e9ez un profil<\/p>\n<p>Lorsque vous vous abonnez \u00e0 nos Newsletters<\/p>\n<p>Lorsque vous faites une r\u00e9servation dans l\u2019un des \u00e9tablissements du groupe JMKarting<\/p>\n<p>Lorsque vous prenez contact avec nous via quelque moyen que ce soit en vue d\u2019obtenir une information sur nos produits ou services<\/p>\n<p>Lorsque vous participez \u00e0 un concours ou \u00e0 des promotions<\/p>\n<p>Moyennant votre consentement, nous r\u00e9coltons \u00e9galement vos donn\u00e9es de navigation lorsque vous naviguez sur notre site internet.<\/p>\n<p>Quelles donn\u00e9es personnelles r\u00e9coltons-nous? Les informations personnelles qui sont collect\u00e9es par JMKARTING sont les donn\u00e9es permettant de vous identifier, telles que :<\/p>\n<p>Donn\u00e9es d\u2019identit\u00e9 : Nom, pr\u00e9nom, Adresse de r\u00e9sidence, pays de r\u00e9sidence, Num\u00e9ro de passeport \/ carte d\u2019identit\u00e9 \/ nationalit\u00e9 \/ date de naissance, langue maternelle.<\/p>\n<p>Donn\u00e9es de contact : Adresse de courrier \u00e9lectronique, Num\u00e9ro de t\u00e9l\u00e9phone.<\/p>\n<p>Donn\u00e9es de paiement : Donn\u00e9es de facturations, num\u00e9ro de TVA.<\/p>\n<p>Donn\u00e9es de r\u00e9servations : Date de la r\u00e9servation , n\u00b0 de t\u00e9l\u00e9phone, produits et services consomm\u00e9s.<\/p>\n<p>Donn\u00e9es de navigation : Adresse IP,\u00a0 d\u00e9tails de votre visite sur notre site web (comportement de navigation).<\/p>\n<p>&nbsp;<\/p>\n<p>Vous pouvez \u00e0 tout moment nous indiquer que vous ne souhaitez plus recevoir nos newsletters et informations promotionnelles.<\/p>\n<p>Certaines donn\u00e9es doivent \u00eatre collect\u00e9es et conserv\u00e9es dans le cadre d\u2019obligations l\u00e9gales diverses (comptables et fiscales, s\u00e9curit\u00e9 de l\u2019Etat, \u2026).<\/p>\n<p>&nbsp;<\/p>\n<p>Cam\u00e9ras de surveillances. Des cam\u00e9ras de surveillances sont pr\u00e9sentes dans les h\u00f4tels. Leur finalit\u00e9 est de:<\/p>\n<p>-pr\u00e9venir, constater ou d\u00e9celer des infractions contre les personnes ou les biens ;<\/p>\n<p>-garantir la s\u00e9curit\u00e9 et la sant\u00e9 sur les lieux du travail et la protection des biens de l\u2019entreprise.<\/p>\n<p>Toute ing\u00e9rence dans la vie priv\u00e9e des clients et des travailleurs \u00e0 l\u2019occasion de cette surveillance est r\u00e9duite au minimum n\u00e9cessaire.<\/p>\n<p>La surveillance par cam\u00e9ra est permanente.<\/p>\n<p>Les images sont visionn\u00e9es en temps r\u00e9el par le personnel. Seul le directeur et les responsables des \u00e9tablissements ont le droit de visionner les images enregistr\u00e9es.<\/p>\n<p>Les images enregistr\u00e9es \u00e0 l\u2019occasion de la surveillance par cam\u00e9ra sont conserv\u00e9es pendant une p\u00e9riode de 30 jours aupr\u00e8s du service informatique.<\/p>\n<p>Ces images sont trait\u00e9es uniquement conform\u00e9ment \u00e0 la finalit\u00e9 poursuivie lors de cette surveillance.<\/p>\n<p>&nbsp;<\/p>\n<p>Protection des informations relatives aux mineurs. Seuls les enfants de plus de 16 ans peuvent donner leur consentement \u00e0 l\u2019utilisation de leurs donn\u00e9es pour des finalit\u00e9s autres que celles qui sont n\u00e9cessaires et l\u00e9galement requises pour le suivi d\u2019une r\u00e9servation dans l\u2019un de nos \u00e9tablissements (nom, pr\u00e9nom, adresse de r\u00e9sidence, num\u00e9ro de carte d\u2019identit\u00e9 ou de passeport). En dessous de cet \u00e2ge, le consentement des parents ou tuteurs l\u00e9gaux est n\u00e9cessaire pour toute autre utilisation des donn\u00e9es personnelles.<\/p>\n<p>&nbsp;<\/p>\n<p>Destinataires des donn\u00e9es et transfert des donn\u00e9es \u00e0 des tiers. Les donn\u00e9es sont trait\u00e9es par les pr\u00e9pos\u00e9s de JMKARTING qui donnent suite aux demandes et aux r\u00e9servations, ainsi qu\u2019aux sous-traitants n\u00e9cessaires (logiciels de r\u00e9servation) et aux administrations publiques lorsque cela est requis par la loi.<\/p>\n<p>Vos donn\u00e9es personnelles ne sont pas vendues, ni transmises \u00e0 des soci\u00e9t\u00e9s autres que celles du groupe ou\u00a0 aux sous-traitants directs de JMKARTING lorsque ceci est n\u00e9cessaire pour la bonne ex\u00e9cution de ses services ou \u00e0 des fins de marketing pour la promotion de nos propres produits et services. JMKARTING s\u2019engage \u00e0 ne faire appel qu\u2019\u00e0 des sous-traitant qui respectent le GDPR.<\/p>\n<p>JMKARTING ne transfert pas de donn\u00e9es en dehors de l\u2019Espace Economique Europ\u00e9en (EEE).<\/p>\n<p>Si nous cessons nos activit\u00e9s ou si nos activit\u00e9s sont transf\u00e9r\u00e9es \u00e0 une autre soci\u00e9t\u00e9, vos donn\u00e9es \u00e0 caract\u00e8res personnel seront transf\u00e9r\u00e9es aux acqu\u00e9reurs de l\u2019activit\u00e9. Dans ce cas, JMKARTING vous informera <span style=\"text-decoration: line-through;\">dans<\/span> de ce transfert dans la mesure du possible.<\/p>\n<p>Nous ne divulguerons des informations personnelles que lorsque ceci sera prescrit par la loi ou sur base d\u2019une croyance de bonne foi lorsque cette divulgation s\u2019av\u00e9rera n\u00e9cessaire ou souhaitable aux termes de la loi, afin de prot\u00e9ger ou d\u00e9fendre les droits ou la propri\u00e9t\u00e9 de nos \u00e9tablissements, du site ou de ses utilisateurs.<\/p>\n<p>Dur\u00e9e de conservation de vos donn\u00e9es. Sauf si la loi impose un d\u00e9lai de conservation des donn\u00e9es diff\u00e9rent, vos donn\u00e9es personnelles seront conserv\u00e9es pendant maximum 5 ans apr\u00e8s le dernier contact.<\/p>\n<p>&nbsp;<\/p>\n<p>Vos droits<\/p>\n<p>Droit d\u2019information. Si vous avez des questions ou des inqui\u00e9tudes, ou si vous souhaitez avoir plus d\u2019informations concernant les donn\u00e9es que nous traitons, n\u2019h\u00e9sitez pas \u00e0 adresser votre requ\u00eate :<\/p>\n<p>Par courrier\u00a0: JMKARTING S.A. \u2013 Avenue Franklin Roosevelt 104 Bte 13 \u2013 1330 RIXENSART \u2013 Belgique<\/p>\n<p>Par e-mail \u00e0 info@jmkarting.com<\/p>\n<p>Nous vous r\u00e9pondrons dans un d\u00e9lai de 30 jours maximum.<\/p>\n<p>Acc\u00e8s aux donn\u00e9es, rectification et effacement. Vous avez \u00e0 tout moment le droit d\u2019acc\u00e9der gratuitement \u00e0 vos donn\u00e9es, ainsi que le droit de les\u00a0 corriger, compl\u00e9ter, mettre \u00e0 jour toutes ou certaines de vos donn\u00e9es de notre base de donn\u00e9es, en vous connectant sur votre \u00ab Profil \u00bb dans notre site internet ou dans nos newsletters. Vous pouvez supprimer ou d\u00e9sactiver votre profil en envoyant un e-mail \u00e0 info@jmkarting.com. Vous avez \u00e9galement le droit de demander l\u2019effacement de vos donn\u00e9es personnelles. Celles-ci seront effac\u00e9es dans les 30 jours de votre demande, pour autant que nous ne soyons pas oblig\u00e9s de les conserver pour des raisons l\u00e9gales ou r\u00e8glementaires, ou pour le suivi d\u2019une r\u00e9servation qui n\u2019est pas encore cl\u00f4tur\u00e9e. Dans un certain nombre de cas \u00e9num\u00e9r\u00e9s dans le RGDP, vous pouvez \u00e9galement nous demander de limiter le traitement de vos donn\u00e9es \u00e0 caract\u00e8re personnel.<\/p>\n<p>Droit d\u2019opposition et d\u00e9sinscription. Vous avez le droit de vous opposer au traitement de la totalit\u00e9 ou d\u2019une partie de vos donn\u00e9es \u00e0 caract\u00e8re personnel si vous avez des motifs l\u00e9gitimes et imp\u00e9rieux qui d\u00e9passent notre int\u00e9r\u00eat \u00e0 traiter vos donn\u00e9es. Vous pouvez \u00e0 tout moment vous opposer gratuitement au traitement des donn\u00e9es \u00e0 des fins de marketing (entre autre par le biais de profilage), sans motif,\u00a0 par simple d\u00e9sinscription en envoyant un e-mail \u00e0 info@jmkarting.com D\u00e8s r\u00e9ception de votre demande de d\u00e9sinscription, nous n\u2019utiliserons plus vos donn\u00e9es \u00e0 des fins de marketing, sauf si vous redonnez votre consentement lors d\u2019une prochaine r\u00e9servation dans l\u2019un de nos \u00e9tablissements.<\/p>\n<p>Nous prot\u00e9geons vos donn\u00e9es personnelles. JMKARTING\u00a0met des mesures techniques, physiques et organisationnelles en \u0153uvre afin de garantir la s\u00e9curit\u00e9 des donn\u00e9es personnelles que vous nous communiquez.<\/p>\n<p>Attention : JMKARTING est pr\u00e9sent sur les r\u00e9seaux sociaux. Lorsque vous utilisez les boutons qui renvoient vers les r\u00e9seaux sociaux, n\u2019oubliez pas que toute information que vous divulguez sur les r\u00e9seaux sociaux devient publique. JMKARTING n\u2019est pas responsable de l\u2019usage que les r\u00e9seaux sociaux font des donn\u00e9es que vous y divulguez. Soyez donc toujours prudent quant aux donn\u00e9es personnelles que vous donnez \u00e0 quiconque dans ce contexte.<\/p>\n<p>Plaintes et informations sur la protection des donn\u00e9es. En cas de plainte ou de question concernant vos donn\u00e9es personnelles, vous pouvez nous contacter via l\u2019adresse e-mail info@jmkarting.com<\/p>\n<p>Si vous avez une question sur l\u2019utilisation de vos donn\u00e9es personnelles ou d\u00e9sirez entamer une proc\u00e9dure pour une requ\u00eate en m\u00e9diation ou une plainte, vous pouvez contacter l\u2019Autorit\u00e9 de protection des donn\u00e9es, Rue de la presse 35, 1000 Bruxelles \/ +32 (0)2 274 48 00 \/ +32 (0)2 274 48 35 \/ contact@apd-gba.be \/ https:\/\/www.autoriteprotectiondonnees.be\/contact<\/p>\n<p>Modification de la Politique de Confidentialit\u00e9. La politique de confidentialit\u00e9 de JMKARTING est sujette \u00e0 modification. Si nous d\u00e9cidons de modifier la fa\u00e7on dont nous recueillons, utilisons ou partageons vos donn\u00e9es personnelles, vous en serez inform\u00e9 sur notre page Politique de Confidentialit\u00e9. Vous aurez alors le choix de nous laisser collecter ou non vos informations en accord avec les modifications apport\u00e9es et vous pourrez vous d\u00e9sinscrire en contactant dataprotection@martinshotels.com dans une p\u00e9riode de 30 jours suivant la derni\u00e8re mise \u00e0 jour de la politique. Dans le cas contraire, nous consid\u00e9rerons que vous acceptez la nouvelle Politique de Confidentialit\u00e9.<\/p>\n<p>Politique de gestion des cookies. La configuration du site web de JMKARTING ne permet pas de collecter des informations issues de votre ordinateur ou\u00a0 de tout autre moyen de connexion sans votre intervention. En d\u2019autres termes, si vous ne nous fournissez pas volontairement et d\u00e9lib\u00e9r\u00e9ment certaines informations, nous ne conna\u00eetrons pas votre identit\u00e9, votre adresse e-mail, ni d\u2019autres informations \u00e0 m\u00eame de vous identifier.<\/p>\n<p>Pour son bon fonctionnement, notre site web utilise la technologie dite des \u00ab cookies \u00bb. Cela nous aide \u00e0 vous offrir une meilleure exp\u00e9rience d\u2019utilisation quand vous visitez notre site Web et nous permet \u00e9galement d\u2019optimiser notre site Web.<\/p>\n<p>Qu\u2019est-ce qu\u2019un Cookie?\u00a0Un cookie est un petit fichier texte plac\u00e9 et stock\u00e9 sur votre ordinateur par un site internet lorsque vous visitez ce site internet. Tr\u00e8s utiles, les cookies permettent, entre autres, de reconna\u00eetre les utilisateurs d\u2019un site, d\u2019am\u00e9liorer leur confort de navigation et de perfectionner la s\u00e9curit\u00e9 des pages internet.<\/p>\n<p>Les cookies retiennent notamment votre adresse IP, qui est n\u00e9cessaire pour la navigation sur internet. Une adresse IP est un num\u00e9ro attribu\u00e9 automatiquement \u00e0 votre ordinateur lors de chaque session de navigation sur Internet. Ces cookies ne recherchent aucune information personnelle vous concernant. Ils ne nous fournissent aucun moyen de vous contacter. En aucun cas ils n\u2019extraient des informations de votre ordinateur. Par l\u2019utilisation du site internet, vous marquez votre accord avec l\u2019utilisation et l\u2019enregistrement de certains cookies indispensables sur votre ordinateur ou appareil mobile. Pour l\u2019installation de cookies non indispensables, votre autorisation est demand\u00e9e \u00e0 l\u2019ouverture du site Internet.<\/p>\n<p>Quels cookies utilise notre site internet ?<\/p>\n<p>Cookies fonctionnels strictement essentiels. Ces cookies sont n\u00e9cessaires au bon fonctionnement et \u00e0 la s\u00e9curit\u00e9 du site internet. Ils permettent de naviguer et visiter le site internet et utiliser certaines parties de celui-ci. Ils permettent \u00e9galement de vous fournir les services demand\u00e9s. Ces cookies permettent entre autre :<\/p>\n<p>-De naviguer entre les diff\u00e9rentes rubriques du site Internet et de revenir aux pages pr\u00e9c\u00e9dentes ;<\/p>\n<p>-D\u2019enregistrer la langue afin de vous fournir du contenu dans la m\u00eame langue lorsque vous naviguez sur diff\u00e9rentes pages du site internet ;<\/p>\n<p>-Durant le processus de r\u00e9servation en ligne, notamment pour m\u00e9moriser et traiter les articles dans le panier d\u2019achat, et collecter les informations communiqu\u00e9es dans les formulaires en ligne ;<\/p>\n<p>-De compl\u00e9ter des formulaires.<\/p>\n<p>Ces cookies ne relient pas les adresses IP aux informations personnelles qui vous concernent. Aucun usage de ces cookies n\u2019est fait en dehors de la navigation sur le site internet. Ces cookies sont n\u00e9cessaires et toujours requis. Ils ne sont conserv\u00e9s que pendant la dur\u00e9e de navigation sur le site internet.<\/p>\n<p>Cookies de pr\u00e9f\u00e9rences. Ces cookies sont utilis\u00e9s pour faciliter et analyser le fonctionnement de notre site internet et \u00e0 rendre l\u2019utilisation plus agr\u00e9able et personnalis\u00e9e, notamment en :<\/p>\n<p>-retenant vos pr\u00e9f\u00e9rences de langues et de devises ;<\/p>\n<p>-sauvegardant les pr\u00e9f\u00e9rences d\u2019utilisation pour les visites futures.<\/p>\n<p>Vous avez le choix d\u2019accepter ou de refuser l\u2019utilisation de ces cookies.<\/p>\n<p>Cookies de statistiques. Ces cookies permettent\u00a0 de mesurer l\u2019audience et de cr\u00e9er des statistiques de visites sur le site internet en compilant les donn\u00e9es agr\u00e9g\u00e9es sur le trafic de notre site internet et\u00a0 l\u2019interaction avec celui-ci, afin d\u2019am\u00e9liorer la navigation sur le site internet, en analysant le nombre de visites et le temps pass\u00e9 sur notre site internet.<\/p>\n<p>Vous avez le choix d\u2019accepter ou de refuser l\u2019utilisation de ces cookies.<\/p>\n<p>Cookies de marketing. Ces cookies permettent d\u2019afficher des messages de marketing cibl\u00e9s. Ces cookies sont :<\/p>\n<p>-En partie plac\u00e9s par le pr\u00e9sent site internet ;<\/p>\n<p>-En partie plac\u00e9s par des tiers (plac\u00e9 par un autre domaine et pas le pr\u00e9sent site internet), propres aux services audiovisuels, aux m\u00e9dias sociaux ou aux publicit\u00e9s accessibles sur notre site internet.<\/p>\n<p>JMKARTING ne contr\u00f4le pas ces cookies tiers.<\/p>\n<p>Vous avez le choix d\u2019accepter ou de refuser l\u2019utilisation de ces cookies.<\/p>\n<p>Vos pr\u00e9f\u00e9rences en mati\u00e8re de cookies. Si vous ne souhaitez pas que des cookies soient stock\u00e9s dans votre ordinateur, vous avez la possibilit\u00e9 de refuser ou de bloquer l\u2019installation des tous ou certains cookies :<\/p>\n<p>-En pr\u00e9cisant vos choix lors de l\u2019acc\u00e8s au site internet dans le pop-up RGPD \u2013 Utilisation des cookies ;<\/p>\n<p>-En modifiant les param\u00e8tres de votre navigateur. La mani\u00e8re d\u2019activer ou non les cookies et de les supprimer d\u00e9pend de votre appareil et de votre navigateur internet.<\/p>\n<p>Sachez que, dans ce cas, vous risquez de r\u00e9duire votre confort de navigation et de vous voir refuser l\u2019acc\u00e8s \u00e0 certaines pages d\u2019un site Internet.<\/p>\n<p>Attention : bloquer l\u2019installation de cookies sur votre ordinateur ne permet pas de supprimer toutes les publicit\u00e9s des sites Internet visit\u00e9s. Votre refus d\u2019accepter ces cookies emp\u00eachera uniquement la personnalisation de ces annonces en fonction de vos centres d\u2019int\u00e9r\u00eat, ceux-ci \u00e9tant d\u00e9termin\u00e9s sur la base de votre comportement sur Internet.<\/p>\n<p>Plus d\u2019information. Pour de plus amples d\u00e9tails sur le fonctionnement des cookies et la mani\u00e8re de les contr\u00f4ler, consultez le site http:\/\/www.allaboutcookies.org\/ ou www.youronlinechoices.com.<\/p>\n","protected":false},"excerpt":{"rendered":"<p>Protection de la vie priv\u00e9e de nos clients JMKARTING est responsable de la protection des donn\u00e9es \u00e0 caract\u00e8re personnel de ses clients et les prot\u00e8ge conform\u00e9ment au R\u00e8glement (UE) 2016\/679 du Parlement europ\u00e9en et du Conseil du 27 avril 2016 relatif \u00e0 la protection des personnes physiques \u00e0 l\u2019\u00e9gard du traitement des donn\u00e9es \u00e0 caract\u00e8re [&hellip;]<\/p>\n","protected":false},"author":1,"featured_media":8974,"parent":0,"menu_order":0,"comment_status":"closed","ping_status":"closed","template":"","meta":{"footnotes":""},"class_list":["post-12365","page","type-page","status-publish","has-post-thumbnail","hentry"],"acf":[],"yoast_head":"<!-- This site is optimized with the Yoast SEO Premium plugin v21.7 (Yoast SEO v21.7) - https:\/\/yoast.com\/wordpress\/plugins\/seo\/ -->\n<title>Politique vie priv\u00e9e - JMKARTING Li\u00e8ge<\/title>\n<meta name=\"robots\" content=\"index, follow, max-snippet:-1, max-image-preview:large, max-video-preview:-1\" \/>\n<link rel=\"canonical\" href=\"https:\/\/jmkarting.com\/liege\/politique-vie-privee\/\" \/>\n<meta property=\"og:locale\" content=\"fr_FR\" \/>\n<meta property=\"og:type\" content=\"article\" \/>\n<meta property=\"og:title\" content=\"Politique vie priv\u00e9e - JMKARTING Li\u00e8ge\" \/>\n<meta property=\"og:description\" content=\"Protection de la vie priv\u00e9e de nos clients JMKARTING est responsable de la protection des donn\u00e9es \u00e0 caract\u00e8re personnel de ses clients et les prot\u00e8ge conform\u00e9ment au R\u00e8glement (UE) 2016\/679 du Parlement europ\u00e9en et du Conseil du 27 avril 2016 relatif \u00e0 la protection des personnes physiques \u00e0 l\u2019\u00e9gard du traitement des donn\u00e9es \u00e0 caract\u00e8re [&hellip;]\" \/>\n<meta property=\"og:url\" content=\"https:\/\/jmkarting.com\/liege\/politique-vie-privee\/\" \/>\n<meta property=\"og:site_name\" content=\"JMKARTING Li\u00e8ge\" \/>\n<meta property=\"article:modified_time\" content=\"2024-01-12T22:29:48+00:00\" \/>\n<meta name=\"twitter:card\" content=\"summary_large_image\" \/>\n<meta name=\"twitter:label1\" content=\"Dur\u00e9e de lecture estim\u00e9e\" \/>\n\t<meta name=\"twitter:data1\" content=\"12 minutes\" \/>\n<script type=\"application\/ld+json\" class=\"yoast-schema-graph\">{\"@context\":\"https:\/\/schema.org\",\"@graph\":[{\"@type\":\"WebPage\",\"@id\":\"https:\/\/jmkarting.com\/liege\/politique-vie-privee\/\",\"url\":\"https:\/\/jmkarting.com\/liege\/politique-vie-privee\/\",\"name\":\"Politique vie priv\u00e9e - JMKARTING Li\u00e8ge\",\"isPartOf\":{\"@id\":\"https:\/\/jmkarting.com\/liege\/#website\"},\"datePublished\":\"2023-05-15T09:31:58+00:00\",\"dateModified\":\"2024-01-12T22:29:48+00:00\",\"inLanguage\":\"fr-FR\",\"potentialAction\":[{\"@type\":\"ReadAction\",\"target\":[\"https:\/\/jmkarting.com\/liege\/politique-vie-privee\/\"]}]},{\"@type\":\"WebSite\",\"@id\":\"https:\/\/jmkarting.com\/liege\/#website\",\"url\":\"https:\/\/jmkarting.com\/liege\/\",\"name\":\"JMKARTING Li\u00e8ge\",\"description\":\"\",\"publisher\":{\"@id\":\"https:\/\/jmkarting.com\/liege\/#organization\"},\"potentialAction\":[{\"@type\":\"SearchAction\",\"target\":{\"@type\":\"EntryPoint\",\"urlTemplate\":\"https:\/\/jmkarting.com\/liege\/?s={search_term_string}\"},\"query-input\":\"required name=search_term_string\"}],\"inLanguage\":\"fr-FR\"},{\"@type\":\"Organization\",\"@id\":\"https:\/\/jmkarting.com\/liege\/#organization\",\"name\":\"JMKARTING Li\u00e8ge\",\"url\":\"https:\/\/jmkarting.com\/liege\/\",\"logo\":{\"@type\":\"ImageObject\",\"inLanguage\":\"fr-FR\",\"@id\":\"https:\/\/jmkarting.com\/liege\/#\/schema\/logo\/image\/\",\"url\":\"https:\/\/jmkarting.com\/liege\/wp-content\/uploads\/sites\/3\/2023\/04\/logo.svg\",\"contentUrl\":\"https:\/\/jmkarting.com\/liege\/wp-content\/uploads\/sites\/3\/2023\/04\/logo.svg\",\"width\":301,\"height\":209,\"caption\":\"JMKARTING Li\u00e8ge\"},\"image\":{\"@id\":\"https:\/\/jmkarting.com\/liege\/#\/schema\/logo\/image\/\"}}]}<\/script>\n<!-- \/ Yoast SEO Premium plugin. -->","yoast_head_json":{"title":"Politique vie priv\u00e9e - JMKARTING Li\u00e8ge","robots":{"index":"index","follow":"follow","max-snippet":"max-snippet:-1","max-image-preview":"max-image-preview:large","max-video-preview":"max-video-preview:-1"},"canonical":"https:\/\/jmkarting.com\/liege\/politique-vie-privee\/","og_locale":"fr_FR","og_type":"article","og_title":"Politique vie priv\u00e9e - JMKARTING Li\u00e8ge","og_description":"Protection de la vie priv\u00e9e de nos clients JMKARTING est responsable de la protection des donn\u00e9es \u00e0 caract\u00e8re personnel de ses clients et les prot\u00e8ge conform\u00e9ment au R\u00e8glement (UE) 2016\/679 du Parlement europ\u00e9en et du Conseil du 27 avril 2016 relatif \u00e0 la protection des personnes physiques \u00e0 l\u2019\u00e9gard du traitement des donn\u00e9es \u00e0 caract\u00e8re [&hellip;]","og_url":"https:\/\/jmkarting.com\/liege\/politique-vie-privee\/","og_site_name":"JMKARTING Li\u00e8ge","article_modified_time":"2024-01-12T22:29:48+00:00","twitter_card":"summary_large_image","twitter_misc":{"Dur\u00e9e de lecture estim\u00e9e":"12 minutes"},"schema":{"@context":"https:\/\/schema.org","@graph":[{"@type":"WebPage","@id":"https:\/\/jmkarting.com\/liege\/politique-vie-privee\/","url":"https:\/\/jmkarting.com\/liege\/politique-vie-privee\/","name":"Politique vie priv\u00e9e - JMKARTING Li\u00e8ge","isPartOf":{"@id":"https:\/\/jmkarting.com\/liege\/#website"},"datePublished":"2023-05-15T09:31:58+00:00","dateModified":"2024-01-12T22:29:48+00:00","inLanguage":"fr-FR","potentialAction":[{"@type":"ReadAction","target":["https:\/\/jmkarting.com\/liege\/politique-vie-privee\/"]}]},{"@type":"WebSite","@id":"https:\/\/jmkarting.com\/liege\/#website","url":"https:\/\/jmkarting.com\/liege\/","name":"JMKARTING Li\u00e8ge","description":"","publisher":{"@id":"https:\/\/jmkarting.com\/liege\/#organization"},"potentialAction":[{"@type":"SearchAction","target":{"@type":"EntryPoint","urlTemplate":"https:\/\/jmkarting.com\/liege\/?s={search_term_string}"},"query-input":"required name=search_term_string"}],"inLanguage":"fr-FR"},{"@type":"Organization","@id":"https:\/\/jmkarting.com\/liege\/#organization","name":"JMKARTING Li\u00e8ge","url":"https:\/\/jmkarting.com\/liege\/","logo":{"@type":"ImageObject","inLanguage":"fr-FR","@id":"https:\/\/jmkarting.com\/liege\/#\/schema\/logo\/image\/","url":"https:\/\/jmkarting.com\/liege\/wp-content\/uploads\/sites\/3\/2023\/04\/logo.svg","contentUrl":"https:\/\/jmkarting.com\/liege\/wp-content\/uploads\/sites\/3\/2023\/04\/logo.svg","width":301,"height":209,"caption":"JMKARTING Li\u00e8ge"},"image":{"@id":"https:\/\/jmkarting.com\/liege\/#\/schema\/logo\/image\/"}}]}},"_links":{"self":[{"href":"https:\/\/jmkarting.com\/liege\/wp-json\/wp\/v2\/pages\/12365"}],"collection":[{"href":"https:\/\/jmkarting.com\/liege\/wp-json\/wp\/v2\/pages"}],"about":[{"href":"https:\/\/jmkarting.com\/liege\/wp-json\/wp\/v2\/types\/page"}],"author":[{"embeddable":true,"href":"https:\/\/jmkarting.com\/liege\/wp-json\/wp\/v2\/users\/1"}],"replies":[{"embeddable":true,"href":"https:\/\/jmkarting.com\/liege\/wp-json\/wp\/v2\/comments?post=12365"}],"version-history":[{"count":1,"href":"https:\/\/jmkarting.com\/liege\/wp-json\/wp\/v2\/pages\/12365\/revisions"}],"predecessor-version":[{"id":13173,"href":"https:\/\/jmkarting.com\/liege\/wp-json\/wp\/v2\/pages\/12365\/revisions\/13173"}],"wp:featuredmedia":[{"embeddable":true,"href":"https:\/\/jmkarting.com\/liege\/wp-json\/"}],"wp:attachment":[{"href":"https:\/\/jmkarting.com\/liege\/wp-json\/wp\/v2\/media?parent=12365"}],"curies":[{"name":"wp","href":"https:\/\/api.w.org\/{rel}","templated":true}]}}