{"id":12384,"date":"2023-06-20T14:33:53","date_gmt":"2023-06-20T12:33:53","guid":{"rendered":"https:\/\/jmkarting.com\/namur\/?page_id=12384"},"modified":"2023-12-27T15:03:02","modified_gmt":"2023-12-27T14:03:02","slug":"demande-dinfos-endurances","status":"publish","type":"page","link":"https:\/\/jmkarting.com\/liege\/demande-dinfos-endurances\/","title":{"rendered":"Demande d&rsquo;infos endurances"},"content":{"rendered":"<div class=\"frm_forms  with_frm_style frm_style_style-formidable-2\" id=\"frm_form_6_container\" >\n<form enctype=\"multipart\/form-data\" method=\"post\" class=\"frm-show-form \" id=\"form_q5xk0h\"  >\n<div class=\"frm_form_fields \">\n<fieldset>\n\r\n<div class=\"frm_fields_container\">\n<input type=\"hidden\" name=\"frm_action\" value=\"create\" \/>\n<input type=\"hidden\" name=\"form_id\" value=\"6\" \/>\n<input type=\"hidden\" name=\"frm_hide_fields_6\" id=\"frm_hide_fields_6\" value=\"\" \/>\n<input type=\"hidden\" name=\"form_key\" value=\"q5xk0h\" \/>\n<input type=\"hidden\" name=\"item_meta[0]\" value=\"\" \/>\n<input type=\"hidden\" id=\"frm_submit_entry_6\" name=\"frm_submit_entry_6\" value=\"ecd9aaf415\" \/><input type=\"hidden\" name=\"_wp_http_referer\" value=\"\/liege\/wp-json\/wp\/v2\/pages\/12384\" \/><h3>Responsable du groupe \/ contact<\/h3>\r\n<div id=\"frm_field_50_container\" class=\"frm_form_field form-field  frm_required_field frm_top_container\">\r\n    <label for=\"field_3325z2\" class=\"frm_primary_label\">Nom\r\n        <span class=\"frm_required\">*<\/span>\r\n    <\/label>\r\n    <input type=\"text\" id=\"field_3325z2\" name=\"item_meta[50]\" value=\"\"  data-reqmsg=\"Ce champs ne peut pas \u00eatre vide !\" aria-required=\"true\" data-invmsg=\"Nom est non valide\" aria-invalid=\"false\"  \/>\r\n    \r\n    \r\n<\/div>\n<div id=\"frm_field_51_container\" class=\"frm_form_field form-field  frm_required_field frm_top_container\">\r\n    <label for=\"field_y5ox7h\" class=\"frm_primary_label\">Pr\u00e9nom\r\n        <span class=\"frm_required\">*<\/span>\r\n    <\/label>\r\n    <input type=\"text\" id=\"field_y5ox7h\" name=\"item_meta[51]\" value=\"\"  data-reqmsg=\"Ce champs ne peut pas \u00eatre vide !\" aria-required=\"true\" data-invmsg=\"Pr\u00e9nom est non valide\" aria-invalid=\"false\"  \/>\r\n    \r\n    \r\n<\/div>\n<div id=\"frm_field_52_container\" class=\"frm_form_field form-field  frm_required_field frm_top_container\">\r\n    <label for=\"field_auvcz9\" class=\"frm_primary_label\">T\u00e9l\u00e9phone\r\n        <span class=\"frm_required\">*<\/span>\r\n    <\/label>\r\n    <input type=\"text\" id=\"field_auvcz9\" name=\"item_meta[52]\" value=\"\"  data-reqmsg=\"Ce champs ne peut pas \u00eatre vide !\" aria-required=\"true\" data-invmsg=\"T\u00e9l\u00e9phone est non valide\" aria-invalid=\"false\"  \/>\r\n    \r\n    \r\n<\/div>\n<div id=\"frm_field_53_container\" class=\"frm_form_field form-field  frm_required_field frm_top_container\">\r\n    <label for=\"field_4qedc0\" class=\"frm_primary_label\">E-mail\r\n        <span class=\"frm_required\">*<\/span>\r\n    <\/label>\r\n    <input type=\"text\" id=\"field_4qedc0\" name=\"item_meta[53]\" value=\"\"  data-reqmsg=\"Ce champs ne peut pas \u00eatre vide !\" aria-required=\"true\" data-invmsg=\"E-mail est non valide\" aria-invalid=\"false\"  \/>\r\n    \r\n    \r\n<\/div>\n<h3>D\u00e9tails de la r\u00e9servation<\/h3>\r\n<div id=\"frm_field_136_container\" class=\"frm_form_field form-field  frm_required_field frm_top_container vertical_radio\">\r\n    <label  class=\"frm_primary_label\">Lieu\r\n        <span class=\"frm_required\">*<\/span>\r\n    <\/label>\r\n    <div class=\"frm_opt_container\">\t\t<div class=\"frm_checkbox\" id=\"frm_checkbox_136-0\"><label for=\"field_ay0uka-0\"><input type=\"checkbox\" name=\"item_meta[136][]\" id=\"field_ay0uka-0\" value=\"JMK Namur\"  data-reqmsg=\"Ce champs ne peut pas \u00eatre vide !\" aria-required=\"true\" data-invmsg=\"Lieu est non valide\" aria-invalid=\"false\"   \/> JMK Namur<\/label><\/div>\n\t\t<div class=\"frm_checkbox\" id=\"frm_checkbox_136-1\"><label for=\"field_ay0uka-1\"><input type=\"checkbox\" name=\"item_meta[136][]\" id=\"field_ay0uka-1\" value=\"JMK Li\u00e8ge\"  data-reqmsg=\"Ce champs ne peut pas \u00eatre vide !\" aria-required=\"true\" data-invmsg=\"Lieu est non valide\" aria-invalid=\"false\"   \/> JMK Li\u00e8ge<\/label><\/div>\n<\/div>\r\n    \r\n    \r\n<\/div>\n<div id=\"frm_field_55_container\" class=\"frm_form_field form-field  frm_top_container\">\r\n    <label for=\"field_gn0srd\" class=\"frm_primary_label\">Date souhait\u00e9e ( jj\/mm\/aa)\r\n        <span class=\"frm_required\"><\/span>\r\n    <\/label>\r\n    <input type=\"text\" id=\"field_gn0srd\" name=\"item_meta[55]\" value=\"\"  data-invmsg=\"Date souhait\u00e9e ( jj\/mm\/aa) est non valide\" aria-invalid=\"false\"  \/>\r\n    \r\n    \r\n<\/div>\n<div id=\"frm_field_56_container\" class=\"frm_form_field form-field  frm_top_container\">\r\n    <label for=\"field_7s761w\" class=\"frm_primary_label\">Heure d'arriv\u00e9e\r\n        <span class=\"frm_required\"><\/span>\r\n    <\/label>\r\n    <input type=\"text\" id=\"field_7s761w\" name=\"item_meta[56]\" value=\"\"  data-invmsg=\"Heure d&#039;arriv\u00e9e est non valide\" aria-invalid=\"false\"  \/>\r\n    \r\n    \r\n<\/div>\n<div id=\"frm_field_57_container\" class=\"frm_form_field form-field  frm_top_container\">\r\n    <label for=\"field_c35kko\" class=\"frm_primary_label\">Dur\u00e9e des essais\r\n        <span class=\"frm_required\"><\/span>\r\n    <\/label>\r\n    <input type=\"text\" id=\"field_c35kko\" name=\"item_meta[57]\" value=\"\"  data-invmsg=\"Dur\u00e9e des essais est non valide\" aria-invalid=\"false\"  \/>\r\n    \r\n    \r\n<\/div>\n<div id=\"frm_field_58_container\" class=\"frm_form_field form-field  frm_top_container\">\r\n    <label for=\"field_itxfhj\" class=\"frm_primary_label\">Dur\u00e9e de la course\r\n        <span class=\"frm_required\"><\/span>\r\n    <\/label>\r\n    <input type=\"text\" id=\"field_itxfhj\" name=\"item_meta[58]\" value=\"\"  data-invmsg=\"Dur\u00e9e de la course est non valide\" aria-invalid=\"false\"  \/>\r\n    \r\n    \r\n<\/div>\n<div id=\"frm_field_59_container\" class=\"frm_form_field form-field  frm_top_container vertical_radio\">\r\n    <label  class=\"frm_primary_label\">Restauration\r\n        <span class=\"frm_required\"><\/span>\r\n    <\/label>\r\n    <div class=\"frm_opt_container\">\t\t<div class=\"frm_checkbox\" id=\"frm_checkbox_59-0\"><label for=\"field_9l5wv7-0\"><input type=\"checkbox\" name=\"item_meta[59][]\" id=\"field_9l5wv7-0\" value=\"Je souhaite des renseignements sur les possibilit\u00e9s de repas\"  data-invmsg=\"Restauration est non valide\" aria-invalid=\"false\"   \/> Je souhaite des renseignements sur les possibilit\u00e9s de repas<\/label><\/div>\n\t\t<div class=\"frm_checkbox\" id=\"frm_checkbox_59-1\"><label for=\"field_9l5wv7-1\"><input type=\"checkbox\" name=\"item_meta[59][]\" id=\"field_9l5wv7-1\" value=\"Pas de restauration\"  data-invmsg=\"Restauration est non valide\" aria-invalid=\"false\"   \/> Pas de restauration<\/label><\/div>\n<\/div>\r\n    \r\n    \r\n<\/div>\n<div id=\"frm_field_60_container\" class=\"frm_form_field form-field  frm_top_container\">\r\n    <label for=\"field_ruyjkx\" class=\"frm_primary_label\">Commentaires\r\n        <span class=\"frm_required\"><\/span>\r\n    <\/label>\r\n    <textarea name=\"item_meta[60]\" id=\"field_ruyjkx\" rows=\"5\"  data-invmsg=\"Commentaires est non valide\" aria-invalid=\"false\"  ><\/textarea>\r\n    \r\n    \r\n<\/div>\n\t<input type=\"hidden\" name=\"item_key\" value=\"\" \/>\n\t\t\t\t<div class=\"frm_verify\" aria-hidden=\"true\">\n\t\t\t\t<label for=\"frm_email_6\">\n\t\t\t\t\tSi vous \u00eates un humain, ne remplissez pas ce champ.\t\t\t\t<\/label>\n\t\t\t\t<input type=\"text\" class=\"frm_verify\" id=\"frm_email_6\" name=\"frm_verify\" value=\"\"  \/>\n\t\t\t<\/div>\n\t\t<div class=\"frm_submit\">\r\n\r\n<input type=\"submit\" value=\"Envoyer\"  \/>\r\n<img decoding=\"async\" class=\"frm_ajax_loading\" src=\"https:\/\/jmkarting.com\/liege\/wp-content\/plugins\/formidable\/images\/ajax_loader.gif\" alt=\"Envoi\" style=\"visibility:hidden;\" \/>\r\n\r\n<\/div><\/div>\n<\/fieldset>\n<\/div>\n<\/form>\n<\/div>\n\n","protected":false},"excerpt":{"rendered":"Responsable du groupe \/ contact Nom * Pr\u00e9nom * T\u00e9l\u00e9phone * E-mail * D\u00e9tails de la r\u00e9servation Lieu * JMK Namur JMK Li\u00e8ge Date souhait\u00e9e ( jj\/mm\/aa) Heure d'arriv\u00e9e Dur\u00e9e des essais Dur\u00e9e de la course Restauration Je souhaite des renseignements sur les possibilit\u00e9s de repas Pas de restauration Commentaires Si vous \u00eates un humain, [...]","protected":false},"author":1,"featured_media":8950,"parent":0,"menu_order":0,"comment_status":"closed","ping_status":"closed","template":"","meta":{"footnotes":""},"class_list":["post-12384","page","type-page","status-publish","has-post-thumbnail","hentry"],"acf":[],"yoast_head":"<!-- This site is optimized with the Yoast SEO Premium plugin v21.7 (Yoast SEO v21.7) - https:\/\/yoast.com\/wordpress\/plugins\/seo\/ -->\n<title>Demande d&#039;infos endurances - JMKARTING Li\u00e8ge<\/title>\n<meta name=\"robots\" content=\"index, follow, max-snippet:-1, max-image-preview:large, max-video-preview:-1\" \/>\n<link rel=\"canonical\" href=\"https:\/\/jmkarting.com\/liege\/demande-dinfos-endurances\/\" \/>\n<meta property=\"og:locale\" content=\"fr_FR\" \/>\n<meta property=\"og:type\" content=\"article\" \/>\n<meta property=\"og:title\" content=\"Demande d&#039;infos endurances - JMKARTING Li\u00e8ge\" \/>\n<meta property=\"og:url\" content=\"https:\/\/jmkarting.com\/liege\/demande-dinfos-endurances\/\" \/>\n<meta property=\"og:site_name\" content=\"JMKARTING Li\u00e8ge\" \/>\n<meta property=\"article:modified_time\" content=\"2023-12-27T14:03:02+00:00\" \/>\n<meta property=\"og:image\" content=\"https:\/\/jmkarting.com\/liege\/wp-content\/uploads\/sites\/3\/2023\/06\/20230419TL_Kingsize-JMKARTING_331.jpg\" \/>\n\t<meta property=\"og:image:width\" content=\"2048\" \/>\n\t<meta property=\"og:image:height\" content=\"1365\" \/>\n\t<meta property=\"og:image:type\" content=\"image\/jpeg\" \/>\n<meta name=\"twitter:card\" content=\"summary_large_image\" \/>\n<script type=\"application\/ld+json\" class=\"yoast-schema-graph\">{\"@context\":\"https:\/\/schema.org\",\"@graph\":[{\"@type\":\"WebPage\",\"@id\":\"https:\/\/jmkarting.com\/liege\/demande-dinfos-endurances\/\",\"url\":\"https:\/\/jmkarting.com\/liege\/demande-dinfos-endurances\/\",\"name\":\"Demande d'infos endurances - JMKARTING Li\u00e8ge\",\"isPartOf\":{\"@id\":\"https:\/\/jmkarting.com\/liege\/#website\"},\"datePublished\":\"2023-06-20T12:33:53+00:00\",\"dateModified\":\"2023-12-27T14:03:02+00:00\",\"inLanguage\":\"fr-FR\",\"potentialAction\":[{\"@type\":\"ReadAction\",\"target\":[\"https:\/\/jmkarting.com\/liege\/demande-dinfos-endurances\/\"]}]},{\"@type\":\"WebSite\",\"@id\":\"https:\/\/jmkarting.com\/liege\/#website\",\"url\":\"https:\/\/jmkarting.com\/liege\/\",\"name\":\"JMKARTING Li\u00e8ge\",\"description\":\"\",\"publisher\":{\"@id\":\"https:\/\/jmkarting.com\/liege\/#organization\"},\"potentialAction\":[{\"@type\":\"SearchAction\",\"target\":{\"@type\":\"EntryPoint\",\"urlTemplate\":\"https:\/\/jmkarting.com\/liege\/?s={search_term_string}\"},\"query-input\":\"required name=search_term_string\"}],\"inLanguage\":\"fr-FR\"},{\"@type\":\"Organization\",\"@id\":\"https:\/\/jmkarting.com\/liege\/#organization\",\"name\":\"JMKARTING Li\u00e8ge\",\"url\":\"https:\/\/jmkarting.com\/liege\/\",\"logo\":{\"@type\":\"ImageObject\",\"inLanguage\":\"fr-FR\",\"@id\":\"https:\/\/jmkarting.com\/liege\/#\/schema\/logo\/image\/\",\"url\":\"https:\/\/jmkarting.com\/liege\/wp-content\/uploads\/sites\/3\/2023\/04\/logo.svg\",\"contentUrl\":\"https:\/\/jmkarting.com\/liege\/wp-content\/uploads\/sites\/3\/2023\/04\/logo.svg\",\"width\":301,\"height\":209,\"caption\":\"JMKARTING Li\u00e8ge\"},\"image\":{\"@id\":\"https:\/\/jmkarting.com\/liege\/#\/schema\/logo\/image\/\"}}]}<\/script>\n<!-- \/ Yoast SEO Premium plugin. -->","yoast_head_json":{"title":"Demande d'infos endurances - JMKARTING Li\u00e8ge","robots":{"index":"index","follow":"follow","max-snippet":"max-snippet:-1","max-image-preview":"max-image-preview:large","max-video-preview":"max-video-preview:-1"},"canonical":"https:\/\/jmkarting.com\/liege\/demande-dinfos-endurances\/","og_locale":"fr_FR","og_type":"article","og_title":"Demande d'infos endurances - JMKARTING Li\u00e8ge","og_url":"https:\/\/jmkarting.com\/liege\/demande-dinfos-endurances\/","og_site_name":"JMKARTING Li\u00e8ge","article_modified_time":"2023-12-27T14:03:02+00:00","og_image":[{"width":2048,"height":1365,"url":"https:\/\/jmkarting.com\/liege\/wp-content\/uploads\/sites\/3\/2023\/06\/20230419TL_Kingsize-JMKARTING_331.jpg","type":"image\/jpeg"}],"twitter_card":"summary_large_image","schema":{"@context":"https:\/\/schema.org","@graph":[{"@type":"WebPage","@id":"https:\/\/jmkarting.com\/liege\/demande-dinfos-endurances\/","url":"https:\/\/jmkarting.com\/liege\/demande-dinfos-endurances\/","name":"Demande d'infos endurances - JMKARTING Li\u00e8ge","isPartOf":{"@id":"https:\/\/jmkarting.com\/liege\/#website"},"datePublished":"2023-06-20T12:33:53+00:00","dateModified":"2023-12-27T14:03:02+00:00","inLanguage":"fr-FR","potentialAction":[{"@type":"ReadAction","target":["https:\/\/jmkarting.com\/liege\/demande-dinfos-endurances\/"]}]},{"@type":"WebSite","@id":"https:\/\/jmkarting.com\/liege\/#website","url":"https:\/\/jmkarting.com\/liege\/","name":"JMKARTING Li\u00e8ge","description":"","publisher":{"@id":"https:\/\/jmkarting.com\/liege\/#organization"},"potentialAction":[{"@type":"SearchAction","target":{"@type":"EntryPoint","urlTemplate":"https:\/\/jmkarting.com\/liege\/?s={search_term_string}"},"query-input":"required name=search_term_string"}],"inLanguage":"fr-FR"},{"@type":"Organization","@id":"https:\/\/jmkarting.com\/liege\/#organization","name":"JMKARTING Li\u00e8ge","url":"https:\/\/jmkarting.com\/liege\/","logo":{"@type":"ImageObject","inLanguage":"fr-FR","@id":"https:\/\/jmkarting.com\/liege\/#\/schema\/logo\/image\/","url":"https:\/\/jmkarting.com\/liege\/wp-content\/uploads\/sites\/3\/2023\/04\/logo.svg","contentUrl":"https:\/\/jmkarting.com\/liege\/wp-content\/uploads\/sites\/3\/2023\/04\/logo.svg","width":301,"height":209,"caption":"JMKARTING Li\u00e8ge"},"image":{"@id":"https:\/\/jmkarting.com\/liege\/#\/schema\/logo\/image\/"}}]}},"_links":{"self":[{"href":"https:\/\/jmkarting.com\/liege\/wp-json\/wp\/v2\/pages\/12384"}],"collection":[{"href":"https:\/\/jmkarting.com\/liege\/wp-json\/wp\/v2\/pages"}],"about":[{"href":"https:\/\/jmkarting.com\/liege\/wp-json\/wp\/v2\/types\/page"}],"author":[{"embeddable":true,"href":"https:\/\/jmkarting.com\/liege\/wp-json\/wp\/v2\/users\/1"}],"replies":[{"embeddable":true,"href":"https:\/\/jmkarting.com\/liege\/wp-json\/wp\/v2\/comments?post=12384"}],"version-history":[{"count":2,"href":"https:\/\/jmkarting.com\/liege\/wp-json\/wp\/v2\/pages\/12384\/revisions"}],"predecessor-version":[{"id":12859,"href":"https:\/\/jmkarting.com\/liege\/wp-json\/wp\/v2\/pages\/12384\/revisions\/12859"}],"wp:featuredmedia":[{"embeddable":true,"href":"https:\/\/jmkarting.com\/liege\/wp-json\/wp\/v2\/media\/8950"}],"wp:attachment":[{"href":"https:\/\/jmkarting.com\/liege\/wp-json\/wp\/v2\/media?parent=12384"}],"curies":[{"name":"wp","href":"https:\/\/api.w.org\/{rel}","templated":true}]}}