{"id":12398,"date":"2023-10-17T10:59:43","date_gmt":"2023-10-17T08:59:43","guid":{"rendered":"https:\/\/jmkarting.com\/namur\/?page_id=12398"},"modified":"2026-04-15T16:59:06","modified_gmt":"2026-04-15T14:59:06","slug":"horaires-contact","status":"publish","type":"page","link":"https:\/\/jmkarting.com\/liege\/horaires-contact\/","title":{"rendered":"Horaires &#038; Contact"},"content":{"rendered":"<section class=\"wpb-content-wrapper\"><p>[vc_row][vc_column][vc_column_text]<\/p>\n<h2>Localisation<\/h2>\n<p>[\/vc_column_text][vc_column_text]Rue Churchill 26<br \/>\n4624 LIEGE (Fl\u00e9ron \/ Roms\u00e9e)<br \/>\nBelgique[\/vc_column_text][vc_row_inner][vc_column_inner width=\u00a0\u00bb1\/3&Prime;][vc_btn title=\u00a0\u00bbItin\u00e9raire\u00a0\u00bb style=\u00a0\u00bboutline-custom\u00a0\u00bb outline_custom_color=\u00a0\u00bb#ff490d\u00a0\u00bb outline_custom_hover_background=\u00a0\u00bb#ff490d\u00a0\u00bb outline_custom_hover_text=\u00a0\u00bb#ffffff\u00a0\u00bb shape=\u00a0\u00bbround\u00a0\u00bb size=\u00a0\u00bblg\u00a0\u00bb link=\u00a0\u00bburl:https%3A%2F%2Fmaps.app.goo.gl%2FT4ZAKmdDHPUTjPRv9|target:_blank\u00a0\u00bb][\/vc_column_inner][vc_column_inner width=\u00a0\u00bb1\/3&Prime;][\/vc_column_inner][vc_column_inner width=\u00a0\u00bb1\/3&Prime;][\/vc_column_inner][\/vc_row_inner][vc_column_text]<span style=\"color: #ff490d;\"><strong>GPS : 50.6146138,5.6571758<\/strong><\/span>[\/vc_column_text][vc_column_text][\/vc_column_text][vc_row_inner][vc_column_inner][vc_column_text]<\/p>\n<div class=\"wpb_text_column wpb_content_element \">\n<div class=\"wpb_wrapper\">\n<h3>En venant de\u00a0Li\u00e8ge<\/h3>\n<p>Prendre les quais en direction de Maastricht, sortir au pont d\u2019Amercoeur et prendre \u00e0 droite (rue d\u2019Amercoeur), direction Grivegn\u00e9e \u2013 Fl\u00e9ron (N3).<br \/>\nPasser Grivegn\u00e9e et Beyne-Heusay ; en arrivant \u00e0 Roms\u00e9e \u2013 Fl\u00e9ron, prendre \u00e0 droite au feu rouge (Rue de l\u2019H\u00f4pital).<br \/>\nPasser le carrefour tout droit, et au T, tourner \u00e0 gauche, faire \u00b1 500 m\u00e8tres, l\u2019entr\u00e9e du Zoning de W\u00e9rister se trouve sur votre gauche.<\/p>\n<\/div>\n<\/div>\n<div class=\"wpb_text_column wpb_content_element \">\n<div class=\"wpb_wrapper\">\n<h3>En venant de\u00a0Verviers<\/h3>\n<p>Prendre la N3 direction Herve \u2013 Micheroux \u2013 Soumagne en direction de Fl\u00e9ron.<br \/>\nAu rond-point de Fl\u00e9ron (Bay-Bonnet), continuer tout droit sur la N3, direction Li\u00e8ge.<br \/>\nAu feu rouge, prendre \u00e0 gauche (Rue de l\u2019H\u00f4pital). Passer le carrefour tout droit, et au T, tourner \u00e0 gauche, faire \u00b1 500 m\u00e8tres, l\u2019entr\u00e9e du Zoning de W\u00e9rister se trouve sur votre gauche.<\/p>\n<\/div>\n<\/div>\n<div class=\"wpb_text_column wpb_content_element \">\n<div class=\"wpb_wrapper\">\n<h3>En venant\u00a0de Namur (Autoroute E 42) ou en venant de Bruxelles (Autoroute E 40)<\/h3>\n<p>Suivre la direction de l\u2019autoroute E 40-A3 en direction de Verviers \u2013 Aachen.<br \/>\nSortie n\u00b037 ( HERVE \u2013 FLERON ) ; prendre \u00e0 gauche sur la N3 en direction de Micheroux \u2013 Fl\u00e9ron.<br \/>\nAu rond-point de Fl\u00e9ron (Bay-Bonnet), continuer tout droit sur la N3, direction Li\u00e8ge. Au feu rouge, prendre \u00e0 gauche (Rue de l\u2019H\u00f4pital).<br \/>\nPasser le carrefour tout droit, et au T, tourner \u00e0 gauche, faire \u00b1 500 m\u00e8tres, l\u2019entr\u00e9e du Zoning de W\u00e9rister se trouve sur votre gauche.<\/p>\n<\/div>\n<\/div>\n<p>[\/vc_column_text][\/vc_column_inner][\/vc_row_inner][\/vc_column][\/vc_row][vc_row][vc_column][vc_column_text]<\/p>\n<h2>Contactez-nous<\/h2>\n<p>[\/vc_column_text][vc_row_inner][vc_column_inner][vc_column_text]<\/p>\n<h3>Pour r\u00e9server (Location par 1\/4h) :<span style=\"color: #ff490d;\"> +32 (0)4 344 44 00<\/span><\/h3>\n<p><em>Rappels : R\u00e9servations souhait\u00e9es \/ Carte d&rsquo;identit\u00e9 exig\u00e9e \/ Taille minimale 1m55<\/em>[\/vc_column_text][\/vc_column_inner][\/vc_row_inner][\/vc_column][\/vc_row][vc_row][vc_column][vc_column_text]<\/p>\n<h2>Heures d&rsquo;ouverture<\/h2>\n<p>[\/vc_column_text][vc_row_inner][vc_column_inner][vc_column_text]<span style=\"color: #fa3d02;\">Du Lundi au Jeudi<\/span>\u00a0\u2013 De 18h00 \u00e0 23h00<br \/>\n<span style=\"color: #fa3d02;\">Vendredi<\/span>\u00a0\u2013 De 18h00 \u00e0 24h30<br \/>\n<span style=\"color: #fa3d02;\">Samedi<\/span> \u2013 De 11h00 \u00e0 24h30<br \/>\n<span style=\"color: #fa3d02;\">Dimanche<\/span>\u00a0\u2013 De 14h00 \u00e0 22h00<\/p>\n<p><span style=\"color: #fa3d02;\">Jours f\u00e9ri\u00e9s (en semaine)<\/span>\u00a0\u2013 A partir de 14h00<br \/>\n<span style=\"color: #fa3d02;\">Cong\u00e9s scolaires (en semaine)<\/span> \u2013 A partir de 16h00<\/p>\n<h4><span style=\"color: #fa3d02;\">JMK LIEGE<\/span> : Ferm\u00e9 du 13 avril au 07 juin 2026<br \/>\nDes travaux importants de r\u00e9novation compl\u00e8te de notre piste de <span style=\"color: #fa3d02;\">LIEGE Fl\u00e9ron<\/span> sont r\u00e9alis\u00e9s \u00e0 partir du 13\/04\/2026 (<span style=\"color: #fa3d02;\">100% NEW TRACK<\/span>).<br \/>\nFermeture de notre \u00e9tablissement li\u00e9geois pr\u00e9vue entre le 13\/04 et le 07\/06 (date de reprise \u00e0 confirmer) + UNE TOUTE <span style=\"color: #fa3d02;\">NOUVELLE FLOTTE DE KARTS<\/span> pr\u00e9vue d\u00e8s notre reprise !<\/h4>\n<p><em>Pour information, notre piste de <strong>NAMUR Floreffe<\/strong> reste accessible et vous accueille pendant la dur\u00e9e de ces travaux !<\/em>[\/vc_column_text][\/vc_column_inner][\/vc_row_inner][vc_separator style=\u00a0\u00bbdotted\u00a0\u00bb][vc_row_inner equal_height=\u00a0\u00bbyes\u00a0\u00bb content_placement=\u00a0\u00bbmiddle\u00a0\u00bb][vc_column_inner width=\u00a0\u00bb1\/12&Prime;][vc_icon icon_fontawesome=\u00a0\u00bbfa fa-exclamation-circle\u00a0\u00bb color=\u00a0\u00bbcustom\u00a0\u00bb align=\u00a0\u00bbright\u00a0\u00bb custom_color=\u00a0\u00bb#ff490d\u00a0\u00bb][\/vc_column_inner][vc_column_inner width=\u00a0\u00bb11\/12&Prime;][vc_column_text]<\/p>\n<p style=\"text-align: left;\"><span style=\"color: #ff490d;\">R\u00e9servation souhait\u00e9e \/ Carte d&rsquo;identit\u00e9 exig\u00e9e<\/span><\/p>\n<p>[\/vc_column_text][\/vc_column_inner][\/vc_row_inner][vc_separator style=\u00a0\u00bbdotted\u00a0\u00bb][vc_row_inner][vc_column_inner][vc_column_text]<strong>Des infos compl\u00e9mentaires, une demande particuli\u00e8re, \u2026\u00a0? Compl\u00e9tez notre formulaire\u00a0:<\/strong>[\/vc_column_text][vc_column_text]<div class=\"frm_forms \" id=\"frm_form_2_container\" >\n<form enctype=\"multipart\/form-data\" method=\"post\" class=\"frm-show-form \" id=\"form_xbeilx\"  >\n<div class=\"frm_form_fields \">\n<fieldset>\n\r\n<div class=\"frm_fields_container\">\n<input type=\"hidden\" name=\"frm_action\" value=\"create\" \/>\n<input type=\"hidden\" name=\"form_id\" value=\"2\" \/>\n<input type=\"hidden\" name=\"frm_hide_fields_2\" id=\"frm_hide_fields_2\" value=\"\" \/>\n<input type=\"hidden\" name=\"form_key\" value=\"xbeilx\" \/>\n<input type=\"hidden\" name=\"item_meta[0]\" value=\"\" \/>\n<input type=\"hidden\" id=\"frm_submit_entry_2\" name=\"frm_submit_entry_2\" value=\"e23e2c7189\" \/><input type=\"hidden\" name=\"_wp_http_referer\" value=\"\/liege\/wp-json\/wp\/v2\/pages\/12398\" \/><div id=\"frm_field_6_container\" class=\"frm_form_field form-field  frm_required_field frm_top_container form-group\">\r\n    <label for=\"field_5h7hgu\" class=\"frm_primary_label\">Nom\r\n        <span class=\"frm_required\">*<\/span>\r\n    <\/label>\r\n    <input type=\"text\" id=\"field_5h7hgu\" name=\"item_meta[6]\" value=\"\"  data-reqmsg=\"Indiquez votre nom\" aria-required=\"true\" data-invmsg=\"Nom est non valide\" aria-invalid=\"false\"  \/>\r\n    \r\n    \r\n<\/div>\n<div id=\"frm_field_7_container\" class=\"frm_form_field form-field  frm_required_field frm_top_container form-group\">\r\n    <label for=\"field_ssk2dx\" class=\"frm_primary_label\">Pr\u00e9nom\r\n        <span class=\"frm_required\">*<\/span>\r\n    <\/label>\r\n    <input type=\"text\" id=\"field_ssk2dx\" name=\"item_meta[7]\" value=\"\"  data-reqmsg=\"Indiquez votre pr\u00e9nom\" aria-required=\"true\" data-invmsg=\"Pr\u00e9nom est non valide\" aria-invalid=\"false\"  \/>\r\n    \r\n    \r\n<\/div>\n<div id=\"frm_field_8_container\" class=\"frm_form_field form-field  frm_required_field frm_top_container form-group\">\r\n    <label for=\"field_a4ocmt\" class=\"frm_primary_label\">T\u00e9l. \/ Gsm\r\n        <span class=\"frm_required\">*<\/span>\r\n    <\/label>\r\n    <input type=\"text\" id=\"field_a4ocmt\" name=\"item_meta[8]\" value=\"\"  data-reqmsg=\"Indiquez votre pr\u00e9nom\" aria-required=\"true\" data-invmsg=\"T\u00e9l. \/ Gsm est non valide\" aria-invalid=\"false\"  \/>\r\n    \r\n    \r\n<\/div>\n<div id=\"frm_field_9_container\" class=\"frm_form_field form-field  frm_required_field frm_top_container form-group\">\r\n    <label for=\"field_1jewhy\" class=\"frm_primary_label\">E-mail\r\n        <span class=\"frm_required\">*<\/span>\r\n    <\/label>\r\n    <input type=\"text\" id=\"field_1jewhy\" name=\"item_meta[9]\" value=\"\"  data-reqmsg=\"indiquez votre e-mail\" aria-required=\"true\" data-invmsg=\"E-mail est non valide\" aria-invalid=\"false\"  \/>\r\n    \r\n    \r\n<\/div>\n<div id=\"frm_field_10_container\" class=\"frm_form_field form-field  frm_required_field frm_top_container form-group\">\r\n    <label for=\"field_lail1e\" class=\"frm_primary_label\">Message\r\n        <span class=\"frm_required\">*<\/span>\r\n    <\/label>\r\n    <textarea name=\"item_meta[10]\" id=\"field_lail1e\" rows=\"5\"  data-reqmsg=\"Indiquez votre message\" aria-required=\"true\" data-invmsg=\"Message est non valide\" aria-invalid=\"false\"  ><\/textarea>\r\n    \r\n    \r\n<\/div>\n<div id=\"frm_field_116_container\" class=\"frm_form_field form-field  frm_top_container vertical_radio\">\r\n    <label  class=\"frm_primary_label\">Concerne\r\n        <span class=\"frm_required\"><\/span>\r\n    <\/label>\r\n    <div class=\"frm_opt_container\">\t\t<div class=\"frm_checkbox\" id=\"frm_checkbox_116-0\"><label for=\"field_oawww6-0\"><input type=\"checkbox\" name=\"item_meta[116][]\" id=\"field_oawww6-0\" value=\"JMK NAMUR\"  data-invmsg=\"Concerne est non valide\" aria-invalid=\"false\"   \/> JMK NAMUR<\/label><\/div>\n\t\t<div class=\"frm_checkbox\" id=\"frm_checkbox_116-1\"><label for=\"field_oawww6-1\"><input type=\"checkbox\" name=\"item_meta[116][]\" id=\"field_oawww6-1\" value=\"JMK LIEGE\"  data-invmsg=\"Concerne est non valide\" aria-invalid=\"false\"   \/> JMK LIEGE<\/label><\/div>\n<\/div>\r\n    \r\n    \r\n<\/div>\n\t<input type=\"hidden\" name=\"item_key\" value=\"\" \/>\n\t\t\t\t<div class=\"frm_verify\" aria-hidden=\"true\">\n\t\t\t\t<label for=\"frm_email_2\">\n\t\t\t\t\tSi vous \u00eates un humain, ne remplissez pas ce champ.\t\t\t\t<\/label>\n\t\t\t\t<input type=\"text\" class=\"frm_verify\" id=\"frm_email_2\" name=\"frm_verify\" value=\"\"  \/>\n\t\t\t<\/div>\n\t\t<div class=\"frm_submit\">\r\n\r\n<input type=\"submit\" value=\"Envoyer\"  \/>\r\n<img decoding=\"async\" class=\"frm_ajax_loading\" src=\"https:\/\/jmkarting.com\/liege\/wp-content\/plugins\/formidable\/images\/ajax_loader.gif\" alt=\"Envoi\" style=\"visibility:hidden;\" \/>\r\n\r\n<\/div><\/div>\n<\/fieldset>\n<\/div>\n<\/form>\n<\/div>\n[\/vc_column_text][\/vc_column_inner][\/vc_row_inner][\/vc_column][\/vc_row]<\/p>\n<\/section>","protected":false},"excerpt":{"rendered":"<p>[vc_row][vc_column][vc_column_text] Localisation [\/vc_column_text][vc_column_text]Rue Churchill 26 4624 LIEGE (Fl\u00e9ron \/ Roms\u00e9e) Belgique[\/vc_column_text][vc_row_inner][vc_column_inner width=\u00a0\u00bb1\/3&Prime;][vc_btn title=\u00a0\u00bbItin\u00e9raire\u00a0\u00bb style=\u00a0\u00bboutline-custom\u00a0\u00bb outline_custom_color=\u00a0\u00bb#ff490d\u00a0\u00bb outline_custom_hover_background=\u00a0\u00bb#ff490d\u00a0\u00bb outline_custom_hover_text=\u00a0\u00bb#ffffff\u00a0\u00bb shape=\u00a0\u00bbround\u00a0\u00bb size=\u00a0\u00bblg\u00a0\u00bb link=\u00a0\u00bburl:https%3A%2F%2Fmaps.app.goo.gl%2FT4ZAKmdDHPUTjPRv9|target:_blank\u00a0\u00bb][\/vc_column_inner][vc_column_inner width=\u00a0\u00bb1\/3&Prime;][\/vc_column_inner][vc_column_inner width=\u00a0\u00bb1\/3&Prime;][\/vc_column_inner][\/vc_row_inner][vc_column_text]GPS : 50.6146138,5.6571758[\/vc_column_text][vc_column_text][\/vc_column_text][vc_row_inner][vc_column_inner][vc_column_text] En venant de\u00a0Li\u00e8ge Prendre les quais en direction de Maastricht, sortir au pont d\u2019Amercoeur et prendre \u00e0 droite (rue d\u2019Amercoeur), direction Grivegn\u00e9e \u2013 Fl\u00e9ron (N3). Passer Grivegn\u00e9e et Beyne-Heusay ; en [&hellip;]<\/p>\n","protected":false},"author":1,"featured_media":8929,"parent":0,"menu_order":0,"comment_status":"closed","ping_status":"closed","template":"","meta":{"footnotes":""},"class_list":["post-12398","page","type-page","status-publish","has-post-thumbnail","hentry"],"acf":[],"yoast_head":"<!-- This site is optimized with the Yoast SEO Premium plugin v21.7 (Yoast SEO v21.7) - https:\/\/yoast.com\/wordpress\/plugins\/seo\/ -->\n<title>Horaires &amp; Contact - JMKARTING Li\u00e8ge<\/title>\n<meta name=\"robots\" content=\"index, follow, max-snippet:-1, max-image-preview:large, max-video-preview:-1\" \/>\n<link rel=\"canonical\" href=\"https:\/\/jmkarting.com\/liege\/horaires-contact\/\" \/>\n<meta property=\"og:locale\" content=\"fr_FR\" \/>\n<meta property=\"og:type\" content=\"article\" \/>\n<meta property=\"og:title\" content=\"Horaires &amp; Contact - JMKARTING Li\u00e8ge\" \/>\n<meta property=\"og:description\" content=\"[vc_row][vc_column][vc_column_text] Localisation [\/vc_column_text][vc_column_text]Rue Churchill 26 4624 LIEGE (Fl\u00e9ron \/ Roms\u00e9e) Belgique[\/vc_column_text][vc_row_inner][vc_column_inner width=\u00a0\u00bb1\/3&Prime;][vc_btn title=\u00a0\u00bbItin\u00e9raire\u00a0\u00bb style=\u00a0\u00bboutline-custom\u00a0\u00bb outline_custom_color=\u00a0\u00bb#ff490d\u00a0\u00bb outline_custom_hover_background=\u00a0\u00bb#ff490d\u00a0\u00bb outline_custom_hover_text=\u00a0\u00bb#ffffff\u00a0\u00bb shape=\u00a0\u00bbround\u00a0\u00bb size=\u00a0\u00bblg\u00a0\u00bb link=\u00a0\u00bburl:https%3A%2F%2Fmaps.app.goo.gl%2FT4ZAKmdDHPUTjPRv9|target:_blank\u00a0\u00bb][\/vc_column_inner][vc_column_inner width=\u00a0\u00bb1\/3&Prime;][\/vc_column_inner][vc_column_inner width=\u00a0\u00bb1\/3&Prime;][\/vc_column_inner][\/vc_row_inner][vc_column_text]GPS : 50.6146138,5.6571758[\/vc_column_text][vc_column_text][\/vc_column_text][vc_row_inner][vc_column_inner][vc_column_text] En venant de\u00a0Li\u00e8ge Prendre les quais en direction de Maastricht, sortir au pont d\u2019Amercoeur et prendre \u00e0 droite (rue d\u2019Amercoeur), direction Grivegn\u00e9e \u2013 Fl\u00e9ron (N3). Passer Grivegn\u00e9e et Beyne-Heusay ; en [&hellip;]\" \/>\n<meta property=\"og:url\" content=\"https:\/\/jmkarting.com\/liege\/horaires-contact\/\" \/>\n<meta property=\"og:site_name\" content=\"JMKARTING Li\u00e8ge\" \/>\n<meta property=\"article:modified_time\" content=\"2026-04-15T14:59:06+00:00\" \/>\n<meta property=\"og:image\" content=\"https:\/\/jmkarting.com\/liege\/wp-content\/uploads\/sites\/3\/2023\/06\/20230419TL_Kingsize-JMKARTING_423.jpg\" \/>\n\t<meta property=\"og:image:width\" content=\"2048\" \/>\n\t<meta property=\"og:image:height\" content=\"1365\" \/>\n\t<meta property=\"og:image:type\" content=\"image\/jpeg\" \/>\n<meta name=\"twitter:card\" content=\"summary_large_image\" \/>\n<meta name=\"twitter:label1\" content=\"Dur\u00e9e de lecture estim\u00e9e\" \/>\n\t<meta name=\"twitter:data1\" content=\"3 minutes\" \/>\n<script type=\"application\/ld+json\" class=\"yoast-schema-graph\">{\"@context\":\"https:\/\/schema.org\",\"@graph\":[{\"@type\":\"WebPage\",\"@id\":\"https:\/\/jmkarting.com\/liege\/horaires-contact\/\",\"url\":\"https:\/\/jmkarting.com\/liege\/horaires-contact\/\",\"name\":\"Horaires & Contact - JMKARTING Li\u00e8ge\",\"isPartOf\":{\"@id\":\"https:\/\/jmkarting.com\/liege\/#website\"},\"datePublished\":\"2023-10-17T08:59:43+00:00\",\"dateModified\":\"2026-04-15T14:59:06+00:00\",\"inLanguage\":\"fr-FR\",\"potentialAction\":[{\"@type\":\"ReadAction\",\"target\":[\"https:\/\/jmkarting.com\/liege\/horaires-contact\/\"]}]},{\"@type\":\"WebSite\",\"@id\":\"https:\/\/jmkarting.com\/liege\/#website\",\"url\":\"https:\/\/jmkarting.com\/liege\/\",\"name\":\"JMKARTING Li\u00e8ge\",\"description\":\"\",\"publisher\":{\"@id\":\"https:\/\/jmkarting.com\/liege\/#organization\"},\"potentialAction\":[{\"@type\":\"SearchAction\",\"target\":{\"@type\":\"EntryPoint\",\"urlTemplate\":\"https:\/\/jmkarting.com\/liege\/?s={search_term_string}\"},\"query-input\":\"required name=search_term_string\"}],\"inLanguage\":\"fr-FR\"},{\"@type\":\"Organization\",\"@id\":\"https:\/\/jmkarting.com\/liege\/#organization\",\"name\":\"JMKARTING Li\u00e8ge\",\"url\":\"https:\/\/jmkarting.com\/liege\/\",\"logo\":{\"@type\":\"ImageObject\",\"inLanguage\":\"fr-FR\",\"@id\":\"https:\/\/jmkarting.com\/liege\/#\/schema\/logo\/image\/\",\"url\":\"https:\/\/jmkarting.com\/liege\/wp-content\/uploads\/sites\/3\/2023\/04\/logo.svg\",\"contentUrl\":\"https:\/\/jmkarting.com\/liege\/wp-content\/uploads\/sites\/3\/2023\/04\/logo.svg\",\"width\":301,\"height\":209,\"caption\":\"JMKARTING Li\u00e8ge\"},\"image\":{\"@id\":\"https:\/\/jmkarting.com\/liege\/#\/schema\/logo\/image\/\"}}]}<\/script>\n<!-- \/ Yoast SEO Premium plugin. -->","yoast_head_json":{"title":"Horaires & Contact - JMKARTING Li\u00e8ge","robots":{"index":"index","follow":"follow","max-snippet":"max-snippet:-1","max-image-preview":"max-image-preview:large","max-video-preview":"max-video-preview:-1"},"canonical":"https:\/\/jmkarting.com\/liege\/horaires-contact\/","og_locale":"fr_FR","og_type":"article","og_title":"Horaires & Contact - JMKARTING Li\u00e8ge","og_description":"[vc_row][vc_column][vc_column_text] Localisation [\/vc_column_text][vc_column_text]Rue Churchill 26 4624 LIEGE (Fl\u00e9ron \/ Roms\u00e9e) Belgique[\/vc_column_text][vc_row_inner][vc_column_inner width=\u00a0\u00bb1\/3&Prime;][vc_btn title=\u00a0\u00bbItin\u00e9raire\u00a0\u00bb style=\u00a0\u00bboutline-custom\u00a0\u00bb outline_custom_color=\u00a0\u00bb#ff490d\u00a0\u00bb outline_custom_hover_background=\u00a0\u00bb#ff490d\u00a0\u00bb outline_custom_hover_text=\u00a0\u00bb#ffffff\u00a0\u00bb shape=\u00a0\u00bbround\u00a0\u00bb size=\u00a0\u00bblg\u00a0\u00bb link=\u00a0\u00bburl:https%3A%2F%2Fmaps.app.goo.gl%2FT4ZAKmdDHPUTjPRv9|target:_blank\u00a0\u00bb][\/vc_column_inner][vc_column_inner width=\u00a0\u00bb1\/3&Prime;][\/vc_column_inner][vc_column_inner width=\u00a0\u00bb1\/3&Prime;][\/vc_column_inner][\/vc_row_inner][vc_column_text]GPS : 50.6146138,5.6571758[\/vc_column_text][vc_column_text][\/vc_column_text][vc_row_inner][vc_column_inner][vc_column_text] En venant de\u00a0Li\u00e8ge Prendre les quais en direction de Maastricht, sortir au pont d\u2019Amercoeur et prendre \u00e0 droite (rue d\u2019Amercoeur), direction Grivegn\u00e9e \u2013 Fl\u00e9ron (N3). Passer Grivegn\u00e9e et Beyne-Heusay ; en [&hellip;]","og_url":"https:\/\/jmkarting.com\/liege\/horaires-contact\/","og_site_name":"JMKARTING Li\u00e8ge","article_modified_time":"2026-04-15T14:59:06+00:00","og_image":[{"width":2048,"height":1365,"url":"https:\/\/jmkarting.com\/liege\/wp-content\/uploads\/sites\/3\/2023\/06\/20230419TL_Kingsize-JMKARTING_423.jpg","type":"image\/jpeg"}],"twitter_card":"summary_large_image","twitter_misc":{"Dur\u00e9e de lecture estim\u00e9e":"3 minutes"},"schema":{"@context":"https:\/\/schema.org","@graph":[{"@type":"WebPage","@id":"https:\/\/jmkarting.com\/liege\/horaires-contact\/","url":"https:\/\/jmkarting.com\/liege\/horaires-contact\/","name":"Horaires & Contact - JMKARTING Li\u00e8ge","isPartOf":{"@id":"https:\/\/jmkarting.com\/liege\/#website"},"datePublished":"2023-10-17T08:59:43+00:00","dateModified":"2026-04-15T14:59:06+00:00","inLanguage":"fr-FR","potentialAction":[{"@type":"ReadAction","target":["https:\/\/jmkarting.com\/liege\/horaires-contact\/"]}]},{"@type":"WebSite","@id":"https:\/\/jmkarting.com\/liege\/#website","url":"https:\/\/jmkarting.com\/liege\/","name":"JMKARTING Li\u00e8ge","description":"","publisher":{"@id":"https:\/\/jmkarting.com\/liege\/#organization"},"potentialAction":[{"@type":"SearchAction","target":{"@type":"EntryPoint","urlTemplate":"https:\/\/jmkarting.com\/liege\/?s={search_term_string}"},"query-input":"required name=search_term_string"}],"inLanguage":"fr-FR"},{"@type":"Organization","@id":"https:\/\/jmkarting.com\/liege\/#organization","name":"JMKARTING Li\u00e8ge","url":"https:\/\/jmkarting.com\/liege\/","logo":{"@type":"ImageObject","inLanguage":"fr-FR","@id":"https:\/\/jmkarting.com\/liege\/#\/schema\/logo\/image\/","url":"https:\/\/jmkarting.com\/liege\/wp-content\/uploads\/sites\/3\/2023\/04\/logo.svg","contentUrl":"https:\/\/jmkarting.com\/liege\/wp-content\/uploads\/sites\/3\/2023\/04\/logo.svg","width":301,"height":209,"caption":"JMKARTING Li\u00e8ge"},"image":{"@id":"https:\/\/jmkarting.com\/liege\/#\/schema\/logo\/image\/"}}]}},"_links":{"self":[{"href":"https:\/\/jmkarting.com\/liege\/wp-json\/wp\/v2\/pages\/12398"}],"collection":[{"href":"https:\/\/jmkarting.com\/liege\/wp-json\/wp\/v2\/pages"}],"about":[{"href":"https:\/\/jmkarting.com\/liege\/wp-json\/wp\/v2\/types\/page"}],"author":[{"embeddable":true,"href":"https:\/\/jmkarting.com\/liege\/wp-json\/wp\/v2\/users\/1"}],"replies":[{"embeddable":true,"href":"https:\/\/jmkarting.com\/liege\/wp-json\/wp\/v2\/comments?post=12398"}],"version-history":[{"count":49,"href":"https:\/\/jmkarting.com\/liege\/wp-json\/wp\/v2\/pages\/12398\/revisions"}],"predecessor-version":[{"id":13835,"href":"https:\/\/jmkarting.com\/liege\/wp-json\/wp\/v2\/pages\/12398\/revisions\/13835"}],"wp:featuredmedia":[{"embeddable":true,"href":"https:\/\/jmkarting.com\/liege\/wp-json\/wp\/v2\/media\/8929"}],"wp:attachment":[{"href":"https:\/\/jmkarting.com\/liege\/wp-json\/wp\/v2\/media?parent=12398"}],"curies":[{"name":"wp","href":"https:\/\/api.w.org\/{rel}","templated":true}]}}