{"id":12403,"date":"2023-10-17T11:04:22","date_gmt":"2023-10-17T09:04:22","guid":{"rendered":"https:\/\/jmkarting.com\/namur\/?page_id=12403"},"modified":"2026-01-09T18:12:39","modified_gmt":"2026-01-09T17:12:39","slug":"infos-pratiques","status":"publish","type":"page","link":"https:\/\/jmkarting.com\/liege\/infos-pratiques\/","title":{"rendered":"Infos pratiques"},"content":{"rendered":"<section class=\"wpb-content-wrapper\"><p>[vc_row][vc_column][vc_column_text]<\/p>\n<h2>Conseils de pilotage<\/h2>\n<p>[\/vc_column_text][vc_column_text]<\/p>\n<h3>\u00e9quipement<\/h3>\n<p>Le port du casque (correctement attach\u00e9) est obligatoire. La ceinture de s\u00e9curit\u00e9 (boucl\u00e9e) est obligatoire. Par mesure de s\u00e9curit\u00e9, il est indispensable de mettre les \u00e9charpes sous la combinaison (sous le pull ou la veste). De m\u00eame, il est imp\u00e9ratif de bien ramener les cheveux longs sous la combinaison ou dans le casque. L&rsquo;utilisation de chaussures de sport est recommand\u00e9e. Les sandales (type claquettes) et claquettes sont interdites.<\/p>\n<h2><\/h2>\n<h3>Drapeaux<\/h3>\n<p>Il est indispensable d&rsquo;\u00eatre attentif aux drapeaux qui peuvent \u00eatre agit\u00e9s par les commissaires de piste.<\/p>\n<p><img loading=\"lazy\" decoding=\"async\" class=\"alignnone wp-image-168 size-large\" src=\"http:\/\/jmkarting.com\/wp-content\/uploads\/2014\/05\/yellowflag2-970x293.jpg\" alt=\"\" width=\"600\" height=\"181\" \/><\/p>\n<p><strong>Drapeau jaune : Ralentir, ne pas doubler<br \/>\n<\/strong>Le drapeau jaune (ou gyrophare) est le signal de s\u00e9curit\u00e9 le plus utilis\u00e9. En cas de probl\u00e8me sur le circuit (accident, panne d&rsquo;un v\u00e9hicule, &#8230;) le drapeau jaune est lev\u00e9.<\/p>\n<p>Le pilote est oblig\u00e9 de ralentir, de lever la main et de ne plus d\u00e9passer jusqu&rsquo;\u00e0 la fin de la zone (lieu de l&rsquo;accident, de la panne, &#8230;).<\/p>\n<p><img loading=\"lazy\" decoding=\"async\" class=\"alignnone wp-image-172 size-large\" src=\"http:\/\/jmkarting.com\/wp-content\/uploads\/2014\/05\/blueflag21-970x293.jpg\" alt=\"\" width=\"600\" height=\"181\" \/><\/p>\n<p><strong><span style=\"color: #004289;\">Drapeau bleu : C\u00e9der le passage<\/span><\/strong><br \/>\nLe drapeau bleu est lev\u00e9 en cas de d\u00e9passement.<\/p>\n<p>Le pilote est averti qu&rsquo;un autre pilote est occup\u00e9 de le d\u00e9passer et qu&rsquo;il est oblig\u00e9 de le laisser passer en se serrant \u00e0 l&rsquo;ext\u00e9rieur du virage.<\/p>\n<p><img loading=\"lazy\" decoding=\"async\" class=\"alignnone wp-image-173 size-large\" src=\"http:\/\/jmkarting.com\/wp-content\/uploads\/2014\/05\/redflag2-970x293.jpg\" alt=\"\" width=\"600\" height=\"181\" \/><\/p>\n<p><strong><span style=\"color: #ff490d;\">Drapeau rouge : Arr\u00eat imm\u00e9diat de tous les karts<\/span><\/strong><br \/>\nLorsque le drapeau rouge est lev\u00e9, un probl\u00e8me ou un accident grave en est la cause. Le drapeau rouge signale aussi la fin d&rsquo;une session d&rsquo;un quart d&rsquo;heure.<\/p>\n<p>Le pilote est oblig\u00e9 de ralentir, de lever le bras, de ne plus d\u00e9passer et de regagner le stand. L&rsquo;entr\u00e9e dans la zone de stand doit se faire au ralenti.<\/p>\n<h2><\/h2>\n<h3>Acc\u00e9l\u00e9ration &#8211; Freinage<\/h3>\n<p>Dans les stands, avant le d\u00e9part, ne pas acc\u00e9l\u00e9rer \u00e0 l&rsquo;arr\u00eat.<br \/>\nL&rsquo;entr\u00e9e et la \u00ab\u00a0circulation\u00a0\u00bb dans les stands se font au ralenti.<br \/>\nSur la piste, ne pas acc\u00e9l\u00e9rer et freiner en m\u00eame temps.<\/p>\n<h2><\/h2>\n<h3>Respect des injonctions<\/h3>\n<p>Le syst\u00e8me \u00e9lectronique de ralentissement, qui \u00e9quipe tous les karts, permet aux commissaires de piste de r\u00e9duire, \u00e0 distance, la puissance d&rsquo;un kart. Le pilote ne respectant pas les injonctions des commissaires de piste se verra ainsi sanctionn\u00e9 voire exclu de la piste.<\/p>\n<h2><\/h2>\n<h3>Sanctions<\/h3>\n<p>Le non respect des injonctions des commissaires, le non respect des drapeaux, une conduite volontairement agressive, des tamponnages abusifs entra\u00eeneront les sanctions suivantes :<\/p>\n<ul>\n<li>1er avertissement : STOP &amp; GO &#8211; 1 minute<\/li>\n<li>2\u00e8me avertissement : STOP &amp; GO &#8211; 3 minutes<\/li>\n<li>3\u00e8me avertissement : exclusion. Aucun remboursement ne sera effectu\u00e9 en cas d&rsquo;exclusion.<\/li>\n<\/ul>\n<h2><\/h2>\n<h3>Trajectoires<\/h3>\n<p>En karting, l&rsquo;arbitre principal est le chronom\u00e8tre. Le chronom\u00e8tre permet de tester les trajectoires, les approches et les techniques de pilotage. C&rsquo;est en testant que l&rsquo;on peut se rendre compte des bonnes trajectoires. Pour aborder un virage, il convient de se d\u00e9porter vers l&rsquo;ext\u00e9rieur, puis de viser la corde pour ressortir le plus \u00e0 l&rsquo;ext\u00e9rieur possible. La r\u00e8gle g\u00e9n\u00e9rale peut se r\u00e9sumer ainsi : \u00ab\u00a0ext\u00e9rieur &#8211; int\u00e9rieur &#8211; ext\u00e9rieur\u00a0\u00bb.<br \/>\nDans la pratique, c&rsquo;est (bien s\u00fbr) moins \u00e9vident&#8230; Le but est de prendre le virage avec le rayon de courbure le plus large possible.<\/p>\n<p>Prendre le virage tout \u00e0 l&rsquo;ext\u00e9rieur n&rsquo;apporte aucun gain en temps<br \/>\nPrendre le virage compl\u00e8tement \u00e0 l&rsquo;int\u00e9rieur n&rsquo;est pas plus rapide<br \/>\nLa vitesse sera plus importante si le rayon de courbure est large bien qu&rsquo;il semble que le chemin le plus rapide est le plus court. La vitesse de passage en courbe sera plus rapide si une trajectoire avec un rayon de courbure important est suivie. Le temps perdu \u00e0 prendre un chemin plus long sera rattrap\u00e9 par la vitesse \u00e9lev\u00e9e.<\/p>\n<h2><\/h2>\n<h3>Erreurs de trajectoire<\/h3>\n<p>&nbsp;<\/p>\n<p><img loading=\"lazy\" decoding=\"async\" class=\"aligncenter wp-image-958\" src=\"http:\/\/jmkarting.com\/wp-content\/uploads\/2014\/05\/erreur_trajectoires.png\" alt=\"erreur_trajectoires\" width=\"330\" height=\"203\" \/><\/p>\n<p>&nbsp;<\/p>\n<ul>\n<li>Trop \u00e0 l&rsquo;ext\u00e9rieur \u00ab\u00a0Trajectoire B\u00a0\u00bb : perte de temps car la trajectoire est plus longue.<\/li>\n<li>Trop \u00e0 l&rsquo;int\u00e9rieur \u00ab\u00a0Trajectoire A\u00a0\u00bb : perte de temps car la vitesse en courbe est r\u00e9duite.<\/li>\n<li>Id\u00e9alement \u00ab\u00a0Trajectoire C\u00a0\u00bb : ext\u00e9rieur &#8211; int\u00e9rieur &#8211; ext\u00e9rieur.<\/li>\n<\/ul>\n<p>Le changement de trajectoire peut s&rsquo;av\u00e9rer n\u00e9cessaire pour plusieurs raisons, le d\u00e9passement \u00e0 l&rsquo;int\u00e9rieur est le plus courant.<\/p>\n<h2><\/h2>\n<h3>Passage de virage<\/h3>\n<p>Le passage d&rsquo;un virage peut se d\u00e9composer en 4 phases distinctes :<\/p>\n<ul>\n<li>Le freinage : Il faut freiner en ligne droite, avant d&rsquo;arriver dans le virage. Les erreurs commises ici sont fr\u00e9quentes. S&rsquo;imaginer que retarder son freinage peut faire gagner du temps n&rsquo;est pas faux, mais d\u00e9passer la limite de freinage est fatal : t\u00eate-\u00e0-queue presque assur\u00e9 ou trajectoire manqu\u00e9e dans le meilleur des cas&#8230;<\/li>\n<li>Le braquage : C&rsquo;est la phase tr\u00e8s courte durant laquelle le pilote braque les roues et \u00ab vise la corde \u00bb. Le freinage termin\u00e9, il faut donc que la vitesse soit adapt\u00e9e. Aller trop vite provoquerait un sous-virage ou un survirage. Il faut savoir doser l&rsquo;angle de braquage qui restera constant par la suite. Il faut pour cela bien conna\u00eetre son kart, mais surtout le circuit&#8230;<\/li>\n<li>Le passage \u00e0 la corde : Avec une acc\u00e9l\u00e9ration constante et un rayon de courbure constant, il s&rsquo;agit de passer le plus pr\u00e8s possible de la corde pour obtenir une trajectoire tendue \u00ab\u00a0au cordeau\u00a0\u00bb.<\/li>\n<li>La \u00ab\u00a0r\u00e9acc\u00e9l\u00e9ration\u00a0\u00bb en sortie : La \u00ab\u00a0r\u00e9acc\u00e9l\u00e9ration\u00a0\u00bb se fait progressivement afin de ne pas patiner et de ne pas survirer. Elle sera \u00e9videmment conditionn\u00e9e par les phases pr\u00e9c\u00e9dentes. Acc\u00e9l\u00e9rer trop t\u00f4t provoquera un survirage, voire un t\u00eate-\u00e0-queue. Acc\u00e9l\u00e9rer trop tard fera perdre du temps.<\/li>\n<\/ul>\n<p>[\/vc_column_text][\/vc_column][\/vc_row][vc_row][vc_column][vc_empty_space height=\u00a0\u00bb100px\u00a0\u00bb][vc_column_text]<\/p>\n<h2>NOS ADRESSES<\/h2>\n<p><span style=\"color: #ff490d;\"><strong>JMK NAMUR<\/strong><\/span> : <span style=\"font-weight: inherit; font-style: inherit; color: #494949;\">Rue de Saint-Gobain 1 <\/span>(GPS : Rue des D\u00e9port\u00e9s 61) &#8211; <span style=\"font-weight: inherit; font-style: inherit; color: #494949;\">5150 FLOREFFE (Frani\u00e8re)<span style=\"color: #001000;\"> &#8211; <\/span><\/span><span style=\"font-weight: inherit; font-style: inherit; color: #494949;\">Belgique<\/span><\/p>\n<p><span style=\"color: #ff490d;\"><strong>JMK LIEGE<\/strong><\/span> : Rue Churchill 26 &#8211; 4624 FLERON (Roms\u00e9e) &#8211; Belgique<\/p>\n<h3>Si\u00e8ge social \/ Administration<\/h3>\n<p><span style=\"color: #ff490d;\">(Attention : nos \u00e9tablissements ne sont pas situ\u00e9s \u00e0 Rixensart)<\/span><\/p>\n<p>JMKARTING S.A. &#8211; Avenue Franklin Roosevelt 104 Bte 13 &#8211; 1330 RIXENSART &#8211; Belgique<\/p>\n<p>TVA : BE 0438.510.472 \/ RPM Nivelles<\/p>\n<p><span style=\"color: #ff490d;\">Compte bancaire JMK NAMUR<\/span><\/p>\n<p>BIC : GKCCBEBB<\/p>\n<p>IBAN : BE77 0682 2674 8742<\/p>\n<p><span style=\"color: #ff490d;\">Compte bancaire JMK LIEGE<\/span><\/p>\n<p>BIC : GEBABEBB<\/p>\n<p>IBAN : BE50 0014 2317 6118[\/vc_column_text][\/vc_column][\/vc_row][vc_row][vc_column][vc_empty_space height=\u00a0\u00bb100px\u00a0\u00bb][vc_column_text]<\/p>\n<h2>NOS DOCUMENTS<\/h2>\n<p><span style=\"color: #ff490d;\"><strong>JMK LIEGE<\/strong><\/span>\u00a0: <a href=\"https:\/\/jmkarting.com\/liege\/wp-content\/uploads\/sites\/3\/2023\/12\/JMK-LIEGE-Location-Session-15minutes.pdf\" target=\"_blank\" rel=\"noopener\">Location des karts 9CV (Sessions 1\/4H)<\/a><\/p>\n<p><span style=\"color: #ff490d;\"><strong>JMK LIEGE<\/strong><\/span>\u00a0: <a href=\"https:\/\/jmkarting.com\/liege\/wp-content\/uploads\/sites\/3\/2023\/12\/JMK-LIEGE-Conditions-Tarif-13CV.pdf\" target=\"_blank\" rel=\"noopener\">Location des karts 13CV (Session 1\/4H)<\/a><\/p>\n<p><span style=\"color: #ff490d;\"><strong>JMK LIEGE<\/strong><\/span>\u00a0: <a href=\"https:\/\/jmkarting.com\/liege\/wp-content\/uploads\/sites\/3\/2025\/07\/JMK-LIEGE-Evenements-et-Catering.pdf\" target=\"_blank\" rel=\"noopener\">Tarifs GROUPES Events &amp; Entreprises<\/a><\/p>\n<p><span style=\"color: #ff490d;\"><strong>JMK LIEGE<\/strong><\/span>\u00a0: <a href=\"https:\/\/jmkarting.com\/liege\/wp-content\/uploads\/sites\/3\/2023\/12\/JMK-LIEGE-Abandon-Recours.pdf\" target=\"_blank\" rel=\"noopener\">Abandon de recours<\/a><\/p>\n<p><span style=\"color: #fa3d02;\"><strong>JMKARTING<\/strong><\/span> : <a href=\"https:\/\/jmkarting.com\/liege\/wp-content\/uploads\/sites\/3\/2026\/01\/CG-JMKARTING.pdf\" target=\"_blank\" rel=\"noopener\">Conditions g\u00e9n\u00e9rales<\/a>[\/vc_column_text][\/vc_column][\/vc_row][vc_row][vc_column][vc_empty_space height=\u00a0\u00bb100px\u00a0\u00bb][vc_column_text]<\/p>\n<h2>R\u00c9SEAUX SOCIAUX<\/h2>\n<p><strong><span style=\"color: #fa3d02;\">JMKARTING<\/span> est pr\u00e9sent sur les r\u00e9seaux sociaux. Rejoignez-nous\u2026 : Infos exclusives, concours, photos, etc.<\/strong><\/p>\n<p>Nous \u00ab likons \u00bb sur Facebook : <a href=\"http:\/\/facebook.com\/jmkartingofficial\">facebook.com\/jmkartingofficial<\/a><\/p>\n<p>Nous \u00ab gazouillons \u00bb aussi sur X (ex-Twitter) : <a href=\"https:\/\/twitter.com\/jmk_official\">@jmk_official<\/a><\/p>\n<p>Nous publions sur Instagram : <a href=\"https:\/\/www.instagram.com\/jmkarting\/\">instagram.com\/jmkarting<\/a><\/p>\n<p>Nous partageons nos courtes vid\u00e9os sur <a href=\"http:\/\/www.tiktok.com\/@jmkarting.com\">Tik Tok<\/a>[\/vc_column_text][\/vc_column][\/vc_row]<\/p>\n<\/section>","protected":false},"excerpt":{"rendered":"<p>[vc_row][vc_column][vc_column_text] Conseils de pilotage [\/vc_column_text][vc_column_text] \u00e9quipement Le port du casque (correctement attach\u00e9) est obligatoire. La ceinture de s\u00e9curit\u00e9 (boucl\u00e9e) est obligatoire. Par mesure de s\u00e9curit\u00e9, il est indispensable de mettre les \u00e9charpes sous la combinaison (sous le pull ou la veste). De m\u00eame, il est imp\u00e9ratif de bien ramener les cheveux longs sous la combinaison [&hellip;]<\/p>\n","protected":false},"author":1,"featured_media":8968,"parent":0,"menu_order":0,"comment_status":"closed","ping_status":"closed","template":"","meta":{"footnotes":""},"class_list":["post-12403","page","type-page","status-publish","has-post-thumbnail","hentry"],"acf":[],"yoast_head":"<!-- This site is optimized with the Yoast SEO Premium plugin v21.7 (Yoast SEO v21.7) - https:\/\/yoast.com\/wordpress\/plugins\/seo\/ -->\n<title>Infos pratiques - JMKARTING Li\u00e8ge<\/title>\n<meta name=\"robots\" content=\"index, follow, max-snippet:-1, max-image-preview:large, max-video-preview:-1\" \/>\n<link rel=\"canonical\" href=\"https:\/\/jmkarting.com\/liege\/infos-pratiques\/\" \/>\n<meta property=\"og:locale\" content=\"fr_FR\" \/>\n<meta property=\"og:type\" content=\"article\" \/>\n<meta property=\"og:title\" content=\"Infos pratiques - JMKARTING Li\u00e8ge\" \/>\n<meta property=\"og:description\" content=\"[vc_row][vc_column][vc_column_text] Conseils de pilotage [\/vc_column_text][vc_column_text] \u00e9quipement Le port du casque (correctement attach\u00e9) est obligatoire. La ceinture de s\u00e9curit\u00e9 (boucl\u00e9e) est obligatoire. Par mesure de s\u00e9curit\u00e9, il est indispensable de mettre les \u00e9charpes sous la combinaison (sous le pull ou la veste). De m\u00eame, il est imp\u00e9ratif de bien ramener les cheveux longs sous la combinaison [&hellip;]\" \/>\n<meta property=\"og:url\" content=\"https:\/\/jmkarting.com\/liege\/infos-pratiques\/\" \/>\n<meta property=\"og:site_name\" content=\"JMKARTING Li\u00e8ge\" \/>\n<meta property=\"article:modified_time\" content=\"2026-01-09T17:12:39+00:00\" \/>\n<meta property=\"og:image\" content=\"https:\/\/jmkarting.com\/liege\/wp-content\/uploads\/sites\/3\/2023\/06\/20230419TL_Kingsize-JMKARTING_333.jpg\" \/>\n\t<meta property=\"og:image:width\" content=\"2048\" \/>\n\t<meta property=\"og:image:height\" content=\"1365\" \/>\n\t<meta property=\"og:image:type\" content=\"image\/jpeg\" \/>\n<meta name=\"twitter:card\" content=\"summary_large_image\" \/>\n<meta name=\"twitter:label1\" content=\"Dur\u00e9e de lecture estim\u00e9e\" \/>\n\t<meta name=\"twitter:data1\" content=\"7 minutes\" \/>\n<script type=\"application\/ld+json\" class=\"yoast-schema-graph\">{\"@context\":\"https:\/\/schema.org\",\"@graph\":[{\"@type\":\"WebPage\",\"@id\":\"https:\/\/jmkarting.com\/liege\/infos-pratiques\/\",\"url\":\"https:\/\/jmkarting.com\/liege\/infos-pratiques\/\",\"name\":\"Infos pratiques - JMKARTING Li\u00e8ge\",\"isPartOf\":{\"@id\":\"https:\/\/jmkarting.com\/liege\/#website\"},\"datePublished\":\"2023-10-17T09:04:22+00:00\",\"dateModified\":\"2026-01-09T17:12:39+00:00\",\"inLanguage\":\"fr-FR\",\"potentialAction\":[{\"@type\":\"ReadAction\",\"target\":[\"https:\/\/jmkarting.com\/liege\/infos-pratiques\/\"]}]},{\"@type\":\"WebSite\",\"@id\":\"https:\/\/jmkarting.com\/liege\/#website\",\"url\":\"https:\/\/jmkarting.com\/liege\/\",\"name\":\"JMKARTING Li\u00e8ge\",\"description\":\"\",\"publisher\":{\"@id\":\"https:\/\/jmkarting.com\/liege\/#organization\"},\"potentialAction\":[{\"@type\":\"SearchAction\",\"target\":{\"@type\":\"EntryPoint\",\"urlTemplate\":\"https:\/\/jmkarting.com\/liege\/?s={search_term_string}\"},\"query-input\":\"required name=search_term_string\"}],\"inLanguage\":\"fr-FR\"},{\"@type\":\"Organization\",\"@id\":\"https:\/\/jmkarting.com\/liege\/#organization\",\"name\":\"JMKARTING Li\u00e8ge\",\"url\":\"https:\/\/jmkarting.com\/liege\/\",\"logo\":{\"@type\":\"ImageObject\",\"inLanguage\":\"fr-FR\",\"@id\":\"https:\/\/jmkarting.com\/liege\/#\/schema\/logo\/image\/\",\"url\":\"https:\/\/jmkarting.com\/liege\/wp-content\/uploads\/sites\/3\/2023\/04\/logo.svg\",\"contentUrl\":\"https:\/\/jmkarting.com\/liege\/wp-content\/uploads\/sites\/3\/2023\/04\/logo.svg\",\"width\":301,\"height\":209,\"caption\":\"JMKARTING Li\u00e8ge\"},\"image\":{\"@id\":\"https:\/\/jmkarting.com\/liege\/#\/schema\/logo\/image\/\"}}]}<\/script>\n<!-- \/ Yoast SEO Premium plugin. -->","yoast_head_json":{"title":"Infos pratiques - JMKARTING Li\u00e8ge","robots":{"index":"index","follow":"follow","max-snippet":"max-snippet:-1","max-image-preview":"max-image-preview:large","max-video-preview":"max-video-preview:-1"},"canonical":"https:\/\/jmkarting.com\/liege\/infos-pratiques\/","og_locale":"fr_FR","og_type":"article","og_title":"Infos pratiques - JMKARTING Li\u00e8ge","og_description":"[vc_row][vc_column][vc_column_text] Conseils de pilotage [\/vc_column_text][vc_column_text] \u00e9quipement Le port du casque (correctement attach\u00e9) est obligatoire. La ceinture de s\u00e9curit\u00e9 (boucl\u00e9e) est obligatoire. Par mesure de s\u00e9curit\u00e9, il est indispensable de mettre les \u00e9charpes sous la combinaison (sous le pull ou la veste). De m\u00eame, il est imp\u00e9ratif de bien ramener les cheveux longs sous la combinaison [&hellip;]","og_url":"https:\/\/jmkarting.com\/liege\/infos-pratiques\/","og_site_name":"JMKARTING Li\u00e8ge","article_modified_time":"2026-01-09T17:12:39+00:00","og_image":[{"width":2048,"height":1365,"url":"https:\/\/jmkarting.com\/liege\/wp-content\/uploads\/sites\/3\/2023\/06\/20230419TL_Kingsize-JMKARTING_333.jpg","type":"image\/jpeg"}],"twitter_card":"summary_large_image","twitter_misc":{"Dur\u00e9e de lecture estim\u00e9e":"7 minutes"},"schema":{"@context":"https:\/\/schema.org","@graph":[{"@type":"WebPage","@id":"https:\/\/jmkarting.com\/liege\/infos-pratiques\/","url":"https:\/\/jmkarting.com\/liege\/infos-pratiques\/","name":"Infos pratiques - JMKARTING Li\u00e8ge","isPartOf":{"@id":"https:\/\/jmkarting.com\/liege\/#website"},"datePublished":"2023-10-17T09:04:22+00:00","dateModified":"2026-01-09T17:12:39+00:00","inLanguage":"fr-FR","potentialAction":[{"@type":"ReadAction","target":["https:\/\/jmkarting.com\/liege\/infos-pratiques\/"]}]},{"@type":"WebSite","@id":"https:\/\/jmkarting.com\/liege\/#website","url":"https:\/\/jmkarting.com\/liege\/","name":"JMKARTING Li\u00e8ge","description":"","publisher":{"@id":"https:\/\/jmkarting.com\/liege\/#organization"},"potentialAction":[{"@type":"SearchAction","target":{"@type":"EntryPoint","urlTemplate":"https:\/\/jmkarting.com\/liege\/?s={search_term_string}"},"query-input":"required name=search_term_string"}],"inLanguage":"fr-FR"},{"@type":"Organization","@id":"https:\/\/jmkarting.com\/liege\/#organization","name":"JMKARTING Li\u00e8ge","url":"https:\/\/jmkarting.com\/liege\/","logo":{"@type":"ImageObject","inLanguage":"fr-FR","@id":"https:\/\/jmkarting.com\/liege\/#\/schema\/logo\/image\/","url":"https:\/\/jmkarting.com\/liege\/wp-content\/uploads\/sites\/3\/2023\/04\/logo.svg","contentUrl":"https:\/\/jmkarting.com\/liege\/wp-content\/uploads\/sites\/3\/2023\/04\/logo.svg","width":301,"height":209,"caption":"JMKARTING Li\u00e8ge"},"image":{"@id":"https:\/\/jmkarting.com\/liege\/#\/schema\/logo\/image\/"}}]}},"_links":{"self":[{"href":"https:\/\/jmkarting.com\/liege\/wp-json\/wp\/v2\/pages\/12403"}],"collection":[{"href":"https:\/\/jmkarting.com\/liege\/wp-json\/wp\/v2\/pages"}],"about":[{"href":"https:\/\/jmkarting.com\/liege\/wp-json\/wp\/v2\/types\/page"}],"author":[{"embeddable":true,"href":"https:\/\/jmkarting.com\/liege\/wp-json\/wp\/v2\/users\/1"}],"replies":[{"embeddable":true,"href":"https:\/\/jmkarting.com\/liege\/wp-json\/wp\/v2\/comments?post=12403"}],"version-history":[{"count":12,"href":"https:\/\/jmkarting.com\/liege\/wp-json\/wp\/v2\/pages\/12403\/revisions"}],"predecessor-version":[{"id":13740,"href":"https:\/\/jmkarting.com\/liege\/wp-json\/wp\/v2\/pages\/12403\/revisions\/13740"}],"wp:featuredmedia":[{"embeddable":true,"href":"https:\/\/jmkarting.com\/liege\/wp-json\/wp\/v2\/media\/8968"}],"wp:attachment":[{"href":"https:\/\/jmkarting.com\/liege\/wp-json\/wp\/v2\/media?parent=12403"}],"curies":[{"name":"wp","href":"https:\/\/api.w.org\/{rel}","templated":true}]}}