{"id":12819,"date":"2023-04-17T15:36:12","date_gmt":"2023-04-17T13:36:12","guid":{"rendered":"https:\/\/jmkarting.com\/namur\/?page_id=6"},"modified":"2024-02-03T13:52:16","modified_gmt":"2024-02-03T12:52:16","slug":"accueil","status":"publish","type":"page","link":"https:\/\/jmkarting.com\/liege\/","title":{"rendered":"Accueil"},"content":{"rendered":"","protected":false},"excerpt":{"rendered":"","protected":false},"author":1,"featured_media":0,"parent":0,"menu_order":0,"comment_status":"closed","ping_status":"closed","template":"template-home.php","meta":{"footnotes":""},"class_list":["post-12819","page","type-page","status-publish","hentry"],"acf":[],"yoast_head":"<!-- This site is optimized with the Yoast SEO Premium plugin v21.7 (Yoast SEO v21.7) - https:\/\/yoast.com\/wordpress\/plugins\/seo\/ -->\n<title>JMKARTING Li\u00e8ge<\/title>\n<meta name=\"description\" content=\"John Martin&#039;s Karting : 2 circuits indoor avec trac\u00e9s Formule 1 con\u00e7us pour vous d\u00e9passer - et vous surpasser - en toute s\u00e9curit\u00e9. Depuis plus de 15 ans, John Martin&#039;s Karting vous accueille \u00e0 Namur... et depuis plus de 8 ans, nous vous accueillons dans de toutes nouvelles installations \u00e0 Li\u00e8ge. De la location des karts par 1\/4h \u00e0 l&#039;organisation de Team Building d&#039;entreprise, John Martin&#039;s Karting se plie en quatre pour vous satisfaire. Bienvenu dans le monde des sports moteurs accessibles \u00e0 toutes et \u00e0 tous.\" \/>\n<meta name=\"robots\" content=\"index, follow, max-snippet:-1, max-image-preview:large, max-video-preview:-1\" \/>\n<link rel=\"canonical\" href=\"https:\/\/jmkarting.com\/liege\/\" \/>\n<meta property=\"og:locale\" content=\"fr_FR\" \/>\n<meta property=\"og:type\" content=\"article\" \/>\n<meta property=\"og:title\" content=\"JMKARTING Li\u00e8ge\" \/>\n<meta property=\"og:description\" content=\"John Martin&#039;s Karting : 2 circuits indoor avec trac\u00e9s Formule 1 con\u00e7us pour vous d\u00e9passer - et vous surpasser - en toute s\u00e9curit\u00e9. Depuis plus de 15 ans, John Martin&#039;s Karting vous accueille \u00e0 Namur... et depuis plus de 8 ans, nous vous accueillons dans de toutes nouvelles installations \u00e0 Li\u00e8ge. De la location des karts par 1\/4h \u00e0 l&#039;organisation de Team Building d&#039;entreprise, John Martin&#039;s Karting se plie en quatre pour vous satisfaire. Bienvenu dans le monde des sports moteurs accessibles \u00e0 toutes et \u00e0 tous.\" \/>\n<meta property=\"og:url\" content=\"https:\/\/jmkarting.com\/liege\/\" \/>\n<meta property=\"og:site_name\" content=\"JMKARTING Li\u00e8ge\" \/>\n<meta property=\"article:modified_time\" content=\"2024-02-03T12:52:16+00:00\" \/>\n<meta name=\"twitter:card\" content=\"summary_large_image\" \/>\n<script type=\"application\/ld+json\" class=\"yoast-schema-graph\">{\"@context\":\"https:\/\/schema.org\",\"@graph\":[{\"@type\":\"WebPage\",\"@id\":\"https:\/\/jmkarting.com\/liege\/\",\"url\":\"https:\/\/jmkarting.com\/liege\/\",\"name\":\"JMKARTING Li\u00e8ge\",\"isPartOf\":{\"@id\":\"https:\/\/jmkarting.com\/liege\/#website\"},\"datePublished\":\"2023-04-17T13:36:12+00:00\",\"dateModified\":\"2024-02-03T12:52:16+00:00\",\"description\":\"John Martin's Karting : 2 circuits indoor avec trac\u00e9s Formule 1 con\u00e7us pour vous d\u00e9passer - et vous surpasser - en toute s\u00e9curit\u00e9. Depuis plus de 15 ans, John Martin's Karting vous accueille \u00e0 Namur... et depuis plus de 8 ans, nous vous accueillons dans de toutes nouvelles installations \u00e0 Li\u00e8ge. De la location des karts par 1\/4h \u00e0 l'organisation de Team Building d'entreprise, John Martin's Karting se plie en quatre pour vous satisfaire. Bienvenu dans le monde des sports moteurs accessibles \u00e0 toutes et \u00e0 tous.\",\"inLanguage\":\"fr-FR\",\"potentialAction\":[{\"@type\":\"ReadAction\",\"target\":[\"https:\/\/jmkarting.com\/liege\/\"]}]},{\"@type\":\"WebSite\",\"@id\":\"https:\/\/jmkarting.com\/liege\/#website\",\"url\":\"https:\/\/jmkarting.com\/liege\/\",\"name\":\"JMKARTING Li\u00e8ge\",\"description\":\"\",\"publisher\":{\"@id\":\"https:\/\/jmkarting.com\/liege\/#organization\"},\"potentialAction\":[{\"@type\":\"SearchAction\",\"target\":{\"@type\":\"EntryPoint\",\"urlTemplate\":\"https:\/\/jmkarting.com\/liege\/?s={search_term_string}\"},\"query-input\":\"required name=search_term_string\"}],\"inLanguage\":\"fr-FR\"},{\"@type\":\"Organization\",\"@id\":\"https:\/\/jmkarting.com\/liege\/#organization\",\"name\":\"JMKARTING Li\u00e8ge\",\"url\":\"https:\/\/jmkarting.com\/liege\/\",\"logo\":{\"@type\":\"ImageObject\",\"inLanguage\":\"fr-FR\",\"@id\":\"https:\/\/jmkarting.com\/liege\/#\/schema\/logo\/image\/\",\"url\":\"https:\/\/jmkarting.com\/liege\/wp-content\/uploads\/sites\/3\/2023\/04\/logo.svg\",\"contentUrl\":\"https:\/\/jmkarting.com\/liege\/wp-content\/uploads\/sites\/3\/2023\/04\/logo.svg\",\"width\":301,\"height\":209,\"caption\":\"JMKARTING Li\u00e8ge\"},\"image\":{\"@id\":\"https:\/\/jmkarting.com\/liege\/#\/schema\/logo\/image\/\"}}]}<\/script>\n<!-- \/ Yoast SEO Premium plugin. -->","yoast_head_json":{"title":"JMKARTING Li\u00e8ge","description":"John Martin's Karting : 2 circuits indoor avec trac\u00e9s Formule 1 con\u00e7us pour vous d\u00e9passer - et vous surpasser - en toute s\u00e9curit\u00e9. Depuis plus de 15 ans, John Martin's Karting vous accueille \u00e0 Namur... et depuis plus de 8 ans, nous vous accueillons dans de toutes nouvelles installations \u00e0 Li\u00e8ge. De la location des karts par 1\/4h \u00e0 l'organisation de Team Building d'entreprise, John Martin's Karting se plie en quatre pour vous satisfaire. Bienvenu dans le monde des sports moteurs accessibles \u00e0 toutes et \u00e0 tous.","robots":{"index":"index","follow":"follow","max-snippet":"max-snippet:-1","max-image-preview":"max-image-preview:large","max-video-preview":"max-video-preview:-1"},"canonical":"https:\/\/jmkarting.com\/liege\/","og_locale":"fr_FR","og_type":"article","og_title":"JMKARTING Li\u00e8ge","og_description":"John Martin's Karting : 2 circuits indoor avec trac\u00e9s Formule 1 con\u00e7us pour vous d\u00e9passer - et vous surpasser - en toute s\u00e9curit\u00e9. Depuis plus de 15 ans, John Martin's Karting vous accueille \u00e0 Namur... et depuis plus de 8 ans, nous vous accueillons dans de toutes nouvelles installations \u00e0 Li\u00e8ge. De la location des karts par 1\/4h \u00e0 l'organisation de Team Building d'entreprise, John Martin's Karting se plie en quatre pour vous satisfaire. Bienvenu dans le monde des sports moteurs accessibles \u00e0 toutes et \u00e0 tous.","og_url":"https:\/\/jmkarting.com\/liege\/","og_site_name":"JMKARTING Li\u00e8ge","article_modified_time":"2024-02-03T12:52:16+00:00","twitter_card":"summary_large_image","schema":{"@context":"https:\/\/schema.org","@graph":[{"@type":"WebPage","@id":"https:\/\/jmkarting.com\/liege\/","url":"https:\/\/jmkarting.com\/liege\/","name":"JMKARTING Li\u00e8ge","isPartOf":{"@id":"https:\/\/jmkarting.com\/liege\/#website"},"datePublished":"2023-04-17T13:36:12+00:00","dateModified":"2024-02-03T12:52:16+00:00","description":"John Martin's Karting : 2 circuits indoor avec trac\u00e9s Formule 1 con\u00e7us pour vous d\u00e9passer - et vous surpasser - en toute s\u00e9curit\u00e9. Depuis plus de 15 ans, John Martin's Karting vous accueille \u00e0 Namur... et depuis plus de 8 ans, nous vous accueillons dans de toutes nouvelles installations \u00e0 Li\u00e8ge. De la location des karts par 1\/4h \u00e0 l'organisation de Team Building d'entreprise, John Martin's Karting se plie en quatre pour vous satisfaire. Bienvenu dans le monde des sports moteurs accessibles \u00e0 toutes et \u00e0 tous.","inLanguage":"fr-FR","potentialAction":[{"@type":"ReadAction","target":["https:\/\/jmkarting.com\/liege\/"]}]},{"@type":"WebSite","@id":"https:\/\/jmkarting.com\/liege\/#website","url":"https:\/\/jmkarting.com\/liege\/","name":"JMKARTING Li\u00e8ge","description":"","publisher":{"@id":"https:\/\/jmkarting.com\/liege\/#organization"},"potentialAction":[{"@type":"SearchAction","target":{"@type":"EntryPoint","urlTemplate":"https:\/\/jmkarting.com\/liege\/?s={search_term_string}"},"query-input":"required name=search_term_string"}],"inLanguage":"fr-FR"},{"@type":"Organization","@id":"https:\/\/jmkarting.com\/liege\/#organization","name":"JMKARTING Li\u00e8ge","url":"https:\/\/jmkarting.com\/liege\/","logo":{"@type":"ImageObject","inLanguage":"fr-FR","@id":"https:\/\/jmkarting.com\/liege\/#\/schema\/logo\/image\/","url":"https:\/\/jmkarting.com\/liege\/wp-content\/uploads\/sites\/3\/2023\/04\/logo.svg","contentUrl":"https:\/\/jmkarting.com\/liege\/wp-content\/uploads\/sites\/3\/2023\/04\/logo.svg","width":301,"height":209,"caption":"JMKARTING Li\u00e8ge"},"image":{"@id":"https:\/\/jmkarting.com\/liege\/#\/schema\/logo\/image\/"}}]}},"_links":{"self":[{"href":"https:\/\/jmkarting.com\/liege\/wp-json\/wp\/v2\/pages\/12819"}],"collection":[{"href":"https:\/\/jmkarting.com\/liege\/wp-json\/wp\/v2\/pages"}],"about":[{"href":"https:\/\/jmkarting.com\/liege\/wp-json\/wp\/v2\/types\/page"}],"author":[{"embeddable":true,"href":"https:\/\/jmkarting.com\/liege\/wp-json\/wp\/v2\/users\/1"}],"replies":[{"embeddable":true,"href":"https:\/\/jmkarting.com\/liege\/wp-json\/wp\/v2\/comments?post=12819"}],"version-history":[{"count":19,"href":"https:\/\/jmkarting.com\/liege\/wp-json\/wp\/v2\/pages\/12819\/revisions"}],"predecessor-version":[{"id":13210,"href":"https:\/\/jmkarting.com\/liege\/wp-json\/wp\/v2\/pages\/12819\/revisions\/13210"}],"wp:attachment":[{"href":"https:\/\/jmkarting.com\/liege\/wp-json\/wp\/v2\/media?parent=12819"}],"curies":[{"name":"wp","href":"https:\/\/api.w.org\/{rel}","templated":true}]}}