{"id":13650,"date":"2025-10-30T14:24:32","date_gmt":"2025-10-30T13:24:32","guid":{"rendered":"https:\/\/jmkarting.com\/liege\/?page_id=13650"},"modified":"2026-02-13T16:52:32","modified_gmt":"2026-02-13T15:52:32","slug":"jmkids-liege-stage-avril-2026","status":"publish","type":"page","link":"https:\/\/jmkarting.com\/liege\/jmkids-liege-stage-avril-2026\/","title":{"rendered":"JMKids LIEGE Stage Avril 2026"},"content":{"rendered":"<p><span style=\"color: #ff490d;\"><strong>JMKids LIEGE<\/strong><\/span> &#8211; Stage organis\u00e9 du xxx au xxx<\/p>\n<p><strong>Programme<\/strong><\/p>\n<p><u><\/u>Cours de pilotage th\u00e9oriques et pratiques<br \/>\nContr\u00f4le et ma\u00eetrise d\u2019un kart<br \/>\nM\u00e9canique de base 4-temps et 2-temps \/ Set-up du kart<br \/>\nApprentissage des r\u00e8glements<\/p>\n<p><strong>Informations pratiques<\/strong><\/p>\n<p><u><\/u>8h45 : Accueil des kids (9h00 D\u00e9but des cours)<br \/>\n12h15 : Pause \u00ab Repas \u00bb &gt; Les kids doivent apporter leur pique-nique !<br \/>\n15h15 : Go\u00fbter offert par JMK<br \/>\n16h45 : Fin des activit\u00e9s<\/p>\n<p>Nous demandons aux parents de ne pas se pr\u00e9senter pendant les heures de stage dans notre \u00e9tablissement (celui-ci sera accessible \u00e0 partir de 16h35).<br \/>\nNous invitons les parents, la famille et les amis \u00e0 assister \u00e0 l\u2019\u00e9v\u00e9nement qui cl\u00f4turera le stage le mercredi apr\u00e8s-midi (\u00e0 partir de 13h45).<\/p>\n<p><strong>Inscription \/ Tarif<\/strong><\/p>\n<p>1) Bulletin d\u2019inscription \u00e0\u00a0 compl\u00e9ter par le(s) parent(s) : Voir ci-dessous.<br \/>\n2) Virement de 204,00 EUR \u00e0 verser sur notre compte bancaire.<br \/>\nJMK LIEGE : BE50 0014 2317 6118 \u2013 Veuillez indiquer la mention suivante : \u00ab\u00a0Nom du pilote\u00a0\u00bb + Stage Juillet 2026 ou Stage Ao\u00fbt 2026<\/p>\n<p>Inscription + Paiement = Participation valid\u00e9e.<br \/>\nPaiement indispensable pour confirmer la participation. Paiement unique (pas de paiement fractionn\u00e9).<\/p>\n<p><strong>Remarques<\/strong><\/p>\n<p><u><\/u>Nombre maximum de participants au stage\u00a0: 25 enfants.<\/p>\n<p>La participation \u00e0 un stage est conseill\u00e9e \u00e0 partir de 8 ans (et donc d\u00e9conseill\u00e9e pour les 6 et 7 ans). Il est conseill\u00e9 de venir d\u2019abord essayer le karting un dimanche matin (ou un mercredi apr\u00e8s-midi dans notre \u00e9tablissement de LIEGE Fl\u00e9ron), pendant les horaires propres \u00e0 JMKids. Nous d\u00e9conseillons d\u2019inscrire un jeune sans qu\u2019il soit, au pr\u00e9alable, venu au moins 3 ou 4 fois essayer ce sport.<br \/>\nPas de remboursement, m\u00eame partiel, quelle qu&rsquo;en soit la raison.<\/p>\n<hr \/>\n<h4><strong>Bulletin d&rsquo;inscription<\/strong><\/h4>\n<p>Bient\u00f4t disponible<\/p>\n","protected":false},"excerpt":{"rendered":"<p>JMKids LIEGE &#8211; Stage organis\u00e9 du xxx au xxx Programme Cours de pilotage th\u00e9oriques et pratiques Contr\u00f4le et ma\u00eetrise d\u2019un kart M\u00e9canique de base 4-temps et 2-temps \/ Set-up du kart Apprentissage des r\u00e8glements Informations pratiques 8h45 : Accueil des kids (9h00 D\u00e9but des cours) 12h15 : Pause \u00ab Repas \u00bb &gt; Les kids doivent [&hellip;]<\/p>\n","protected":false},"author":2,"featured_media":8936,"parent":0,"menu_order":0,"comment_status":"closed","ping_status":"closed","template":"","meta":{"footnotes":""},"class_list":["post-13650","page","type-page","status-publish","has-post-thumbnail","hentry"],"acf":[],"yoast_head":"<!-- This site is optimized with the Yoast SEO Premium plugin v21.7 (Yoast SEO v21.7) - https:\/\/yoast.com\/wordpress\/plugins\/seo\/ -->\n<title>JMKids LIEGE Stage Avril 2026 - JMKARTING Li\u00e8ge<\/title>\n<meta name=\"robots\" content=\"index, follow, max-snippet:-1, max-image-preview:large, max-video-preview:-1\" \/>\n<link rel=\"canonical\" href=\"https:\/\/jmkarting.com\/liege\/jmkids-liege-stage-avril-2026\/\" \/>\n<meta property=\"og:locale\" content=\"fr_FR\" \/>\n<meta property=\"og:type\" content=\"article\" \/>\n<meta property=\"og:title\" content=\"JMKids LIEGE Stage Avril 2026 - JMKARTING Li\u00e8ge\" \/>\n<meta property=\"og:description\" content=\"JMKids LIEGE &#8211; Stage organis\u00e9 du xxx au xxx Programme Cours de pilotage th\u00e9oriques et pratiques Contr\u00f4le et ma\u00eetrise d\u2019un kart M\u00e9canique de base 4-temps et 2-temps \/ Set-up du kart Apprentissage des r\u00e8glements Informations pratiques 8h45 : Accueil des kids (9h00 D\u00e9but des cours) 12h15 : Pause \u00ab Repas \u00bb &gt; Les kids doivent [&hellip;]\" \/>\n<meta property=\"og:url\" content=\"https:\/\/jmkarting.com\/liege\/jmkids-liege-stage-avril-2026\/\" \/>\n<meta property=\"og:site_name\" content=\"JMKARTING Li\u00e8ge\" \/>\n<meta property=\"article:modified_time\" content=\"2026-02-13T15:52:32+00:00\" \/>\n<meta property=\"og:image\" content=\"https:\/\/jmkarting.com\/liege\/wp-content\/uploads\/sites\/3\/2023\/06\/20230419TL_Kingsize-JMKARTING_295.jpg\" \/>\n\t<meta property=\"og:image:width\" content=\"2048\" \/>\n\t<meta property=\"og:image:height\" content=\"1365\" \/>\n\t<meta property=\"og:image:type\" content=\"image\/jpeg\" \/>\n<meta name=\"twitter:card\" content=\"summary_large_image\" \/>\n<meta name=\"twitter:label1\" content=\"Dur\u00e9e de lecture estim\u00e9e\" \/>\n\t<meta name=\"twitter:data1\" content=\"2 minutes\" \/>\n<script type=\"application\/ld+json\" class=\"yoast-schema-graph\">{\"@context\":\"https:\/\/schema.org\",\"@graph\":[{\"@type\":\"WebPage\",\"@id\":\"https:\/\/jmkarting.com\/liege\/jmkids-liege-stage-avril-2026\/\",\"url\":\"https:\/\/jmkarting.com\/liege\/jmkids-liege-stage-avril-2026\/\",\"name\":\"JMKids LIEGE Stage Avril 2026 - JMKARTING Li\u00e8ge\",\"isPartOf\":{\"@id\":\"https:\/\/jmkarting.com\/liege\/#website\"},\"datePublished\":\"2025-10-30T13:24:32+00:00\",\"dateModified\":\"2026-02-13T15:52:32+00:00\",\"inLanguage\":\"fr-FR\",\"potentialAction\":[{\"@type\":\"ReadAction\",\"target\":[\"https:\/\/jmkarting.com\/liege\/jmkids-liege-stage-avril-2026\/\"]}]},{\"@type\":\"WebSite\",\"@id\":\"https:\/\/jmkarting.com\/liege\/#website\",\"url\":\"https:\/\/jmkarting.com\/liege\/\",\"name\":\"JMKARTING Li\u00e8ge\",\"description\":\"\",\"publisher\":{\"@id\":\"https:\/\/jmkarting.com\/liege\/#organization\"},\"potentialAction\":[{\"@type\":\"SearchAction\",\"target\":{\"@type\":\"EntryPoint\",\"urlTemplate\":\"https:\/\/jmkarting.com\/liege\/?s={search_term_string}\"},\"query-input\":\"required name=search_term_string\"}],\"inLanguage\":\"fr-FR\"},{\"@type\":\"Organization\",\"@id\":\"https:\/\/jmkarting.com\/liege\/#organization\",\"name\":\"JMKARTING Li\u00e8ge\",\"url\":\"https:\/\/jmkarting.com\/liege\/\",\"logo\":{\"@type\":\"ImageObject\",\"inLanguage\":\"fr-FR\",\"@id\":\"https:\/\/jmkarting.com\/liege\/#\/schema\/logo\/image\/\",\"url\":\"https:\/\/jmkarting.com\/liege\/wp-content\/uploads\/sites\/3\/2023\/04\/logo.svg\",\"contentUrl\":\"https:\/\/jmkarting.com\/liege\/wp-content\/uploads\/sites\/3\/2023\/04\/logo.svg\",\"width\":301,\"height\":209,\"caption\":\"JMKARTING Li\u00e8ge\"},\"image\":{\"@id\":\"https:\/\/jmkarting.com\/liege\/#\/schema\/logo\/image\/\"}}]}<\/script>\n<!-- \/ Yoast SEO Premium plugin. -->","yoast_head_json":{"title":"JMKids LIEGE Stage Avril 2026 - JMKARTING Li\u00e8ge","robots":{"index":"index","follow":"follow","max-snippet":"max-snippet:-1","max-image-preview":"max-image-preview:large","max-video-preview":"max-video-preview:-1"},"canonical":"https:\/\/jmkarting.com\/liege\/jmkids-liege-stage-avril-2026\/","og_locale":"fr_FR","og_type":"article","og_title":"JMKids LIEGE Stage Avril 2026 - JMKARTING Li\u00e8ge","og_description":"JMKids LIEGE &#8211; Stage organis\u00e9 du xxx au xxx Programme Cours de pilotage th\u00e9oriques et pratiques Contr\u00f4le et ma\u00eetrise d\u2019un kart M\u00e9canique de base 4-temps et 2-temps \/ Set-up du kart Apprentissage des r\u00e8glements Informations pratiques 8h45 : Accueil des kids (9h00 D\u00e9but des cours) 12h15 : Pause \u00ab Repas \u00bb &gt; Les kids doivent [&hellip;]","og_url":"https:\/\/jmkarting.com\/liege\/jmkids-liege-stage-avril-2026\/","og_site_name":"JMKARTING Li\u00e8ge","article_modified_time":"2026-02-13T15:52:32+00:00","og_image":[{"width":2048,"height":1365,"url":"https:\/\/jmkarting.com\/liege\/wp-content\/uploads\/sites\/3\/2023\/06\/20230419TL_Kingsize-JMKARTING_295.jpg","type":"image\/jpeg"}],"twitter_card":"summary_large_image","twitter_misc":{"Dur\u00e9e de lecture estim\u00e9e":"2 minutes"},"schema":{"@context":"https:\/\/schema.org","@graph":[{"@type":"WebPage","@id":"https:\/\/jmkarting.com\/liege\/jmkids-liege-stage-avril-2026\/","url":"https:\/\/jmkarting.com\/liege\/jmkids-liege-stage-avril-2026\/","name":"JMKids LIEGE Stage Avril 2026 - JMKARTING Li\u00e8ge","isPartOf":{"@id":"https:\/\/jmkarting.com\/liege\/#website"},"datePublished":"2025-10-30T13:24:32+00:00","dateModified":"2026-02-13T15:52:32+00:00","inLanguage":"fr-FR","potentialAction":[{"@type":"ReadAction","target":["https:\/\/jmkarting.com\/liege\/jmkids-liege-stage-avril-2026\/"]}]},{"@type":"WebSite","@id":"https:\/\/jmkarting.com\/liege\/#website","url":"https:\/\/jmkarting.com\/liege\/","name":"JMKARTING Li\u00e8ge","description":"","publisher":{"@id":"https:\/\/jmkarting.com\/liege\/#organization"},"potentialAction":[{"@type":"SearchAction","target":{"@type":"EntryPoint","urlTemplate":"https:\/\/jmkarting.com\/liege\/?s={search_term_string}"},"query-input":"required name=search_term_string"}],"inLanguage":"fr-FR"},{"@type":"Organization","@id":"https:\/\/jmkarting.com\/liege\/#organization","name":"JMKARTING Li\u00e8ge","url":"https:\/\/jmkarting.com\/liege\/","logo":{"@type":"ImageObject","inLanguage":"fr-FR","@id":"https:\/\/jmkarting.com\/liege\/#\/schema\/logo\/image\/","url":"https:\/\/jmkarting.com\/liege\/wp-content\/uploads\/sites\/3\/2023\/04\/logo.svg","contentUrl":"https:\/\/jmkarting.com\/liege\/wp-content\/uploads\/sites\/3\/2023\/04\/logo.svg","width":301,"height":209,"caption":"JMKARTING Li\u00e8ge"},"image":{"@id":"https:\/\/jmkarting.com\/liege\/#\/schema\/logo\/image\/"}}]}},"_links":{"self":[{"href":"https:\/\/jmkarting.com\/liege\/wp-json\/wp\/v2\/pages\/13650"}],"collection":[{"href":"https:\/\/jmkarting.com\/liege\/wp-json\/wp\/v2\/pages"}],"about":[{"href":"https:\/\/jmkarting.com\/liege\/wp-json\/wp\/v2\/types\/page"}],"author":[{"embeddable":true,"href":"https:\/\/jmkarting.com\/liege\/wp-json\/wp\/v2\/users\/2"}],"replies":[{"embeddable":true,"href":"https:\/\/jmkarting.com\/liege\/wp-json\/wp\/v2\/comments?post=13650"}],"version-history":[{"count":6,"href":"https:\/\/jmkarting.com\/liege\/wp-json\/wp\/v2\/pages\/13650\/revisions"}],"predecessor-version":[{"id":13780,"href":"https:\/\/jmkarting.com\/liege\/wp-json\/wp\/v2\/pages\/13650\/revisions\/13780"}],"wp:featuredmedia":[{"embeddable":true,"href":"https:\/\/jmkarting.com\/liege\/wp-json\/wp\/v2\/media\/8936"}],"wp:attachment":[{"href":"https:\/\/jmkarting.com\/liege\/wp-json\/wp\/v2\/media?parent=13650"}],"curies":[{"name":"wp","href":"https:\/\/api.w.org\/{rel}","templated":true}]}}