{"id":36,"date":"2023-04-18T14:39:43","date_gmt":"2023-04-18T12:39:43","guid":{"rendered":"https:\/\/jmkarting.com\/namur\/?page_id=36"},"modified":"2023-12-27T14:46:54","modified_gmt":"2023-12-27T13:46:54","slug":"evenements","status":"publish","type":"page","link":"https:\/\/jmkarting.com\/liege\/evenements\/","title":{"rendered":"\u00c9v\u00e9nements JMK"},"content":{"rendered":"","protected":false},"excerpt":{"rendered":"","protected":false},"author":1,"featured_media":8985,"parent":0,"menu_order":0,"comment_status":"closed","ping_status":"closed","template":"template-events.php","meta":{"footnotes":""},"class_list":["post-36","page","type-page","status-publish","has-post-thumbnail","hentry"],"acf":[],"yoast_head":"<!-- This site is optimized with the Yoast SEO Premium plugin v21.7 (Yoast SEO v21.7) - https:\/\/yoast.com\/wordpress\/plugins\/seo\/ -->\n<title>\u00c9v\u00e9nements JMK - JMKARTING Li\u00e8ge<\/title>\n<meta name=\"robots\" content=\"index, follow, max-snippet:-1, max-image-preview:large, max-video-preview:-1\" \/>\n<link rel=\"canonical\" href=\"https:\/\/jmkarting.com\/liege\/evenements\/\" \/>\n<meta property=\"og:locale\" content=\"fr_FR\" \/>\n<meta property=\"og:type\" content=\"article\" \/>\n<meta property=\"og:title\" content=\"\u00c9v\u00e9nements JMK - JMKARTING Li\u00e8ge\" \/>\n<meta property=\"og:url\" content=\"https:\/\/jmkarting.com\/liege\/evenements\/\" \/>\n<meta property=\"og:site_name\" content=\"JMKARTING Li\u00e8ge\" \/>\n<meta property=\"article:modified_time\" content=\"2023-12-27T13:46:54+00:00\" \/>\n<meta property=\"og:image\" content=\"https:\/\/jmkarting.com\/liege\/wp-content\/uploads\/sites\/3\/2023\/06\/20230419TL_Kingsize-JMKARTING_381-1.jpg\" \/>\n\t<meta property=\"og:image:width\" content=\"2048\" \/>\n\t<meta property=\"og:image:height\" content=\"1365\" \/>\n\t<meta property=\"og:image:type\" content=\"image\/jpeg\" \/>\n<meta name=\"twitter:card\" content=\"summary_large_image\" \/>\n<script type=\"application\/ld+json\" class=\"yoast-schema-graph\">{\"@context\":\"https:\/\/schema.org\",\"@graph\":[{\"@type\":\"WebPage\",\"@id\":\"https:\/\/jmkarting.com\/liege\/evenements\/\",\"url\":\"https:\/\/jmkarting.com\/liege\/evenements\/\",\"name\":\"\u00c9v\u00e9nements JMK - JMKARTING Li\u00e8ge\",\"isPartOf\":{\"@id\":\"https:\/\/jmkarting.com\/liege\/#website\"},\"datePublished\":\"2023-04-18T12:39:43+00:00\",\"dateModified\":\"2023-12-27T13:46:54+00:00\",\"inLanguage\":\"fr-FR\",\"potentialAction\":[{\"@type\":\"ReadAction\",\"target\":[\"https:\/\/jmkarting.com\/liege\/evenements\/\"]}]},{\"@type\":\"WebSite\",\"@id\":\"https:\/\/jmkarting.com\/liege\/#website\",\"url\":\"https:\/\/jmkarting.com\/liege\/\",\"name\":\"JMKARTING Li\u00e8ge\",\"description\":\"\",\"publisher\":{\"@id\":\"https:\/\/jmkarting.com\/liege\/#organization\"},\"potentialAction\":[{\"@type\":\"SearchAction\",\"target\":{\"@type\":\"EntryPoint\",\"urlTemplate\":\"https:\/\/jmkarting.com\/liege\/?s={search_term_string}\"},\"query-input\":\"required name=search_term_string\"}],\"inLanguage\":\"fr-FR\"},{\"@type\":\"Organization\",\"@id\":\"https:\/\/jmkarting.com\/liege\/#organization\",\"name\":\"JMKARTING Li\u00e8ge\",\"url\":\"https:\/\/jmkarting.com\/liege\/\",\"logo\":{\"@type\":\"ImageObject\",\"inLanguage\":\"fr-FR\",\"@id\":\"https:\/\/jmkarting.com\/liege\/#\/schema\/logo\/image\/\",\"url\":\"https:\/\/jmkarting.com\/liege\/wp-content\/uploads\/sites\/3\/2023\/04\/logo.svg\",\"contentUrl\":\"https:\/\/jmkarting.com\/liege\/wp-content\/uploads\/sites\/3\/2023\/04\/logo.svg\",\"width\":301,\"height\":209,\"caption\":\"JMKARTING Li\u00e8ge\"},\"image\":{\"@id\":\"https:\/\/jmkarting.com\/liege\/#\/schema\/logo\/image\/\"}}]}<\/script>\n<!-- \/ Yoast SEO Premium plugin. -->","yoast_head_json":{"title":"\u00c9v\u00e9nements JMK - JMKARTING Li\u00e8ge","robots":{"index":"index","follow":"follow","max-snippet":"max-snippet:-1","max-image-preview":"max-image-preview:large","max-video-preview":"max-video-preview:-1"},"canonical":"https:\/\/jmkarting.com\/liege\/evenements\/","og_locale":"fr_FR","og_type":"article","og_title":"\u00c9v\u00e9nements JMK - JMKARTING Li\u00e8ge","og_url":"https:\/\/jmkarting.com\/liege\/evenements\/","og_site_name":"JMKARTING Li\u00e8ge","article_modified_time":"2023-12-27T13:46:54+00:00","og_image":[{"width":2048,"height":1365,"url":"https:\/\/jmkarting.com\/liege\/wp-content\/uploads\/sites\/3\/2023\/06\/20230419TL_Kingsize-JMKARTING_381-1.jpg","type":"image\/jpeg"}],"twitter_card":"summary_large_image","schema":{"@context":"https:\/\/schema.org","@graph":[{"@type":"WebPage","@id":"https:\/\/jmkarting.com\/liege\/evenements\/","url":"https:\/\/jmkarting.com\/liege\/evenements\/","name":"\u00c9v\u00e9nements JMK - JMKARTING Li\u00e8ge","isPartOf":{"@id":"https:\/\/jmkarting.com\/liege\/#website"},"datePublished":"2023-04-18T12:39:43+00:00","dateModified":"2023-12-27T13:46:54+00:00","inLanguage":"fr-FR","potentialAction":[{"@type":"ReadAction","target":["https:\/\/jmkarting.com\/liege\/evenements\/"]}]},{"@type":"WebSite","@id":"https:\/\/jmkarting.com\/liege\/#website","url":"https:\/\/jmkarting.com\/liege\/","name":"JMKARTING Li\u00e8ge","description":"","publisher":{"@id":"https:\/\/jmkarting.com\/liege\/#organization"},"potentialAction":[{"@type":"SearchAction","target":{"@type":"EntryPoint","urlTemplate":"https:\/\/jmkarting.com\/liege\/?s={search_term_string}"},"query-input":"required name=search_term_string"}],"inLanguage":"fr-FR"},{"@type":"Organization","@id":"https:\/\/jmkarting.com\/liege\/#organization","name":"JMKARTING Li\u00e8ge","url":"https:\/\/jmkarting.com\/liege\/","logo":{"@type":"ImageObject","inLanguage":"fr-FR","@id":"https:\/\/jmkarting.com\/liege\/#\/schema\/logo\/image\/","url":"https:\/\/jmkarting.com\/liege\/wp-content\/uploads\/sites\/3\/2023\/04\/logo.svg","contentUrl":"https:\/\/jmkarting.com\/liege\/wp-content\/uploads\/sites\/3\/2023\/04\/logo.svg","width":301,"height":209,"caption":"JMKARTING Li\u00e8ge"},"image":{"@id":"https:\/\/jmkarting.com\/liege\/#\/schema\/logo\/image\/"}}]}},"_links":{"self":[{"href":"https:\/\/jmkarting.com\/liege\/wp-json\/wp\/v2\/pages\/36"}],"collection":[{"href":"https:\/\/jmkarting.com\/liege\/wp-json\/wp\/v2\/pages"}],"about":[{"href":"https:\/\/jmkarting.com\/liege\/wp-json\/wp\/v2\/types\/page"}],"author":[{"embeddable":true,"href":"https:\/\/jmkarting.com\/liege\/wp-json\/wp\/v2\/users\/1"}],"replies":[{"embeddable":true,"href":"https:\/\/jmkarting.com\/liege\/wp-json\/wp\/v2\/comments?post=36"}],"version-history":[{"count":1,"href":"https:\/\/jmkarting.com\/liege\/wp-json\/wp\/v2\/pages\/36\/revisions"}],"predecessor-version":[{"id":12852,"href":"https:\/\/jmkarting.com\/liege\/wp-json\/wp\/v2\/pages\/36\/revisions\/12852"}],"wp:featuredmedia":[{"embeddable":true,"href":"https:\/\/jmkarting.com\/liege\/wp-json\/wp\/v2\/media\/8985"}],"wp:attachment":[{"href":"https:\/\/jmkarting.com\/liege\/wp-json\/wp\/v2\/media?parent=36"}],"curies":[{"name":"wp","href":"https:\/\/api.w.org\/{rel}","templated":true}]}}