{"id":7138,"date":"2018-11-23T13:05:48","date_gmt":"2018-11-23T12:05:48","guid":{"rendered":"http:\/\/jmkarting.com\/?page_id=7138"},"modified":"2026-04-20T16:26:15","modified_gmt":"2026-04-20T14:26:15","slug":"sessions-par-14h","status":"publish","type":"page","link":"https:\/\/jmkarting.com\/liege\/sessions-par-14h\/","title":{"rendered":"Sessions par 1\/4h"},"content":{"rendered":"<section class=\"wpb-content-wrapper\"><p>[vc_row][vc_column][vc_column_text]<\/p>\n<h2>Nos tarifs pour la location des karts par 1\/4h<\/h2>\n<p>[\/vc_column_text][vc_column_text]Vous trouverez ci-dessous les tarifications par 1\/4h. Tous ces tarifs s\u2019entendent TVA 6% comprise. N\u2019oubliez pas votre carte d\u2019identit\u00e9. L\u2019acc\u00e8s \u00e0 la piste peut \u00eatre refus\u00e9 si vous ne pr\u00e9sentez pas votre carte d\u2019identit\u00e9.<\/p>\n<p>Chez\u00a0<span style=\"color: #ff490d;\"><strong>JMKARTING<\/strong><\/span>, une\u00a0<strong>session<\/strong>\u00a0dure\u00a0<strong>1\/4h<\/strong>, soit\u00a0<strong>15 minutes<\/strong>\u00a0!<\/p>\n<h4><span style=\"color: #fa3d02;\">JMK LIEGE<\/span> : Ferm\u00e9 du 13 avril au 07 juin 2026<br \/>\nDes travaux importants de r\u00e9novation compl\u00e8te de notre piste de <span style=\"color: #fa3d02;\">LIEGE Fl\u00e9ron<\/span> sont r\u00e9alis\u00e9s \u00e0 partir du 13\/04\/2026 (<span style=\"color: #fa3d02;\">100% NEW TRACK<\/span>).<br \/>\nFermeture de notre \u00e9tablissement li\u00e9geois pr\u00e9vue entre le 13\/04 et le 07\/06 (date de reprise \u00e0 confirmer) + UNE TOUTE <span style=\"color: #fa3d02;\">NOUVELLE FLOTTE DE KARTS<\/span> pr\u00e9vue d\u00e8s notre reprise !<\/h4>\n<p><em>Pour information, notre piste de <strong>NAMUR Floreffe<\/strong> reste accessible et vous accueille pendant la dur\u00e9e de ces travaux !<\/em>[\/vc_column_text][vc_separator style=\u00a0\u00bbdotted\u00a0\u00bb][vc_row_inner equal_height=\u00a0\u00bbyes\u00a0\u00bb content_placement=\u00a0\u00bbmiddle\u00a0\u00bb][vc_column_inner width=\u00a0\u00bb1\/12&Prime;][vc_icon icon_fontawesome=\u00a0\u00bbfa fa-exclamation-circle\u00a0\u00bb color=\u00a0\u00bbcustom\u00a0\u00bb align=\u00a0\u00bbright\u00a0\u00bb custom_color=\u00a0\u00bb#ff490d\u00a0\u00bb][\/vc_column_inner][vc_column_inner width=\u00a0\u00bb11\/12&Prime;][vc_column_text]<span style=\"color: #ff490d;\">Condition d\u2019acc\u00e8s\u00a0: Taille minimale indispensable 1m55.<\/span>[\/vc_column_text][\/vc_column_inner][\/vc_row_inner][vc_separator style=\u00a0\u00bbdotted\u00a0\u00bb][vc_column_text]<\/p>\n<h3><span style=\"color: #fa3d02;\">Karts 9CV (&amp; Karts KID)<\/span><\/h3>\n<h4><strong><span style=\"color: #fa3d02;\">Membre JMK LIEGE Fl\u00e9ron<\/span><\/strong><\/h4>\n<p>1\/4h (soit <strong>15 minutes<\/strong>) : 20,00 EUR<br \/>\nPromo 2<em>\u00e8me<\/em> 1\/4h : 18,00 EUR<br \/>\n<em>Promo valable sur les 2\u00e8me et 4\u00e8me 1\/4h<\/em><\/p>\n<p>Abonnements Karts 9CV (r\u00e9serv\u00e9s aux Membres JMK LIEGE Fl\u00e9ron)<\/p>\n<ul>\n<li>5 Sessions : 92,00 EUR (valables 2 mois)<\/li>\n<li>10 Sessions : 176,00 EUR (valables 4 mois)<\/li>\n<li>20 Sessions : 336,00 EUR (valables 6 mois)<\/li>\n<li>50 Sessions : 800,00 EUR (valables 1 an)<\/li>\n<li>90 Sessions : 1.305,00 EUR (valables 1 an)<\/li>\n<\/ul>\n<p><em>La dur\u00e9e de validit\u00e9 des abonnements n&rsquo;est pas modifiable, m\u00eame en cas de couverture par Certificat m\u00e9dical.<\/em><\/p>\n<h4><strong><span style=\"color: #fa3d02;\">Carte de membre JMK LIEGE Fl\u00e9ron<\/span><\/strong><\/h4>\n<p>Cr\u00e9ation et renouvellement : 6,00 EUR \u2013 Valable 1 an<\/p>\n<p>Vos avantages Membre JMK LIEGE Fl\u00e9ron :<\/p>\n<ul>\n<li>R\u00e9duction sur vos 2\u00e8me et 4\u00e8me 1\/4h.<\/li>\n<li>Possibilit\u00e9s d&rsquo;abonnements encore plus avantageux !<\/li>\n<li>Vous recevez vos chronos sur votre adresse mail \u00e0 la fin de chaque 1\/4h.<\/li>\n<li>Vous avez acc\u00e8s \u00e0 vos param\u00e8tres et \u00e0 vos statistiques en ligne :\u00a0<a href=\"https:\/\/jmkarting.com\/liege\/mes-chronos\/\">Les Chronos JMK LIEGE<\/a><\/li>\n<\/ul>\n<p><em>La carte de membre n\u2019est pas obligatoire pour la location des karts 9CV.<\/em><\/p>\n<h4><strong><span style=\"color: #fa3d02;\">Non Membre<\/span><\/strong><\/h4>\n<p>Tarif unique : 20,00 EUR par 1\/4h (soit 15 minutes)<\/p>\n<hr \/>\n<h3><span style=\"color: #fa3d02;\">Karts 13CV<br \/>\n<\/span>(carte de membre obligatoire)<\/h3>\n<ul>\n<li>Tarif unique : 22,00 EUR par 1\/4h (soit <strong>15 minutes<\/strong>)<\/li>\n<li>R\u00e9duction et promotion non valables sur la location des karts 13CV<\/li>\n<li><em>Voir les conditions d&rsquo;acc\u00e8s<\/em><\/li>\n<\/ul>\n<hr \/>\n<p>Location des karts 9CV \u2013 Tarifs :\u00a0<a href=\"https:\/\/jmkarting.com\/liege\/wp-content\/uploads\/sites\/3\/2026\/04\/JMK-LIEGE-New-Tarifs-06-2026.pdf\">JMK LIEGE Fl\u00e9ron Location Session 15minutes<\/a><\/p>\n<p>Location des karts 13CV \u2013 Conditions &amp; Tarif :\u00a0<a href=\"https:\/\/jmkarting.com\/liege\/wp-content\/uploads\/sites\/3\/2026\/04\/JMK-LIEGE-New-Conditions-Tarif-13CV-06-2026.pdf\">JMK LIEGE Fl\u00e9ron Conditions &amp; Tarif 13CV<\/a>[\/vc_column_text][vc_column_text]<\/p>\n<h3 style=\"text-align: center;\">Facilit\u00e9 de paiement<\/h3>\n<p>[\/vc_column_text][vc_column_text]Terminal de paiement \u00ab\u00a0Bancontact\u00a0\u00bb + Carte de cr\u00e9dit (Visa, Mastercard, American Express). Nous privil\u00e9gions toujours le paiement \u00e9lectronique.[\/vc_column_text][\/vc_column][\/vc_row][vc_row][vc_column][vc_column_text]<\/p>\n<h2>R\u00e9servation pour la location des karts par 1\/4h<\/h2>\n<p>[\/vc_column_text][vc_column_text]Il est vivement conseill\u00e9 de r\u00e9server lorsque vous pr\u00e9voyez de nous rendre visite.\u00a0Particuli\u00e8rement les veilles de jours f\u00e9ri\u00e9s et de weekend ainsi que le weekend. Notre personnel se chargera de trouver la r\u00e9servation qui vous convient.<\/p>\n<ul>\n<li>Vous pouvez pr\u00e9voir une pause si vous prenez plusieurs sessions (15-30-45 minutes de pause) (\u00e0 pr\u00e9ciser lors de votre r\u00e9servation).<\/li>\n<li>Vous devez imp\u00e9rativement arriver 20 minutes \u00e0 l&rsquo;avance.<\/li>\n<li>La carte d&rsquo;identit\u00e9 est obligatoire.<\/li>\n<li>En cas de modification de la r\u00e9servation (annulation \/ modification du nombre de karts r\u00e9serv\u00e9s), il est imp\u00e9ratif de nous recontacter par t\u00e9l\u00e9phone pour faire enregistrer cette modification.<\/li>\n<li><span style=\"color: #ff490d;\"><strong>Taille minimale indispensable : 1m55.<\/strong><\/span><\/li>\n<\/ul>\n<p>[\/vc_column_text][vc_separator style=\u00a0\u00bbdotted\u00a0\u00bb][vc_row_inner equal_height=\u00a0\u00bbyes\u00a0\u00bb content_placement=\u00a0\u00bbmiddle\u00a0\u00bb][vc_column_inner width=\u00a0\u00bb1\/12&Prime;][vc_icon icon_fontawesome=\u00a0\u00bbfa fa-exclamation-circle\u00a0\u00bb color=\u00a0\u00bbcustom\u00a0\u00bb align=\u00a0\u00bbright\u00a0\u00bb custom_color=\u00a0\u00bb#ff490d\u00a0\u00bb][\/vc_column_inner][vc_column_inner width=\u00a0\u00bb11\/12&Prime;][vc_column_text]<\/p>\n<p style=\"text-align: left;\"><span style=\"color: #ff490d;\"><strong>R\u00e9servations conseill\u00e9es et prioritaires &#8211; Uniquement par t\u00e9l\u00e9phone pendant les heures d\u2019ouverture : +32 (0)4 344 44 00<\/strong><\/span><\/p>\n<p>[\/vc_column_text][\/vc_column_inner][\/vc_row_inner][vc_separator style=\u00a0\u00bbdotted\u00a0\u00bb][vc_column_text]<\/p>\n<h2>La piste rien que pour vous !<\/h2>\n<p>[\/vc_column_text][vc_column_text]Chez\u00a0<strong><span style=\"color: #ff490d;\">JMKARTING<\/span><\/strong>, il est possible de r\u00e9server la piste rien que pour vous ! (sur demande lors de votre r\u00e9servation)[\/vc_column_text][vc_column_text]<\/p>\n<h3>Conditions :<\/h3>\n<p>[\/vc_column_text][vc_column_text]<\/p>\n<ul>\n<li><span style=\"color: #ff490d;\"><strong>JMK LIEGE<\/strong> <\/span>: Du lundi au jeudi (sauf jour f\u00e9ri\u00e9 et veille de jour f\u00e9ri\u00e9) : Minimum 12 karts &#8211; Du vendredi au dimanche (+ jour f\u00e9ri\u00e9 et veille de jour f\u00e9ri\u00e9) : Pas d&rsquo;exclusivit\u00e9 de piste pour la location par 1\/4h.<\/li>\n<\/ul>\n<p>Pour tout autre type d&rsquo;\u00e9v\u00e9nements, nous vous invitons \u00e0 consulter la rubrique :[\/vc_column_text][vc_btn title=\u00a0\u00bbGROUPES Events &amp; Entreprises\u00a0\u00bb style=\u00a0\u00bboutline-custom\u00a0\u00bb outline_custom_color=\u00a0\u00bb#ff490d\u00a0\u00bb outline_custom_hover_background=\u00a0\u00bb#ff490d\u00a0\u00bb outline_custom_hover_text=\u00a0\u00bb#ffffff\u00a0\u00bb size=\u00a0\u00bblg\u00a0\u00bb link=\u00a0\u00bburl:https%3A%2F%2Fjmkarting.com%2Fliege%2Fgroupes%2F|title:GROUPES%20Events%20%26%20Entreprises\u00a0\u00bb][vc_column_text]<\/p>\n<h2>Disponibilit\u00e9s de la piste<\/h2>\n<p>[\/vc_column_text][vc_column_text]Des \u00e9v\u00e9nements peuvent \u00eatre organis\u00e9s sur notre piste de LIEGE Fl\u00e9ron durant les heures d&rsquo;ouverture ; voici un aper\u00e7u des p\u00e9riodes non disponibles (listes non exhaustives).[\/vc_column_text][vc_column_text]<\/p>\n<h3>En raison de l&rsquo;organisation d&rsquo;\u00e9v\u00e9nements, notre piste li\u00e8geoise ne sera pas accessible aux dates et heures suivantes :<\/h3>\n<p>[\/vc_column_text][vc_column_text]<\/p>\n<ul>\n<li>Samedi 20 juin de 14h00 \u00e0 15h15<\/li>\n<\/ul>\n<h4><span style=\"color: #fa3d02;\">JMK LIEGE<\/span> : Ferm\u00e9 du 13 avril au 07 juin 2026<br \/>\nDes travaux importants de r\u00e9novation compl\u00e8te de notre piste de <span style=\"color: #fa3d02;\">LIEGE Fl\u00e9ron<\/span> sont r\u00e9alis\u00e9s \u00e0 partir du 13\/04\/2026 (<span style=\"color: #fa3d02;\">100% NEW TRACK<\/span>).<br \/>\nFermeture de notre \u00e9tablissement li\u00e9geois pr\u00e9vue entre le 13\/04 et le 07\/06 (date de reprise \u00e0 confirmer) + UNE TOUTE <span style=\"color: #fa3d02;\">NOUVELLE FLOTTE DE KARTS<\/span> pr\u00e9vue d\u00e8s notre reprise !<\/h4>\n<p><em>Pour information, notre piste de <strong>NAMUR Floreffe<\/strong> reste accessible et vous accueille pendant la dur\u00e9e de ces travaux !<\/em>[\/vc_column_text][\/vc_column][\/vc_row][vc_row][vc_column][vc_column_text]<\/p>\n<p>[\/vc_column_text][\/vc_column][\/vc_row]<\/p>\n<\/section>","protected":false},"excerpt":{"rendered":"<p>[vc_row][vc_column][vc_column_text] Nos tarifs pour la location des karts par 1\/4h [\/vc_column_text][vc_column_text]Vous trouverez ci-dessous les tarifications par 1\/4h. Tous ces tarifs s\u2019entendent TVA 6% comprise. N\u2019oubliez pas votre carte d\u2019identit\u00e9. L\u2019acc\u00e8s \u00e0 la piste peut \u00eatre refus\u00e9 si vous ne pr\u00e9sentez pas votre carte d\u2019identit\u00e9. Chez\u00a0JMKARTING, une\u00a0session\u00a0dure\u00a01\/4h, soit\u00a015 minutes\u00a0! JMK LIEGE : Ferm\u00e9 du 13 avril [&hellip;]<\/p>\n","protected":false},"author":1,"featured_media":8929,"parent":0,"menu_order":0,"comment_status":"closed","ping_status":"closed","template":"","meta":{"footnotes":""},"class_list":["post-7138","page","type-page","status-publish","has-post-thumbnail","hentry"],"acf":[],"yoast_head":"<!-- This site is optimized with the Yoast SEO Premium plugin v21.7 (Yoast SEO v21.7) - https:\/\/yoast.com\/wordpress\/plugins\/seo\/ -->\n<title>Sessions par 1\/4h - JMKARTING Li\u00e8ge<\/title>\n<meta name=\"robots\" content=\"index, follow, max-snippet:-1, max-image-preview:large, max-video-preview:-1\" \/>\n<link rel=\"canonical\" href=\"https:\/\/jmkarting.com\/liege\/sessions-par-14h\/\" \/>\n<meta property=\"og:locale\" content=\"fr_FR\" \/>\n<meta property=\"og:type\" content=\"article\" \/>\n<meta property=\"og:title\" content=\"Sessions par 1\/4h - JMKARTING Li\u00e8ge\" \/>\n<meta property=\"og:description\" content=\"[vc_row][vc_column][vc_column_text] Nos tarifs pour la location des karts par 1\/4h [\/vc_column_text][vc_column_text]Vous trouverez ci-dessous les tarifications par 1\/4h. Tous ces tarifs s\u2019entendent TVA 6% comprise. N\u2019oubliez pas votre carte d\u2019identit\u00e9. L\u2019acc\u00e8s \u00e0 la piste peut \u00eatre refus\u00e9 si vous ne pr\u00e9sentez pas votre carte d\u2019identit\u00e9. Chez\u00a0JMKARTING, une\u00a0session\u00a0dure\u00a01\/4h, soit\u00a015 minutes\u00a0! JMK LIEGE : Ferm\u00e9 du 13 avril [&hellip;]\" \/>\n<meta property=\"og:url\" content=\"https:\/\/jmkarting.com\/liege\/sessions-par-14h\/\" \/>\n<meta property=\"og:site_name\" content=\"JMKARTING Li\u00e8ge\" \/>\n<meta property=\"article:modified_time\" content=\"2026-04-20T14:26:15+00:00\" \/>\n<meta property=\"og:image\" content=\"https:\/\/jmkarting.com\/liege\/wp-content\/uploads\/sites\/3\/2023\/06\/20230419TL_Kingsize-JMKARTING_423.jpg\" \/>\n\t<meta property=\"og:image:width\" content=\"2048\" \/>\n\t<meta property=\"og:image:height\" content=\"1365\" \/>\n\t<meta property=\"og:image:type\" content=\"image\/jpeg\" \/>\n<meta name=\"twitter:card\" content=\"summary_large_image\" \/>\n<meta name=\"twitter:label1\" content=\"Dur\u00e9e de lecture estim\u00e9e\" \/>\n\t<meta name=\"twitter:data1\" content=\"5 minutes\" \/>\n<script type=\"application\/ld+json\" class=\"yoast-schema-graph\">{\"@context\":\"https:\/\/schema.org\",\"@graph\":[{\"@type\":\"WebPage\",\"@id\":\"https:\/\/jmkarting.com\/liege\/sessions-par-14h\/\",\"url\":\"https:\/\/jmkarting.com\/liege\/sessions-par-14h\/\",\"name\":\"Sessions par 1\/4h - JMKARTING Li\u00e8ge\",\"isPartOf\":{\"@id\":\"https:\/\/jmkarting.com\/liege\/#website\"},\"datePublished\":\"2018-11-23T12:05:48+00:00\",\"dateModified\":\"2026-04-20T14:26:15+00:00\",\"inLanguage\":\"fr-FR\",\"potentialAction\":[{\"@type\":\"ReadAction\",\"target\":[\"https:\/\/jmkarting.com\/liege\/sessions-par-14h\/\"]}]},{\"@type\":\"WebSite\",\"@id\":\"https:\/\/jmkarting.com\/liege\/#website\",\"url\":\"https:\/\/jmkarting.com\/liege\/\",\"name\":\"JMKARTING Li\u00e8ge\",\"description\":\"\",\"publisher\":{\"@id\":\"https:\/\/jmkarting.com\/liege\/#organization\"},\"potentialAction\":[{\"@type\":\"SearchAction\",\"target\":{\"@type\":\"EntryPoint\",\"urlTemplate\":\"https:\/\/jmkarting.com\/liege\/?s={search_term_string}\"},\"query-input\":\"required name=search_term_string\"}],\"inLanguage\":\"fr-FR\"},{\"@type\":\"Organization\",\"@id\":\"https:\/\/jmkarting.com\/liege\/#organization\",\"name\":\"JMKARTING Li\u00e8ge\",\"url\":\"https:\/\/jmkarting.com\/liege\/\",\"logo\":{\"@type\":\"ImageObject\",\"inLanguage\":\"fr-FR\",\"@id\":\"https:\/\/jmkarting.com\/liege\/#\/schema\/logo\/image\/\",\"url\":\"https:\/\/jmkarting.com\/liege\/wp-content\/uploads\/sites\/3\/2023\/04\/logo.svg\",\"contentUrl\":\"https:\/\/jmkarting.com\/liege\/wp-content\/uploads\/sites\/3\/2023\/04\/logo.svg\",\"width\":301,\"height\":209,\"caption\":\"JMKARTING Li\u00e8ge\"},\"image\":{\"@id\":\"https:\/\/jmkarting.com\/liege\/#\/schema\/logo\/image\/\"}}]}<\/script>\n<!-- \/ Yoast SEO Premium plugin. -->","yoast_head_json":{"title":"Sessions par 1\/4h - JMKARTING Li\u00e8ge","robots":{"index":"index","follow":"follow","max-snippet":"max-snippet:-1","max-image-preview":"max-image-preview:large","max-video-preview":"max-video-preview:-1"},"canonical":"https:\/\/jmkarting.com\/liege\/sessions-par-14h\/","og_locale":"fr_FR","og_type":"article","og_title":"Sessions par 1\/4h - JMKARTING Li\u00e8ge","og_description":"[vc_row][vc_column][vc_column_text] Nos tarifs pour la location des karts par 1\/4h [\/vc_column_text][vc_column_text]Vous trouverez ci-dessous les tarifications par 1\/4h. Tous ces tarifs s\u2019entendent TVA 6% comprise. N\u2019oubliez pas votre carte d\u2019identit\u00e9. L\u2019acc\u00e8s \u00e0 la piste peut \u00eatre refus\u00e9 si vous ne pr\u00e9sentez pas votre carte d\u2019identit\u00e9. Chez\u00a0JMKARTING, une\u00a0session\u00a0dure\u00a01\/4h, soit\u00a015 minutes\u00a0! JMK LIEGE : Ferm\u00e9 du 13 avril [&hellip;]","og_url":"https:\/\/jmkarting.com\/liege\/sessions-par-14h\/","og_site_name":"JMKARTING Li\u00e8ge","article_modified_time":"2026-04-20T14:26:15+00:00","og_image":[{"width":2048,"height":1365,"url":"https:\/\/jmkarting.com\/liege\/wp-content\/uploads\/sites\/3\/2023\/06\/20230419TL_Kingsize-JMKARTING_423.jpg","type":"image\/jpeg"}],"twitter_card":"summary_large_image","twitter_misc":{"Dur\u00e9e de lecture estim\u00e9e":"5 minutes"},"schema":{"@context":"https:\/\/schema.org","@graph":[{"@type":"WebPage","@id":"https:\/\/jmkarting.com\/liege\/sessions-par-14h\/","url":"https:\/\/jmkarting.com\/liege\/sessions-par-14h\/","name":"Sessions par 1\/4h - JMKARTING Li\u00e8ge","isPartOf":{"@id":"https:\/\/jmkarting.com\/liege\/#website"},"datePublished":"2018-11-23T12:05:48+00:00","dateModified":"2026-04-20T14:26:15+00:00","inLanguage":"fr-FR","potentialAction":[{"@type":"ReadAction","target":["https:\/\/jmkarting.com\/liege\/sessions-par-14h\/"]}]},{"@type":"WebSite","@id":"https:\/\/jmkarting.com\/liege\/#website","url":"https:\/\/jmkarting.com\/liege\/","name":"JMKARTING Li\u00e8ge","description":"","publisher":{"@id":"https:\/\/jmkarting.com\/liege\/#organization"},"potentialAction":[{"@type":"SearchAction","target":{"@type":"EntryPoint","urlTemplate":"https:\/\/jmkarting.com\/liege\/?s={search_term_string}"},"query-input":"required name=search_term_string"}],"inLanguage":"fr-FR"},{"@type":"Organization","@id":"https:\/\/jmkarting.com\/liege\/#organization","name":"JMKARTING Li\u00e8ge","url":"https:\/\/jmkarting.com\/liege\/","logo":{"@type":"ImageObject","inLanguage":"fr-FR","@id":"https:\/\/jmkarting.com\/liege\/#\/schema\/logo\/image\/","url":"https:\/\/jmkarting.com\/liege\/wp-content\/uploads\/sites\/3\/2023\/04\/logo.svg","contentUrl":"https:\/\/jmkarting.com\/liege\/wp-content\/uploads\/sites\/3\/2023\/04\/logo.svg","width":301,"height":209,"caption":"JMKARTING Li\u00e8ge"},"image":{"@id":"https:\/\/jmkarting.com\/liege\/#\/schema\/logo\/image\/"}}]}},"_links":{"self":[{"href":"https:\/\/jmkarting.com\/liege\/wp-json\/wp\/v2\/pages\/7138"}],"collection":[{"href":"https:\/\/jmkarting.com\/liege\/wp-json\/wp\/v2\/pages"}],"about":[{"href":"https:\/\/jmkarting.com\/liege\/wp-json\/wp\/v2\/types\/page"}],"author":[{"embeddable":true,"href":"https:\/\/jmkarting.com\/liege\/wp-json\/wp\/v2\/users\/1"}],"replies":[{"embeddable":true,"href":"https:\/\/jmkarting.com\/liege\/wp-json\/wp\/v2\/comments?post=7138"}],"version-history":[{"count":194,"href":"https:\/\/jmkarting.com\/liege\/wp-json\/wp\/v2\/pages\/7138\/revisions"}],"predecessor-version":[{"id":13860,"href":"https:\/\/jmkarting.com\/liege\/wp-json\/wp\/v2\/pages\/7138\/revisions\/13860"}],"wp:featuredmedia":[{"embeddable":true,"href":"https:\/\/jmkarting.com\/liege\/wp-json\/wp\/v2\/media\/8929"}],"wp:attachment":[{"href":"https:\/\/jmkarting.com\/liege\/wp-json\/wp\/v2\/media?parent=7138"}],"curies":[{"name":"wp","href":"https:\/\/api.w.org\/{rel}","templated":true}]}}