{"id":7170,"date":"2018-11-23T14:21:28","date_gmt":"2018-11-23T13:21:28","guid":{"rendered":"http:\/\/jmkarting.com\/?page_id=7170"},"modified":"2026-04-10T19:30:07","modified_gmt":"2026-04-10T17:30:07","slug":"cours","status":"publish","type":"page","link":"https:\/\/jmkarting.com\/liege\/cours\/","title":{"rendered":"JMKids"},"content":{"rendered":"<section class=\"wpb-content-wrapper\"><p>[vc_row][vc_column][vc_column_text]Destin\u00e9e aux jeunes de 6 \u00e0 16 ans, l&rsquo;Ecole de Pilotage &#8211; <strong><span style=\"color: #fa3d02;\">JMKids<\/span><\/strong> leur permet d&rsquo;effectuer leurs premiers pas en karting en toute s\u00e9curit\u00e9.<br \/>\nLes jeunes pilotes s\u2019initient ou se perfectionnent aux joies de ce sport moteur en b\u00e9n\u00e9ficiant de l\u2019enseignement et des judicieux conseils de moniteurs exp\u00e9riment\u00e9s.<br \/>\nAu-del\u00e0 de l\u2019apprentissage de la conduite, c\u2019est une v\u00e9ritable le\u00e7on de sportivit\u00e9 et de fair-play qu\u2019ils leur donnent.<br \/>\n<em>Les adultes ne sont pas autoris\u00e9s \u00e0 rouler avec les kids.<\/em>[\/vc_column_text][vc_single_image image=\u00a0\u00bb13146&Prime; img_size=\u00a0\u00bbfull\u00a0\u00bb alignment=\u00a0\u00bbcenter\u00a0\u00bb][vc_column_text]<\/p>\n<h3>Quand ?<\/h3>\n<p>[\/vc_column_text][vc_column_text]<strong><span style=\"color: #ff490d;\">JMKids LIEGE<\/span><\/strong>\u00a0: Les mercredis de 16h \u00e0 18h et les dimanches de 9h \u00e0 14h.<\/p>\n<h4><span style=\"color: #fa3d02;\">JMK LIEGE<\/span> : Ferm\u00e9 du 13 avril au 07 juin 2026<br \/>\nDes travaux importants de r\u00e9novation compl\u00e8te de notre piste de <span style=\"color: #fa3d02;\">LIEGE Fl\u00e9ron<\/span> sont r\u00e9alis\u00e9s \u00e0 partir du 13\/04\/2026 (<span style=\"color: #fa3d02;\">100% NEW TRACK<\/span>).<br \/>\nFermeture de notre \u00e9tablissement li\u00e9geois pr\u00e9vue entre le 13\/04 et le 07\/06 (date de reprise \u00e0 confirmer).<\/h4>\n<p><em>Pour information, notre piste de <strong>NAMUR Floreffe<\/strong> reste accessible et vous accueille pendant la dur\u00e9e de ces travaux !<br \/>\nJMKids NAMUR Floreffe est accessible uniquement le dimanche entre 9h et 14h.<\/em>[\/vc_column_text][vc_column_text]<\/p>\n<h3>Pas d\u2019inscription, pas de r\u00e9servation.<\/h3>\n<p>[\/vc_column_text][vc_column_text]La location s\u2019effectue 1\/4h par 1\/4h avec une alternance entre les sessions \u00ab d\u00e9butant \u00bb \/ \u00ab stagiaire \u00bb \/ \u00ab pilote \u00bb. Aucune obligation de venir tous les mercredis ou dimanches. Aucune obligation de prendre plusieurs 1\/4h. Les heures de passage des cat\u00e9gories ne sont pas d\u00e9termin\u00e9es \u00e0 l\u2019avance\u2026 mais uniquement en fonction des premi\u00e8res arriv\u00e9es.<\/p>\n<p>La tournante entre chaque cat\u00e9gorie est d\u00e9termin\u00e9e en fonction de ces arriv\u00e9es. La location s\u2019effectue donc sur le principe du \u00ab premier arriv\u00e9 \/ premier servi \u00bb ; nous vous recommandons la plus grande prudence concernant votre heure d\u2019arriv\u00e9e (parfois beaucoup d\u2019attente \/ parfois \u00ab Complet \u00bb pour certaines cat\u00e9gories).<\/p>\n<p>Les sportifs en herbe sont class\u00e9s en trois niveaux :<\/p>\n<ul>\n<li><strong><span style=\"color: #ff490d;\">D\u00e9butant<\/span><\/strong> : apprentissage des notions de base (acc\u00e9l\u00e9ration, freinage).<\/li>\n<li><strong><span style=\"color: #ff490d;\">Stagiaire<\/span><\/strong> : ma\u00eetrise de la vitesse, d\u00e9passements, apprentissage des r\u00e8glements (drapeaux).<\/li>\n<li><strong><span style=\"color: #ff490d;\">Pilote<\/span><\/strong> : perfectionnement des trajectoires, respect des r\u00e8glements.<\/li>\n<\/ul>\n<p>Le passage d&rsquo;une cat\u00e9gorie \u00e0 une cat\u00e9gorie sup\u00e9rieure n&rsquo;est autoris\u00e9 que par les moniteurs.[\/vc_column_text][vc_empty_space][vc_column_text]<\/p>\n<h2>Le mat\u00e9riel<\/h2>\n<p>[\/vc_column_text][vc_column_text]Les jeunes pilotes roulent dans des karts adapt\u00e9s \u00e0 leur \u00e2ge et \u00e0 leur taille :<\/p>\n<ul>\n<li><strong>\u00c2ge minimal<\/strong> : 6 ans (accomplis)<\/li>\n<li><strong>Taille minimale<\/strong> : 1m25<\/li>\n<\/ul>\n<p>[\/vc_column_text][vc_column_text]<\/p>\n<h3>Deux types de karts disponibles :<\/h3>\n<p>[\/vc_column_text][vc_column_text]<span style=\"color: #ff490d;\">\u00ab\u00a0Mini-Kart\u00a0\u00bb<\/span> :\u00a0ils sont r\u00e9serv\u00e9s aux 6 &#8211; 10 ans (ch\u00e2ssis Sodikart, moteur Honda 160cc). \u00c9quip\u00e9s d&rsquo;un syst\u00e8me de p\u00e9dales \u00ab\u00a0Acc\u00e9l\u00e9rateur \/ Frein\u00a0\u00bb et d&rsquo;un baquet ajustables en longueur, ces Mini-Karts sont r\u00e9gl\u00e9s rapidement par nos moniteurs afin que chaque enfant conduise dans les meilleures conditions possibles.<\/p>\n<p><span style=\"color: #ff490d;\">\u00ab\u00a0Kart Cadet \/ Junior\u00a0\u00bb<\/span> : ils sont adapt\u00e9s aux 10 &#8211; 16 ans (ch\u00e2ssis Sodikart, moteur Honda 270cc &#8211; 9CV).<\/p>\n<p>Pour une conduite dans des conditions optimales de s\u00e9curit\u00e9, casque et minerve sont fournis gratuitement.[\/vc_column_text][vc_empty_space][vc_column_text]<\/p>\n<h2>Les Events &#8211; JMKids LIEGE<\/h2>\n<p>[\/vc_column_text][vc_column_text]Ces \u00e9v\u00e9nements\u00a0<strong>JMKids<\/strong>\u00a0sont propos\u00e9s aux kids des cat\u00e9gories \u00ab\u00a0<strong>Stagiaire<\/strong>\u00a0\u00bb et \u00ab\u00a0<strong>Pilote<\/strong> \u00bb organis\u00e9es le mercredi apr\u00e8s-midi et le dimanche matin ; ils permettent aux stagiaires et aux pilotes de pratiquer leur sport autrement que par session de 15 minutes.<\/p>\n<p>Ces \u00e9v\u00e9nements visent toujours les 3 objectifs suivants : Amusement \u2013 Progression \u2013 Fair Play.[\/vc_column_text][vc_column_text]<\/p>\n<ul>\n<li><strong>Toutes les infos<\/strong> : <a href=\"https:\/\/jmkarting.com\/liege\/wp-content\/uploads\/sites\/3\/2025\/12\/JMKids-LIEGE-Evenements-2026-Infos.pdf\" target=\"_blank\" rel=\"noopener\">JMKids LIEGE Ev\u00e9nements 2026 Infos<\/a><\/li>\n<\/ul>\n<p>[\/vc_column_text][vc_btn title=\u00a0\u00bbInscription Ev\u00e8nement JMKids LIEGE 02\/12\/2026&Prime; style=\u00a0\u00bboutline-custom\u00a0\u00bb outline_custom_color=\u00a0\u00bb#ff490d\u00a0\u00bb outline_custom_hover_background=\u00a0\u00bb#ff490d\u00a0\u00bb outline_custom_hover_text=\u00a0\u00bb#ffffff\u00a0\u00bb size=\u00a0\u00bblg\u00a0\u00bb link=\u00a0\u00bburl:https%3A%2F%2Fjmkarting.com%2Fliege%2Fsprints-kids%2F|title:JMKids%20LIEGE%20%E2%80%93%20Ev%C3%A8nement\u00a0\u00bb][vc_empty_space][vc_column_text]<\/p>\n<h2>Les Anniv&rsquo;Kids &#8211; JMKids LIEGE<\/h2>\n<p>[\/vc_column_text][vc_column_text]<span style=\"color: #ff490d;\">Date &amp; Heures<\/span> : \u00e0 d\u00e9terminer selon nos disponibilit\u00e9s (et uniquement sur r\u00e9servation). Organisation :<\/p>\n<ul>\n<li>Arriv\u00e9e<\/li>\n<li>Briefing th\u00e9orique<\/li>\n<li>Premier cours pratique<\/li>\n<li>Pause<\/li>\n<li>Deuxi\u00e8me cours pratique<\/li>\n<\/ul>\n<p>Tarifs \u00ab\u00a0Anniv&rsquo;Kids\u00a0\u00bb : les prix indiqu\u00e9s correspondent \u00e0 l&rsquo;organisation d\u00e9crite ci-dessus et implique l&rsquo;<span style=\"color: #ff490d;\"><strong>exclusivit\u00e9 de la piste<\/strong><\/span>.<\/p>\n<p>Prix TVA 6% comprise.<\/p>\n<ul>\n<li><strong><span style=\"color: #ff490d;\">JMKids LIEGE<\/span><\/strong>\u00a0:\u00a0<strong>2 x 15 minutes<\/strong> &#8211; Minimum 6 jeunes : 234,00 EUR.<\/li>\n<li>Par jeune suppl\u00e9mentaire : 34,00 EUR.<\/li>\n<li>Maximum 9 jeunes<\/li>\n<li>Option &#8211; G\u00e2teau d&rsquo;anniversaire (8 personnes) : 65,00 EUR (TVA 21% comprise). <em>Produit r\u00e9alis\u00e9 par un artisan boulanger p\u00e2tissier de la r\u00e9gion.<\/em><\/li>\n<\/ul>\n<p>Demandes compl\u00e9mentaires et demandes de r\u00e9servations via notre formulaire\u00a0<a title=\"Contact\" href=\"https:\/\/jmkarting.com\/liege\/horaires-contact\/\">Contact<\/a>.[\/vc_column_text][vc_empty_space][vc_column_text]<\/p>\n<h2>Les\u00a0stages &#8211; JMKids<\/h2>\n<p>[\/vc_column_text][vc_column_text]<span style=\"color: #fa3d02;\"><strong>JMKARTING<\/strong><\/span> organise r\u00e9guli\u00e8rement des stages de karting pour les kids durant les vacances scolaires. Nos prochains stages :<\/p>\n<ul>\n<li><strong><span style=\"color: #fa3d02;\">JMKids LIEGE<\/span><\/strong> : Du lundi 13 au mercredi 15 juillet 2026<\/li>\n<li><strong><span style=\"color: #fa3d02;\">JMKids LIEGE<\/span><\/strong> : Du lundi 10 au mercredi 12 ao\u00fbt 2026<\/li>\n<\/ul>\n<p>[\/vc_column_text][vc_empty_space][vc_btn title=\u00a0\u00bbRenseignements &amp; Inscription Stage Juillet 2026&Prime; style=\u00a0\u00bboutline-custom\u00a0\u00bb outline_custom_color=\u00a0\u00bb#ff490d\u00a0\u00bb outline_custom_hover_background=\u00a0\u00bb#ff490d\u00a0\u00bb outline_custom_hover_text=\u00a0\u00bb#ffffff\u00a0\u00bb size=\u00a0\u00bblg\u00a0\u00bb link=\u00a0\u00bburl:https%3A%2F%2Fjmkarting.com%2Fliege%2Fjmkids-liege-stage-juillet-2026%2F|title:JMKids%20LIEGE%20Stage%20Juillet%202026&Prime;][vc_empty_space][vc_btn title=\u00a0\u00bbRenseignements &amp; Inscription Stage Aout 2026&Prime; style=\u00a0\u00bboutline-custom\u00a0\u00bb outline_custom_color=\u00a0\u00bb#ff490d\u00a0\u00bb outline_custom_hover_background=\u00a0\u00bb#ff490d\u00a0\u00bb outline_custom_hover_text=\u00a0\u00bb#ffffff\u00a0\u00bb size=\u00a0\u00bblg\u00a0\u00bb link=\u00a0\u00bburl:https%3A%2F%2Fjmkarting.com%2Fliege%2Fjmkids-liege-stage-aout-2026%2F|title:JMKids%20LIEGE%20Stage%20Aout%202026&Prime;][\/vc_column][\/vc_row][vc_row][vc_column][\/vc_column][\/vc_row]<\/p>\n<\/section>","protected":false},"excerpt":{"rendered":"<p>[vc_row][vc_column][vc_column_text]Destin\u00e9e aux jeunes de 6 \u00e0 16 ans, l&rsquo;Ecole de Pilotage &#8211; JMKids leur permet d&rsquo;effectuer leurs premiers pas en karting en toute s\u00e9curit\u00e9. Les jeunes pilotes s\u2019initient ou se perfectionnent aux joies de ce sport moteur en b\u00e9n\u00e9ficiant de l\u2019enseignement et des judicieux conseils de moniteurs exp\u00e9riment\u00e9s. Au-del\u00e0 de l\u2019apprentissage de la conduite, c\u2019est [&hellip;]<\/p>\n","protected":false},"author":1,"featured_media":8936,"parent":0,"menu_order":0,"comment_status":"open","ping_status":"closed","template":"","meta":{"footnotes":""},"class_list":["post-7170","page","type-page","status-publish","has-post-thumbnail","hentry"],"acf":[],"yoast_head":"<!-- This site is optimized with the Yoast SEO Premium plugin v21.7 (Yoast SEO v21.7) - https:\/\/yoast.com\/wordpress\/plugins\/seo\/ -->\n<title>JMKids - JMKARTING Li\u00e8ge<\/title>\n<meta name=\"robots\" content=\"index, follow, max-snippet:-1, max-image-preview:large, max-video-preview:-1\" \/>\n<link rel=\"canonical\" href=\"https:\/\/jmkarting.com\/liege\/cours\/\" \/>\n<meta property=\"og:locale\" content=\"fr_FR\" \/>\n<meta property=\"og:type\" content=\"article\" \/>\n<meta property=\"og:title\" content=\"JMKids - JMKARTING Li\u00e8ge\" \/>\n<meta property=\"og:description\" content=\"[vc_row][vc_column][vc_column_text]Destin\u00e9e aux jeunes de 6 \u00e0 16 ans, l&rsquo;Ecole de Pilotage &#8211; JMKids leur permet d&rsquo;effectuer leurs premiers pas en karting en toute s\u00e9curit\u00e9. Les jeunes pilotes s\u2019initient ou se perfectionnent aux joies de ce sport moteur en b\u00e9n\u00e9ficiant de l\u2019enseignement et des judicieux conseils de moniteurs exp\u00e9riment\u00e9s. Au-del\u00e0 de l\u2019apprentissage de la conduite, c\u2019est [&hellip;]\" \/>\n<meta property=\"og:url\" content=\"https:\/\/jmkarting.com\/liege\/cours\/\" \/>\n<meta property=\"og:site_name\" content=\"JMKARTING Li\u00e8ge\" \/>\n<meta property=\"article:modified_time\" content=\"2026-04-10T17:30:07+00:00\" \/>\n<meta property=\"og:image\" content=\"https:\/\/jmkarting.com\/liege\/wp-content\/uploads\/sites\/3\/2023\/06\/20230419TL_Kingsize-JMKARTING_295.jpg\" \/>\n\t<meta property=\"og:image:width\" content=\"2048\" \/>\n\t<meta property=\"og:image:height\" content=\"1365\" \/>\n\t<meta property=\"og:image:type\" content=\"image\/jpeg\" \/>\n<meta name=\"twitter:card\" content=\"summary_large_image\" \/>\n<meta name=\"twitter:label1\" content=\"Dur\u00e9e de lecture estim\u00e9e\" \/>\n\t<meta name=\"twitter:data1\" content=\"4 minutes\" \/>\n<script type=\"application\/ld+json\" class=\"yoast-schema-graph\">{\"@context\":\"https:\/\/schema.org\",\"@graph\":[{\"@type\":\"WebPage\",\"@id\":\"https:\/\/jmkarting.com\/liege\/cours\/\",\"url\":\"https:\/\/jmkarting.com\/liege\/cours\/\",\"name\":\"JMKids - JMKARTING Li\u00e8ge\",\"isPartOf\":{\"@id\":\"https:\/\/jmkarting.com\/liege\/#website\"},\"datePublished\":\"2018-11-23T13:21:28+00:00\",\"dateModified\":\"2026-04-10T17:30:07+00:00\",\"inLanguage\":\"fr-FR\",\"potentialAction\":[{\"@type\":\"ReadAction\",\"target\":[\"https:\/\/jmkarting.com\/liege\/cours\/\"]}]},{\"@type\":\"WebSite\",\"@id\":\"https:\/\/jmkarting.com\/liege\/#website\",\"url\":\"https:\/\/jmkarting.com\/liege\/\",\"name\":\"JMKARTING Li\u00e8ge\",\"description\":\"\",\"publisher\":{\"@id\":\"https:\/\/jmkarting.com\/liege\/#organization\"},\"potentialAction\":[{\"@type\":\"SearchAction\",\"target\":{\"@type\":\"EntryPoint\",\"urlTemplate\":\"https:\/\/jmkarting.com\/liege\/?s={search_term_string}\"},\"query-input\":\"required name=search_term_string\"}],\"inLanguage\":\"fr-FR\"},{\"@type\":\"Organization\",\"@id\":\"https:\/\/jmkarting.com\/liege\/#organization\",\"name\":\"JMKARTING Li\u00e8ge\",\"url\":\"https:\/\/jmkarting.com\/liege\/\",\"logo\":{\"@type\":\"ImageObject\",\"inLanguage\":\"fr-FR\",\"@id\":\"https:\/\/jmkarting.com\/liege\/#\/schema\/logo\/image\/\",\"url\":\"https:\/\/jmkarting.com\/liege\/wp-content\/uploads\/sites\/3\/2023\/04\/logo.svg\",\"contentUrl\":\"https:\/\/jmkarting.com\/liege\/wp-content\/uploads\/sites\/3\/2023\/04\/logo.svg\",\"width\":301,\"height\":209,\"caption\":\"JMKARTING Li\u00e8ge\"},\"image\":{\"@id\":\"https:\/\/jmkarting.com\/liege\/#\/schema\/logo\/image\/\"}}]}<\/script>\n<!-- \/ Yoast SEO Premium plugin. -->","yoast_head_json":{"title":"JMKids - JMKARTING Li\u00e8ge","robots":{"index":"index","follow":"follow","max-snippet":"max-snippet:-1","max-image-preview":"max-image-preview:large","max-video-preview":"max-video-preview:-1"},"canonical":"https:\/\/jmkarting.com\/liege\/cours\/","og_locale":"fr_FR","og_type":"article","og_title":"JMKids - JMKARTING Li\u00e8ge","og_description":"[vc_row][vc_column][vc_column_text]Destin\u00e9e aux jeunes de 6 \u00e0 16 ans, l&rsquo;Ecole de Pilotage &#8211; JMKids leur permet d&rsquo;effectuer leurs premiers pas en karting en toute s\u00e9curit\u00e9. Les jeunes pilotes s\u2019initient ou se perfectionnent aux joies de ce sport moteur en b\u00e9n\u00e9ficiant de l\u2019enseignement et des judicieux conseils de moniteurs exp\u00e9riment\u00e9s. Au-del\u00e0 de l\u2019apprentissage de la conduite, c\u2019est [&hellip;]","og_url":"https:\/\/jmkarting.com\/liege\/cours\/","og_site_name":"JMKARTING Li\u00e8ge","article_modified_time":"2026-04-10T17:30:07+00:00","og_image":[{"width":2048,"height":1365,"url":"https:\/\/jmkarting.com\/liege\/wp-content\/uploads\/sites\/3\/2023\/06\/20230419TL_Kingsize-JMKARTING_295.jpg","type":"image\/jpeg"}],"twitter_card":"summary_large_image","twitter_misc":{"Dur\u00e9e de lecture estim\u00e9e":"4 minutes"},"schema":{"@context":"https:\/\/schema.org","@graph":[{"@type":"WebPage","@id":"https:\/\/jmkarting.com\/liege\/cours\/","url":"https:\/\/jmkarting.com\/liege\/cours\/","name":"JMKids - JMKARTING Li\u00e8ge","isPartOf":{"@id":"https:\/\/jmkarting.com\/liege\/#website"},"datePublished":"2018-11-23T13:21:28+00:00","dateModified":"2026-04-10T17:30:07+00:00","inLanguage":"fr-FR","potentialAction":[{"@type":"ReadAction","target":["https:\/\/jmkarting.com\/liege\/cours\/"]}]},{"@type":"WebSite","@id":"https:\/\/jmkarting.com\/liege\/#website","url":"https:\/\/jmkarting.com\/liege\/","name":"JMKARTING Li\u00e8ge","description":"","publisher":{"@id":"https:\/\/jmkarting.com\/liege\/#organization"},"potentialAction":[{"@type":"SearchAction","target":{"@type":"EntryPoint","urlTemplate":"https:\/\/jmkarting.com\/liege\/?s={search_term_string}"},"query-input":"required name=search_term_string"}],"inLanguage":"fr-FR"},{"@type":"Organization","@id":"https:\/\/jmkarting.com\/liege\/#organization","name":"JMKARTING Li\u00e8ge","url":"https:\/\/jmkarting.com\/liege\/","logo":{"@type":"ImageObject","inLanguage":"fr-FR","@id":"https:\/\/jmkarting.com\/liege\/#\/schema\/logo\/image\/","url":"https:\/\/jmkarting.com\/liege\/wp-content\/uploads\/sites\/3\/2023\/04\/logo.svg","contentUrl":"https:\/\/jmkarting.com\/liege\/wp-content\/uploads\/sites\/3\/2023\/04\/logo.svg","width":301,"height":209,"caption":"JMKARTING Li\u00e8ge"},"image":{"@id":"https:\/\/jmkarting.com\/liege\/#\/schema\/logo\/image\/"}}]}},"_links":{"self":[{"href":"https:\/\/jmkarting.com\/liege\/wp-json\/wp\/v2\/pages\/7170"}],"collection":[{"href":"https:\/\/jmkarting.com\/liege\/wp-json\/wp\/v2\/pages"}],"about":[{"href":"https:\/\/jmkarting.com\/liege\/wp-json\/wp\/v2\/types\/page"}],"author":[{"embeddable":true,"href":"https:\/\/jmkarting.com\/liege\/wp-json\/wp\/v2\/users\/1"}],"replies":[{"embeddable":true,"href":"https:\/\/jmkarting.com\/liege\/wp-json\/wp\/v2\/comments?post=7170"}],"version-history":[{"count":56,"href":"https:\/\/jmkarting.com\/liege\/wp-json\/wp\/v2\/pages\/7170\/revisions"}],"predecessor-version":[{"id":13817,"href":"https:\/\/jmkarting.com\/liege\/wp-json\/wp\/v2\/pages\/7170\/revisions\/13817"}],"wp:featuredmedia":[{"embeddable":true,"href":"https:\/\/jmkarting.com\/liege\/wp-json\/wp\/v2\/media\/8936"}],"wp:attachment":[{"href":"https:\/\/jmkarting.com\/liege\/wp-json\/wp\/v2\/media?parent=7170"}],"curies":[{"name":"wp","href":"https:\/\/api.w.org\/{rel}","templated":true}]}}