{"id":727,"date":"2014-07-01T14:05:58","date_gmt":"2014-07-01T13:05:58","guid":{"rendered":"http:\/\/jmkarting.com\/?page_id=727"},"modified":"2026-02-13T16:51:37","modified_gmt":"2026-02-13T15:51:37","slug":"stages","status":"publish","type":"page","link":"https:\/\/jmkarting.com\/liege\/stages\/","title":{"rendered":"Stages JMKids"},"content":{"rendered":"<h3>Les prochains stages <span style=\"color: #fa3d02;\">JMKids LIEGE<\/span> :<\/h3>\n<p><a href=\"https:\/\/jmkarting.com\/liege\/jmkids-liege-stage-juillet-2026\/\"><b>Du lundi 13 au mercredi 15 juillet 2026<\/b><\/a><\/p>\n<p><strong><a href=\"https:\/\/jmkarting.com\/liege\/jmkids-liege-stage-aout-2026\/\">Du lundi 10 au mercredi 12 ao\u00fbt 2026<\/a><\/strong><\/p>\n<hr \/>\n<h4>Organisation g\u00e9n\u00e9rale d&rsquo;un stage (3 jours)<\/h4>\n<p><strong>Programme<\/strong><br \/>\n<u><\/u>Cours de pilotage th\u00e9oriques et pratiques<br \/>\nContr\u00f4le et ma\u00eetrise d\u2019un kart<br \/>\nM\u00e9canique de base 4-temps et 2-temps \/ Set-up du kart<br \/>\nApprentissage des r\u00e8glements<\/p>\n<p><strong>Horaire<\/strong><br \/>\n<em>(Ajustements possibles en fonction des circonstances)<\/em><br \/>\n8h45 : Accueil des kids (9h00 D\u00e9but des cours)<br \/>\n12h15 : Pause \u00ab Repas \u00bb &gt; Les kids doivent apporter leur pique-nique !<br \/>\n15h15 : Go\u00fbter offert par JMK<br \/>\n16h45 : Fin des activit\u00e9s<\/p>\n<p>Nous demandons aux parents de ne pas se pr\u00e9senter pendant les heures de stage dans notre \u00e9tablissement (celui-ci sera accessible \u00e0 partir de 16h35).<br \/>\nNous invitons les parents, la famille et les amis \u00e0 assister \u00e0 l\u2019\u00e9v\u00e9nement qui cl\u00f4turera le stage (\u00e0 partir de 13h45).<\/p>\n<p>Inscription + Paiement = Participation valid\u00e9e.<br \/>\nPaiement indispensable pour confirmer la participation. Paiement unique (pas de paiement fractionn\u00e9).<\/p>\n<p><strong>Conseils \/ Informations<\/strong><\/p>\n<ul>\n<li>La participation \u00e0 un stage est conseill\u00e9e \u00e0 partir de 8 ans (et donc d\u00e9conseill\u00e9e pour les 6 et 7 ans).<\/li>\n<li>Il est conseill\u00e9 de venir d&rsquo;abord essayer le karting un dimanche matin (et\/ou le mercredi apr\u00e8s-midi), pendant les horaires propres \u00e0 <span style=\"color: #fa3d02;\"><strong>JMKids<\/strong><\/span>. Nous d\u00e9conseillons d&rsquo;inscrire un jeune sans qu&rsquo;il soit, au pr\u00e9alable, venu au moins 3 ou 4 fois essayer ce sport le dimanche matin (et\/ou le mercredi apr\u00e8s-midi).<\/li>\n<li>Pas de remboursement, m\u00eame partiel, quelle qu&rsquo;en soit la raison.<\/li>\n<\/ul>\n<hr \/>\n<p>&nbsp;<\/p>\n","protected":false},"excerpt":{"rendered":"<p>Les prochains stages JMKids LIEGE : Du lundi 13 au mercredi 15 juillet 2026 Du lundi 10 au mercredi 12 ao\u00fbt 2026 Organisation g\u00e9n\u00e9rale d&rsquo;un stage (3 jours) Programme Cours de pilotage th\u00e9oriques et pratiques Contr\u00f4le et ma\u00eetrise d\u2019un kart M\u00e9canique de base 4-temps et 2-temps \/ Set-up du kart Apprentissage des r\u00e8glements Horaire (Ajustements [&hellip;]<\/p>\n","protected":false},"author":1,"featured_media":8936,"parent":0,"menu_order":0,"comment_status":"closed","ping_status":"closed","template":"","meta":{"footnotes":""},"class_list":["post-727","page","type-page","status-publish","has-post-thumbnail","hentry"],"acf":[],"yoast_head":"<!-- This site is optimized with the Yoast SEO Premium plugin v21.7 (Yoast SEO v21.7) - https:\/\/yoast.com\/wordpress\/plugins\/seo\/ -->\n<title>Stages JMKids - JMKARTING Li\u00e8ge<\/title>\n<meta name=\"robots\" content=\"index, follow, max-snippet:-1, max-image-preview:large, max-video-preview:-1\" \/>\n<link rel=\"canonical\" href=\"https:\/\/jmkarting.com\/liege\/stages\/\" \/>\n<meta property=\"og:locale\" content=\"fr_FR\" \/>\n<meta property=\"og:type\" content=\"article\" \/>\n<meta property=\"og:title\" content=\"Stages JMKids - JMKARTING Li\u00e8ge\" \/>\n<meta property=\"og:description\" content=\"Les prochains stages JMKids LIEGE : Du lundi 13 au mercredi 15 juillet 2026 Du lundi 10 au mercredi 12 ao\u00fbt 2026 Organisation g\u00e9n\u00e9rale d&rsquo;un stage (3 jours) Programme Cours de pilotage th\u00e9oriques et pratiques Contr\u00f4le et ma\u00eetrise d\u2019un kart M\u00e9canique de base 4-temps et 2-temps \/ Set-up du kart Apprentissage des r\u00e8glements Horaire (Ajustements [&hellip;]\" \/>\n<meta property=\"og:url\" content=\"https:\/\/jmkarting.com\/liege\/stages\/\" \/>\n<meta property=\"og:site_name\" content=\"JMKARTING Li\u00e8ge\" \/>\n<meta property=\"article:modified_time\" content=\"2026-02-13T15:51:37+00:00\" \/>\n<meta property=\"og:image\" content=\"https:\/\/jmkarting.com\/liege\/wp-content\/uploads\/sites\/3\/2023\/06\/20230419TL_Kingsize-JMKARTING_295.jpg\" \/>\n\t<meta property=\"og:image:width\" content=\"2048\" \/>\n\t<meta property=\"og:image:height\" content=\"1365\" \/>\n\t<meta property=\"og:image:type\" content=\"image\/jpeg\" \/>\n<meta name=\"twitter:card\" content=\"summary_large_image\" \/>\n<meta name=\"twitter:label1\" content=\"Dur\u00e9e de lecture estim\u00e9e\" \/>\n\t<meta name=\"twitter:data1\" content=\"2 minutes\" \/>\n<script type=\"application\/ld+json\" class=\"yoast-schema-graph\">{\"@context\":\"https:\/\/schema.org\",\"@graph\":[{\"@type\":\"WebPage\",\"@id\":\"https:\/\/jmkarting.com\/liege\/stages\/\",\"url\":\"https:\/\/jmkarting.com\/liege\/stages\/\",\"name\":\"Stages JMKids - JMKARTING Li\u00e8ge\",\"isPartOf\":{\"@id\":\"https:\/\/jmkarting.com\/liege\/#website\"},\"datePublished\":\"2014-07-01T13:05:58+00:00\",\"dateModified\":\"2026-02-13T15:51:37+00:00\",\"inLanguage\":\"fr-FR\",\"potentialAction\":[{\"@type\":\"ReadAction\",\"target\":[\"https:\/\/jmkarting.com\/liege\/stages\/\"]}]},{\"@type\":\"WebSite\",\"@id\":\"https:\/\/jmkarting.com\/liege\/#website\",\"url\":\"https:\/\/jmkarting.com\/liege\/\",\"name\":\"JMKARTING Li\u00e8ge\",\"description\":\"\",\"publisher\":{\"@id\":\"https:\/\/jmkarting.com\/liege\/#organization\"},\"potentialAction\":[{\"@type\":\"SearchAction\",\"target\":{\"@type\":\"EntryPoint\",\"urlTemplate\":\"https:\/\/jmkarting.com\/liege\/?s={search_term_string}\"},\"query-input\":\"required name=search_term_string\"}],\"inLanguage\":\"fr-FR\"},{\"@type\":\"Organization\",\"@id\":\"https:\/\/jmkarting.com\/liege\/#organization\",\"name\":\"JMKARTING Li\u00e8ge\",\"url\":\"https:\/\/jmkarting.com\/liege\/\",\"logo\":{\"@type\":\"ImageObject\",\"inLanguage\":\"fr-FR\",\"@id\":\"https:\/\/jmkarting.com\/liege\/#\/schema\/logo\/image\/\",\"url\":\"https:\/\/jmkarting.com\/liege\/wp-content\/uploads\/sites\/3\/2023\/04\/logo.svg\",\"contentUrl\":\"https:\/\/jmkarting.com\/liege\/wp-content\/uploads\/sites\/3\/2023\/04\/logo.svg\",\"width\":301,\"height\":209,\"caption\":\"JMKARTING Li\u00e8ge\"},\"image\":{\"@id\":\"https:\/\/jmkarting.com\/liege\/#\/schema\/logo\/image\/\"}}]}<\/script>\n<!-- \/ Yoast SEO Premium plugin. -->","yoast_head_json":{"title":"Stages JMKids - JMKARTING Li\u00e8ge","robots":{"index":"index","follow":"follow","max-snippet":"max-snippet:-1","max-image-preview":"max-image-preview:large","max-video-preview":"max-video-preview:-1"},"canonical":"https:\/\/jmkarting.com\/liege\/stages\/","og_locale":"fr_FR","og_type":"article","og_title":"Stages JMKids - JMKARTING Li\u00e8ge","og_description":"Les prochains stages JMKids LIEGE : Du lundi 13 au mercredi 15 juillet 2026 Du lundi 10 au mercredi 12 ao\u00fbt 2026 Organisation g\u00e9n\u00e9rale d&rsquo;un stage (3 jours) Programme Cours de pilotage th\u00e9oriques et pratiques Contr\u00f4le et ma\u00eetrise d\u2019un kart M\u00e9canique de base 4-temps et 2-temps \/ Set-up du kart Apprentissage des r\u00e8glements Horaire (Ajustements [&hellip;]","og_url":"https:\/\/jmkarting.com\/liege\/stages\/","og_site_name":"JMKARTING Li\u00e8ge","article_modified_time":"2026-02-13T15:51:37+00:00","og_image":[{"width":2048,"height":1365,"url":"https:\/\/jmkarting.com\/liege\/wp-content\/uploads\/sites\/3\/2023\/06\/20230419TL_Kingsize-JMKARTING_295.jpg","type":"image\/jpeg"}],"twitter_card":"summary_large_image","twitter_misc":{"Dur\u00e9e de lecture estim\u00e9e":"2 minutes"},"schema":{"@context":"https:\/\/schema.org","@graph":[{"@type":"WebPage","@id":"https:\/\/jmkarting.com\/liege\/stages\/","url":"https:\/\/jmkarting.com\/liege\/stages\/","name":"Stages JMKids - JMKARTING Li\u00e8ge","isPartOf":{"@id":"https:\/\/jmkarting.com\/liege\/#website"},"datePublished":"2014-07-01T13:05:58+00:00","dateModified":"2026-02-13T15:51:37+00:00","inLanguage":"fr-FR","potentialAction":[{"@type":"ReadAction","target":["https:\/\/jmkarting.com\/liege\/stages\/"]}]},{"@type":"WebSite","@id":"https:\/\/jmkarting.com\/liege\/#website","url":"https:\/\/jmkarting.com\/liege\/","name":"JMKARTING Li\u00e8ge","description":"","publisher":{"@id":"https:\/\/jmkarting.com\/liege\/#organization"},"potentialAction":[{"@type":"SearchAction","target":{"@type":"EntryPoint","urlTemplate":"https:\/\/jmkarting.com\/liege\/?s={search_term_string}"},"query-input":"required name=search_term_string"}],"inLanguage":"fr-FR"},{"@type":"Organization","@id":"https:\/\/jmkarting.com\/liege\/#organization","name":"JMKARTING Li\u00e8ge","url":"https:\/\/jmkarting.com\/liege\/","logo":{"@type":"ImageObject","inLanguage":"fr-FR","@id":"https:\/\/jmkarting.com\/liege\/#\/schema\/logo\/image\/","url":"https:\/\/jmkarting.com\/liege\/wp-content\/uploads\/sites\/3\/2023\/04\/logo.svg","contentUrl":"https:\/\/jmkarting.com\/liege\/wp-content\/uploads\/sites\/3\/2023\/04\/logo.svg","width":301,"height":209,"caption":"JMKARTING Li\u00e8ge"},"image":{"@id":"https:\/\/jmkarting.com\/liege\/#\/schema\/logo\/image\/"}}]}},"_links":{"self":[{"href":"https:\/\/jmkarting.com\/liege\/wp-json\/wp\/v2\/pages\/727"}],"collection":[{"href":"https:\/\/jmkarting.com\/liege\/wp-json\/wp\/v2\/pages"}],"about":[{"href":"https:\/\/jmkarting.com\/liege\/wp-json\/wp\/v2\/types\/page"}],"author":[{"embeddable":true,"href":"https:\/\/jmkarting.com\/liege\/wp-json\/wp\/v2\/users\/1"}],"replies":[{"embeddable":true,"href":"https:\/\/jmkarting.com\/liege\/wp-json\/wp\/v2\/comments?post=727"}],"version-history":[{"count":27,"href":"https:\/\/jmkarting.com\/liege\/wp-json\/wp\/v2\/pages\/727\/revisions"}],"predecessor-version":[{"id":13779,"href":"https:\/\/jmkarting.com\/liege\/wp-json\/wp\/v2\/pages\/727\/revisions\/13779"}],"wp:featuredmedia":[{"embeddable":true,"href":"https:\/\/jmkarting.com\/liege\/wp-json\/wp\/v2\/media\/8936"}],"wp:attachment":[{"href":"https:\/\/jmkarting.com\/liege\/wp-json\/wp\/v2\/media?parent=727"}],"curies":[{"name":"wp","href":"https:\/\/api.w.org\/{rel}","templated":true}]}}