{"id":12388,"date":"2023-10-17T10:52:32","date_gmt":"2023-10-17T08:52:32","guid":{"rendered":"https:\/\/jmkarting.com\/namur\/?page_id=12388"},"modified":"2025-07-09T16:26:51","modified_gmt":"2025-07-09T14:26:51","slug":"materiel-infrastructures","status":"publish","type":"page","link":"https:\/\/jmkarting.com\/namur\/materiel-infrastructures\/","title":{"rendered":"Mat\u00e9riel &#038; Infrastructures"},"content":{"rendered":"<section class=\"wpb-content-wrapper\"><p>[vc_row][vc_column][vc_empty_space height=\u00a0\u00bb10px\u00a0\u00bb][vc_column_text]<\/p>\n<h2>Mat\u00e9riel &amp; Piste<\/h2>\n<p>[\/vc_column_text][\/vc_column][\/vc_row][vc_row][vc_column][vc_column_text]<\/p>\n<h3>Le mat\u00e9riel et les karts<\/h3>\n<p>[\/vc_column_text][vc_column_text]<span style=\"color: #494949;\">Nos \u00e9tablissements sont \u00e9quip\u00e9s de karts,\u00a0<strong>ch\u00e2ssis\u00a0<span style=\"color: #ff490d;\">\u00ab\u00a0Sodikart\u00a0\u00bb SR4<\/span><\/strong>\u00a0(constructeur fran\u00e7ais), enti\u00e8rement car\u00e9n\u00e9s, \u00e9quip\u00e9s d&rsquo;une ceinture de s\u00e9curit\u00e9 et d&rsquo;un syst\u00e8me de p\u00e9dales\u00a0<span style=\"color: #ff490d;\">\u00ab\u00a0acc\u00e9l\u00e9rateur \/ frein\u00a0\u00bb<\/span>\u00a0ajustable en longueur et propuls\u00e9s par un\u00a0<strong>moteur\u00a0<span style=\"color: #ff490d;\">4 temps \u00ab\u00a0Honda\u00a0\u00bb 9CV &#8211; 270cc<\/span><\/strong>. De quoi propulser les pilotes \u00e0 plus de\u00a0<span style=\"color: #ff490d;\">50 km\/h<\/span>\u00a0!<\/span><\/p>\n<p><span style=\"color: #494949;\">Un syst\u00e8me \u00e9lectronique de contr\u00f4le de vitesse permet, en cas d&rsquo;accident, d&rsquo;obstruction de la piste ou d\u00e9tection d&rsquo;un participant un tantinet trop fougueux, de ralentir les karts \u00e0 distance, voire de les arr\u00eater. Les karts sont dot\u00e9s d&rsquo;un car\u00e9nage adapt\u00e9 de mani\u00e8re \u00e0 \u00e9viter que des chocs entre karts n&rsquo;aient des cons\u00e9quences graves. Pour une s\u00e9curit\u00e9 optimale, chaque kart est \u00e9quip\u00e9 d&rsquo;une ceinture de s\u00e9curit\u00e9 ajustable.<\/span><\/p>\n<p><strong>Pour toute location de kart, chaque pilote re\u00e7oit, en pr\u00eat, une combinaison, un casque et une cagoule jetable. Un casier est \u00e9galement mis \u00e0 disposition pour y d\u00e9poser ses effets personnels.<\/strong><\/p>\n<p><strong>Les participants peuvent, bien entendu, se munir de leur propre mat\u00e9riel.<br \/>\n<\/strong>Pour ceux qui souhaitent acqu\u00e9rir un \u00e9quipement plus performant, divers articles sont en vente dans notre Pro Shop (voir ci-dessous).<\/p>\n<p>Dans le cadre de notre\u00a0<a title=\"JMKids - Ecole de Pilotage pour les 6 \/ 16 ans\" href=\"https:\/\/jmkarting.com\/namur\/cours\/\">Ecole de Pilotage<\/a>\u00a0(r\u00e9serv\u00e9e aux 6-16 ans),\u00a0<strong><span style=\"color: #ff490d;\">JMKARTING<\/span><\/strong>\u00a0met \u00e0 disposition des karts particuli\u00e8rement adapt\u00e9s aux enfants et aux jeunes conducteurs.[\/vc_column_text][vc_row_inner][vc_column_inner width=\u00a0\u00bb1\/3&Prime;][vc_btn title=\u00a0\u00bbL&rsquo;\u00e9cole de pilotage\u00a0\u00bb style=\u00a0\u00bboutline-custom\u00a0\u00bb outline_custom_color=\u00a0\u00bb#ff490d\u00a0\u00bb outline_custom_hover_background=\u00a0\u00bb#ff490d\u00a0\u00bb outline_custom_hover_text=\u00a0\u00bb#ffffff\u00a0\u00bb size=\u00a0\u00bblg\u00a0\u00bb link=\u00a0\u00bburl:https%3A%2F%2Fjmkarting.com%2Fnamur%2Fcours%2F|title:JMKids%20Namur%20%3A%20%C3%89cole%20de%20Pilotage\u00a0\u00bb][\/vc_column_inner][vc_column_inner width=\u00a0\u00bb1\/3&Prime;][\/vc_column_inner][vc_column_inner width=\u00a0\u00bb1\/3&Prime;][\/vc_column_inner][\/vc_row_inner][vc_column_text]<\/p>\n<h3>Les karts 13cv<\/h3>\n<p>[\/vc_column_text][vc_column_text]<span style=\"color: #fa3d02;\"><strong>JMK NAMUR<\/strong><\/span>\u00a0propose, pour les pilotes confirm\u00e9s, des\u00a0<strong>KARTS\u00a0<span style=\"color: #ff490d;\">\u00ab\u00a013CV\u00a0\u00bb<\/span><\/strong> en location par 1\/4h : <a href=\"https:\/\/jmkarting.com\/namur\/wp-content\/uploads\/sites\/2\/2025\/03\/JMK-NAMUR-Conditions-Tarif-13CV.pdf\" target=\"_blank\" rel=\"noopener\">JMK NAMUR Conditions &amp; Tarif 13CV<\/a>[\/vc_column_text][vc_column_text]<\/p>\n<h3>Notre piste sur 2 \u00e9tages \u00e0 Namur<\/h3>\n<p>[\/vc_column_text][vc_column_text]<\/p>\n<div class=\"sketchfab-embed-wrapper\"><iframe loading=\"lazy\" src=\"https:\/\/sketchfab.com\/models\/b950a024d3434b83a962edf0cedca8a1\/embed?autostart=1\" width=\"100%\" height=\"480\" frameborder=\"0\" allowfullscreen=\"allowfullscreen\"><\/iframe><\/div>\n<p>[\/vc_column_text][vc_column_text]<\/p>\n<h3>Une s\u00e9curit\u00e9 optimale<\/h3>\n<p>[\/vc_column_text][vc_row_inner equal_height=\u00a0\u00bbyes\u00a0\u00bb content_placement=\u00a0\u00bbmiddle\u00a0\u00bb][vc_column_inner width=\u00a0\u00bb7\/12&Prime;][vc_column_text]Alliant plaisir de conduite et s\u00e9curit\u00e9, notre circuit asphalt\u00e9 est \u00e9quip\u00e9 de protections sp\u00e9ciales emp\u00eachant les karts de gravir la barri\u00e8re de pneus. Des commissaires de piste veillent en permanence \u00e0 la s\u00e9curit\u00e9 et au bon d\u00e9roulement des sessions d&rsquo;un quart d&rsquo;heure. Les karts, eux-m\u00eames, sont dot\u00e9s d&rsquo;un car\u00e9nage adapt\u00e9 de mani\u00e8re \u00e0 \u00e9viter que des chocs entre karts n&rsquo;aient des cons\u00e9quences graves.[\/vc_column_text][\/vc_column_inner][vc_column_inner width=\u00a0\u00bb1\/12&Prime;][\/vc_column_inner][vc_column_inner width=\u00a0\u00bb4\/12&Prime;][vc_single_image image=\u00a0\u00bb9000&Prime; img_size=\u00a0\u00bb\u00a0\u00bb][\/vc_column_inner][\/vc_row_inner][vc_column_text]<\/p>\n<h3>Un affichage performant<\/h3>\n<p>[\/vc_column_text][vc_row_inner equal_height=\u00a0\u00bbyes\u00a0\u00bb content_placement=\u00a0\u00bbmiddle\u00a0\u00bb][vc_column_inner width=\u00a0\u00bb1\/3&Prime;][vc_single_image image=\u00a0\u00bb9001&Prime; img_size=\u00a0\u00bb\u00a0\u00bb][\/vc_column_inner][vc_column_inner width=\u00a0\u00bb1\/12&Prime;][\/vc_column_inner][vc_column_inner width=\u00a0\u00bb7\/12&Prime;][vc_column_text]Alliant plaisir de conduite et s\u00e9curit\u00e9, notre circuit asphalt\u00e9 est \u00e9quip\u00e9 de protections sp\u00e9ciales emp\u00eachant les karts de gravir la barri\u00e8re de pneus. Des commissaires de piste veillent en permanence \u00e0 la s\u00e9curit\u00e9 et au bon d\u00e9roulement des sessions d&rsquo;un quart d&rsquo;heure. Les karts, eux-m\u00eames, sont dot\u00e9s d&rsquo;un car\u00e9nage adapt\u00e9 de mani\u00e8re \u00e0 \u00e9viter que des chocs entre karts n&rsquo;aient des cons\u00e9quences graves.[\/vc_column_text][\/vc_column_inner][\/vc_row_inner][vc_column_text]<\/p>\n<h3>Une superficie de 8000 m2<\/h3>\n<p>[\/vc_column_text][vc_column_text]Avec ses 7 m\u00e8tres de large, la piste permet tous les d\u00e9passements, rendant ainsi ses pr\u00e8s de 1.000 m\u00e8tres (r\u00e9partis sur 2 \u00e9tages) particuli\u00e8rement rapides et performants.[\/vc_column_text][\/vc_column][vc_column][\/vc_column][\/vc_row][vc_row][vc_column][vc_column_text]<\/p>\n<h2>Nos infrastructures<\/h2>\n<p>[\/vc_column_text][\/vc_column][\/vc_row][vc_row][vc_column][vc_column_text]<\/p>\n<h3>Une infrastructure d&rsquo;accueil au centre de la piste<\/h3>\n<p>[\/vc_column_text][\/vc_column][\/vc_row][vc_row equal_height=\u00a0\u00bbyes\u00a0\u00bb content_placement=\u00a0\u00bbmiddle\u00a0\u00bb][vc_column width=\u00a0\u00bb1\/2&Prime;][vc_single_image image=\u00a0\u00bb8980&Prime; img_size=\u00a0\u00bb800&#215;500&Prime;][\/vc_column][vc_column width=\u00a0\u00bb1\/12&Prime;][\/vc_column][vc_column width=\u00a0\u00bb5\/12&Prime;][vc_column_text]Un espace pour encore plus de convivialit\u00e9 entre amis, coll\u00e8gues ou, tout simplement, en famille. R\u00e9solument moderne, accueillant et convivial, cet espace permet au public de suivre les courses sans en manquer une miette.<br \/>\nAvec son bar panoramique et ses deux grandes terrasses, le public profite d&rsquo;une vue exceptionnelle sur toute la piste.<br \/>\nJMK NAMUR vous propose une des plus grandes pistes indoor de Belgique dans un cadre grandiose.[\/vc_column_text][\/vc_column][\/vc_row][vc_row][vc_column width=\u00a0\u00bb1\/2&Prime;][vc_single_image image=\u00a0\u00bb8961&Prime; img_size=\u00a0\u00bb800&#215;500&Prime;][\/vc_column][vc_column width=\u00a0\u00bb1\/2&Prime;][vc_single_image image=\u00a0\u00bb9001&Prime; img_size=\u00a0\u00bb800&#215;500&Prime;][\/vc_column][\/vc_row][vc_row equal_height=\u00a0\u00bbyes\u00a0\u00bb content_placement=\u00a0\u00bbmiddle\u00a0\u00bb][vc_column][vc_empty_space][vc_column_text]<\/p>\n<h2>Baby KidRacer<\/h2>\n<p>[\/vc_column_text][\/vc_column][\/vc_row][vc_row equal_height=\u00a0\u00bbyes\u00a0\u00bb content_placement=\u00a0\u00bbmiddle\u00a0\u00bb][vc_column width=\u00a0\u00bb1\/2&Prime;][vc_single_image image=\u00a0\u00bb12902&Prime; img_size=\u00a0\u00bb800&#215;500&Prime;][\/vc_column][vc_column width=\u00a0\u00bb1\/2&Prime;][vc_column_text]<\/p>\n<p style=\"font-weight: 400;\">Au volant de vrais karts 100 % \u00e9lectriques non polluants (ch\u00e2ssis Sodikart), les plus jeunes (\u00e2g\u00e9s de 3 \u00e0 6 ans) peuvent eux aussi parcourir une petite piste s\u00e9curis\u00e9e.<\/p>\n<p style=\"font-weight: 400;\">Dot\u00e9 d&rsquo;un faible empattement et d&rsquo;un faible rayon de braquage, le Baby KidRacer est tr\u00e8s maniable et facile \u00e0 conduire : parfait pour une premi\u00e8re exp\u00e9rience de pilotage agr\u00e9able et amusante, sous la surveillance d\u2019un parent.<\/p>\n<p style=\"font-weight: 400;\">Cette activit\u00e9 est accessible en permanence pendant les heures d\u2019ouverture.<\/p>\n<p>[\/vc_column_text][vc_btn title=\u00a0\u00bbTarifs &amp; R\u00e8glement\u00a0\u00bb style=\u00a0\u00bboutline-custom\u00a0\u00bb outline_custom_color=\u00a0\u00bb#ff490d\u00a0\u00bb outline_custom_hover_background=\u00a0\u00bb#ff490d\u00a0\u00bb outline_custom_hover_text=\u00a0\u00bb#ffffff\u00a0\u00bb size=\u00a0\u00bblg\u00a0\u00bb link=\u00a0\u00bburl:https%3A%2F%2Fjmkarting.com%2Fnamur%2Fwp-content%2Fuploads%2Fsites%2F2%2F2024%2F01%2FJMKidsRacers-Tarifs.pdf|title:JMKids%20Namur%20%3A%20%C3%89cole%20de%20Pilotage|target:_blank\u00a0\u00bb][\/vc_column][\/vc_row][vc_row equal_height=\u00a0\u00bbyes\u00a0\u00bb content_placement=\u00a0\u00bbmiddle\u00a0\u00bb][vc_column][vc_empty_space][vc_column_text]<\/p>\n<h2>Plaine de jeux pour les enfants<\/h2>\n<p>[\/vc_column_text][\/vc_column][\/vc_row][vc_row equal_height=\u00a0\u00bbyes\u00a0\u00bb content_placement=\u00a0\u00bbmiddle\u00a0\u00bb][vc_column width=\u00a0\u00bb1\/2&Prime;][vc_column_text]<span style=\"font-weight: 200; color: #494949;\"><span style=\"color: #fa3d02;\">JMK NAMUR<\/span> accueille aussi les plus petits (3-6 ans et 6-12 ans) : t<\/span><span style=\"font-weight: 200; color: #494949;\">ours et parcours en bois, toboggans, jeux sur ressort, plans inclin\u00e9s, \u00e9chelles, tunnel, pyramide araign\u00e9e\u2026 Ces plaines sont accessibles gratuitement pendant nos heures d\u2019ouverture (sous la surveillance et sous la responsabilit\u00e9 d\u2019un parent). <a title=\"JMK NAMUR : Plaine de jeux pour les enfants de 3 \u00e0 12 ans\" href=\"https:\/\/jmkarting.com\/namur\/galerie-photos\/\">Galerie Photos<\/a>.<\/span>[\/vc_column_text][\/vc_column][vc_column width=\u00a0\u00bb1\/2&Prime;][vc_single_image image=\u00a0\u00bb8955&Prime; img_size=\u00a0\u00bb800&#215;500&Prime;][\/vc_column][\/vc_row][vc_row][vc_column][vc_column_text]<\/p>\n<h2>Pro Shop<\/h2>\n<p>[\/vc_column_text][\/vc_column][\/vc_row][vc_row][vc_column][vc_column_text]D\u00e9sireux de fournir des \u00e9quipements de qualit\u00e9 aux pilotes, <strong><span style=\"color: #ff490d;\">JMKARTING<\/span><\/strong> propose \u00e0 la vente dans son Pro Shop une s\u00e9rie d&rsquo;articles s\u00e9lectionn\u00e9s. Les amateurs de karting pourront \u00e9galement se v\u00eatir aux couleurs de <strong><span style=\"color: #ff490d;\">JMKARTING<\/span><\/strong>.<\/p>\n<p>Nos prix s&rsquo;entendent TVA 21% comprise.[\/vc_column_text][vc_column_text]<\/p>\n<h3>Article et Tarif<\/h3>\n<p><span style=\"color: #ff490d;\">Gants JMKARTING : <\/span>6.00 EUR<\/p>\n<p><span style=\"color: #ff490d;\">Cagoule JMKARTING\u00a0:<\/span> 6.00 EUR<\/p>\n<p><span style=\"color: #ff490d;\">&gt;&gt;&gt; Promo \u00ab\u00a0Gants JMKARTING + Cagoule JMKARTING\u00a0\u00bb\u00a0:<\/span> 10.00 EUR<\/p>\n<p><span style=\"color: #ff490d;\">Casque JMK :<\/span> 69.00 EUR<\/p>\n<p><span style=\"color: #ff490d;\">Gants Pro Karting :<\/span>\u00a041.00 EUR<\/p>\n<p><span style=\"color: #ff490d;\">Prot\u00e8ge-c\u00f4tes (Body) :<\/span>\u00a046.00 EUR<\/p>\n<p><span style=\"color: #ff490d;\">T-Shirt JMKARTING :<\/span> 17.00 EUR<\/p>\n<p><span style=\"color: #ff490d;\">Baquet\u00a0:<\/span>\u00a078.00 EUR<\/p>\n<p><span style=\"color: #ff490d;\">Minerve\u00a0:<\/span>\u00a039.00 EUR<\/p>\n<p><span style=\"color: #ff490d;\">Porte-cl\u00e9s JMKARTING :<\/span> 4.00 EUR<\/p>\n<p><span style=\"color: #ff490d;\">Sac Shopping JMKARTING\u00a0:<\/span>\u00a03.00 EUR<\/p>\n<p><em>Les articles du Pro Shop ne sont ni repris, ni rembours\u00e9s, ni \u00e9chang\u00e9s.<\/em>[\/vc_column_text][vc_single_image image=\u00a0\u00bb2406&Prime; img_size=\u00a0\u00bblarge\u00a0\u00bb][\/vc_column][\/vc_row]<\/p>\n<\/section>","protected":false},"excerpt":{"rendered":"<p>[vc_row][vc_column][vc_empty_space height=\u00a0\u00bb10px\u00a0\u00bb][vc_column_text] Mat\u00e9riel &amp; Piste [\/vc_column_text][\/vc_column][\/vc_row][vc_row][vc_column][vc_column_text] Le mat\u00e9riel et les karts [\/vc_column_text][vc_column_text]Nos \u00e9tablissements sont \u00e9quip\u00e9s de karts,\u00a0ch\u00e2ssis\u00a0\u00ab\u00a0Sodikart\u00a0\u00bb SR4\u00a0(constructeur fran\u00e7ais), enti\u00e8rement car\u00e9n\u00e9s, \u00e9quip\u00e9s d&rsquo;une ceinture de s\u00e9curit\u00e9 et d&rsquo;un syst\u00e8me de p\u00e9dales\u00a0\u00ab\u00a0acc\u00e9l\u00e9rateur \/ frein\u00a0\u00bb\u00a0ajustable en longueur et propuls\u00e9s par un\u00a0moteur\u00a04 temps \u00ab\u00a0Honda\u00a0\u00bb 9CV &#8211; 270cc. De quoi propulser les pilotes \u00e0 plus de\u00a050 km\/h\u00a0! Un syst\u00e8me [&hellip;]<\/p>\n","protected":false},"author":1,"featured_media":8961,"parent":0,"menu_order":0,"comment_status":"closed","ping_status":"closed","template":"","meta":{"footnotes":""},"class_list":["post-12388","page","type-page","status-publish","has-post-thumbnail","hentry"],"acf":[],"yoast_head":"<!-- This site is optimized with the Yoast SEO Premium plugin v21.7 (Yoast SEO v21.7) - https:\/\/yoast.com\/wordpress\/plugins\/seo\/ -->\n<title>Mat\u00e9riel &amp; Infrastructures - JMKARTING Namur<\/title>\n<meta name=\"robots\" content=\"index, follow, max-snippet:-1, max-image-preview:large, max-video-preview:-1\" \/>\n<link rel=\"canonical\" href=\"https:\/\/jmkarting.com\/namur\/materiel-infrastructures\/\" \/>\n<meta property=\"og:locale\" content=\"fr_FR\" \/>\n<meta property=\"og:type\" content=\"article\" \/>\n<meta property=\"og:title\" content=\"Mat\u00e9riel &amp; Infrastructures - JMKARTING Namur\" \/>\n<meta property=\"og:description\" content=\"[vc_row][vc_column][vc_empty_space height=\u00a0\u00bb10px\u00a0\u00bb][vc_column_text] Mat\u00e9riel &amp; Piste [\/vc_column_text][\/vc_column][\/vc_row][vc_row][vc_column][vc_column_text] Le mat\u00e9riel et les karts [\/vc_column_text][vc_column_text]Nos \u00e9tablissements sont \u00e9quip\u00e9s de karts,\u00a0ch\u00e2ssis\u00a0\u00ab\u00a0Sodikart\u00a0\u00bb SR4\u00a0(constructeur fran\u00e7ais), enti\u00e8rement car\u00e9n\u00e9s, \u00e9quip\u00e9s d&rsquo;une ceinture de s\u00e9curit\u00e9 et d&rsquo;un syst\u00e8me de p\u00e9dales\u00a0\u00ab\u00a0acc\u00e9l\u00e9rateur \/ frein\u00a0\u00bb\u00a0ajustable en longueur et propuls\u00e9s par un\u00a0moteur\u00a04 temps \u00ab\u00a0Honda\u00a0\u00bb 9CV &#8211; 270cc. De quoi propulser les pilotes \u00e0 plus de\u00a050 km\/h\u00a0! Un syst\u00e8me [&hellip;]\" \/>\n<meta property=\"og:url\" content=\"https:\/\/jmkarting.com\/namur\/materiel-infrastructures\/\" \/>\n<meta property=\"og:site_name\" content=\"JMKARTING Namur\" \/>\n<meta property=\"article:modified_time\" content=\"2025-07-09T14:26:51+00:00\" \/>\n<meta property=\"og:image\" content=\"https:\/\/jmkarting.com\/namur\/wp-content\/uploads\/sites\/2\/2023\/05\/20230419TL_Kingsize-JMKARTING_174.jpg\" \/>\n\t<meta property=\"og:image:width\" content=\"2048\" \/>\n\t<meta property=\"og:image:height\" content=\"1365\" \/>\n\t<meta property=\"og:image:type\" content=\"image\/jpeg\" \/>\n<meta name=\"twitter:card\" content=\"summary_large_image\" \/>\n<meta name=\"twitter:label1\" content=\"Dur\u00e9e de lecture estim\u00e9e\" \/>\n\t<meta name=\"twitter:data1\" content=\"6 minutes\" \/>\n<script type=\"application\/ld+json\" class=\"yoast-schema-graph\">{\"@context\":\"https:\/\/schema.org\",\"@graph\":[{\"@type\":\"WebPage\",\"@id\":\"https:\/\/jmkarting.com\/namur\/materiel-infrastructures\/\",\"url\":\"https:\/\/jmkarting.com\/namur\/materiel-infrastructures\/\",\"name\":\"Mat\u00e9riel & Infrastructures - JMKARTING Namur\",\"isPartOf\":{\"@id\":\"https:\/\/jmkarting.com\/namur\/#website\"},\"datePublished\":\"2023-10-17T08:52:32+00:00\",\"dateModified\":\"2025-07-09T14:26:51+00:00\",\"inLanguage\":\"fr-FR\",\"potentialAction\":[{\"@type\":\"ReadAction\",\"target\":[\"https:\/\/jmkarting.com\/namur\/materiel-infrastructures\/\"]}]},{\"@type\":\"WebSite\",\"@id\":\"https:\/\/jmkarting.com\/namur\/#website\",\"url\":\"https:\/\/jmkarting.com\/namur\/\",\"name\":\"JMKARTING Namur\",\"description\":\"\",\"publisher\":{\"@id\":\"https:\/\/jmkarting.com\/namur\/#organization\"},\"potentialAction\":[{\"@type\":\"SearchAction\",\"target\":{\"@type\":\"EntryPoint\",\"urlTemplate\":\"https:\/\/jmkarting.com\/namur\/?s={search_term_string}\"},\"query-input\":\"required name=search_term_string\"}],\"inLanguage\":\"fr-FR\"},{\"@type\":\"Organization\",\"@id\":\"https:\/\/jmkarting.com\/namur\/#organization\",\"name\":\"JMKARTING Namur\",\"url\":\"https:\/\/jmkarting.com\/namur\/\",\"logo\":{\"@type\":\"ImageObject\",\"inLanguage\":\"fr-FR\",\"@id\":\"https:\/\/jmkarting.com\/namur\/#\/schema\/logo\/image\/\",\"url\":\"https:\/\/jmkarting.com\/namur\/wp-content\/uploads\/sites\/2\/2023\/04\/logo.svg\",\"contentUrl\":\"https:\/\/jmkarting.com\/namur\/wp-content\/uploads\/sites\/2\/2023\/04\/logo.svg\",\"width\":301,\"height\":209,\"caption\":\"JMKARTING Namur\"},\"image\":{\"@id\":\"https:\/\/jmkarting.com\/namur\/#\/schema\/logo\/image\/\"}}]}<\/script>\n<!-- \/ Yoast SEO Premium plugin. -->","yoast_head_json":{"title":"Mat\u00e9riel & Infrastructures - JMKARTING Namur","robots":{"index":"index","follow":"follow","max-snippet":"max-snippet:-1","max-image-preview":"max-image-preview:large","max-video-preview":"max-video-preview:-1"},"canonical":"https:\/\/jmkarting.com\/namur\/materiel-infrastructures\/","og_locale":"fr_FR","og_type":"article","og_title":"Mat\u00e9riel & Infrastructures - JMKARTING Namur","og_description":"[vc_row][vc_column][vc_empty_space height=\u00a0\u00bb10px\u00a0\u00bb][vc_column_text] Mat\u00e9riel &amp; Piste [\/vc_column_text][\/vc_column][\/vc_row][vc_row][vc_column][vc_column_text] Le mat\u00e9riel et les karts [\/vc_column_text][vc_column_text]Nos \u00e9tablissements sont \u00e9quip\u00e9s de karts,\u00a0ch\u00e2ssis\u00a0\u00ab\u00a0Sodikart\u00a0\u00bb SR4\u00a0(constructeur fran\u00e7ais), enti\u00e8rement car\u00e9n\u00e9s, \u00e9quip\u00e9s d&rsquo;une ceinture de s\u00e9curit\u00e9 et d&rsquo;un syst\u00e8me de p\u00e9dales\u00a0\u00ab\u00a0acc\u00e9l\u00e9rateur \/ frein\u00a0\u00bb\u00a0ajustable en longueur et propuls\u00e9s par un\u00a0moteur\u00a04 temps \u00ab\u00a0Honda\u00a0\u00bb 9CV &#8211; 270cc. De quoi propulser les pilotes \u00e0 plus de\u00a050 km\/h\u00a0! Un syst\u00e8me [&hellip;]","og_url":"https:\/\/jmkarting.com\/namur\/materiel-infrastructures\/","og_site_name":"JMKARTING Namur","article_modified_time":"2025-07-09T14:26:51+00:00","og_image":[{"width":2048,"height":1365,"url":"https:\/\/jmkarting.com\/namur\/wp-content\/uploads\/sites\/2\/2023\/05\/20230419TL_Kingsize-JMKARTING_174.jpg","type":"image\/jpeg"}],"twitter_card":"summary_large_image","twitter_misc":{"Dur\u00e9e de lecture estim\u00e9e":"6 minutes"},"schema":{"@context":"https:\/\/schema.org","@graph":[{"@type":"WebPage","@id":"https:\/\/jmkarting.com\/namur\/materiel-infrastructures\/","url":"https:\/\/jmkarting.com\/namur\/materiel-infrastructures\/","name":"Mat\u00e9riel & Infrastructures - JMKARTING Namur","isPartOf":{"@id":"https:\/\/jmkarting.com\/namur\/#website"},"datePublished":"2023-10-17T08:52:32+00:00","dateModified":"2025-07-09T14:26:51+00:00","inLanguage":"fr-FR","potentialAction":[{"@type":"ReadAction","target":["https:\/\/jmkarting.com\/namur\/materiel-infrastructures\/"]}]},{"@type":"WebSite","@id":"https:\/\/jmkarting.com\/namur\/#website","url":"https:\/\/jmkarting.com\/namur\/","name":"JMKARTING Namur","description":"","publisher":{"@id":"https:\/\/jmkarting.com\/namur\/#organization"},"potentialAction":[{"@type":"SearchAction","target":{"@type":"EntryPoint","urlTemplate":"https:\/\/jmkarting.com\/namur\/?s={search_term_string}"},"query-input":"required name=search_term_string"}],"inLanguage":"fr-FR"},{"@type":"Organization","@id":"https:\/\/jmkarting.com\/namur\/#organization","name":"JMKARTING Namur","url":"https:\/\/jmkarting.com\/namur\/","logo":{"@type":"ImageObject","inLanguage":"fr-FR","@id":"https:\/\/jmkarting.com\/namur\/#\/schema\/logo\/image\/","url":"https:\/\/jmkarting.com\/namur\/wp-content\/uploads\/sites\/2\/2023\/04\/logo.svg","contentUrl":"https:\/\/jmkarting.com\/namur\/wp-content\/uploads\/sites\/2\/2023\/04\/logo.svg","width":301,"height":209,"caption":"JMKARTING Namur"},"image":{"@id":"https:\/\/jmkarting.com\/namur\/#\/schema\/logo\/image\/"}}]}},"_links":{"self":[{"href":"https:\/\/jmkarting.com\/namur\/wp-json\/wp\/v2\/pages\/12388"}],"collection":[{"href":"https:\/\/jmkarting.com\/namur\/wp-json\/wp\/v2\/pages"}],"about":[{"href":"https:\/\/jmkarting.com\/namur\/wp-json\/wp\/v2\/types\/page"}],"author":[{"embeddable":true,"href":"https:\/\/jmkarting.com\/namur\/wp-json\/wp\/v2\/users\/1"}],"replies":[{"embeddable":true,"href":"https:\/\/jmkarting.com\/namur\/wp-json\/wp\/v2\/comments?post=12388"}],"version-history":[{"count":35,"href":"https:\/\/jmkarting.com\/namur\/wp-json\/wp\/v2\/pages\/12388\/revisions"}],"predecessor-version":[{"id":13584,"href":"https:\/\/jmkarting.com\/namur\/wp-json\/wp\/v2\/pages\/12388\/revisions\/13584"}],"wp:featuredmedia":[{"embeddable":true,"href":"https:\/\/jmkarting.com\/namur\/wp-json\/wp\/v2\/media\/8961"}],"wp:attachment":[{"href":"https:\/\/jmkarting.com\/namur\/wp-json\/wp\/v2\/media?parent=12388"}],"curies":[{"name":"wp","href":"https:\/\/api.w.org\/{rel}","templated":true}]}}