{"id":12398,"date":"2023-10-17T10:59:43","date_gmt":"2023-10-17T08:59:43","guid":{"rendered":"https:\/\/jmkarting.com\/namur\/?page_id=12398"},"modified":"2026-04-18T16:15:58","modified_gmt":"2026-04-18T14:15:58","slug":"horaires-contact","status":"publish","type":"page","link":"https:\/\/jmkarting.com\/namur\/horaires-contact\/","title":{"rendered":"Horaires &#038; Contact"},"content":{"rendered":"<section class=\"wpb-content-wrapper\"><p>[vc_row][vc_column][vc_column_text]<\/p>\n<h2>Localisation<\/h2>\n<p>[\/vc_column_text][vc_column_text]Rue de Saint-Gobain 1<br \/>\n5150 FLOREFFE (Frani\u00e8re)<br \/>\nBelgique[\/vc_column_text][vc_row_inner][vc_column_inner width=\u00a0\u00bb1\/3&Prime;][vc_btn title=\u00a0\u00bbItin\u00e9raire\u00a0\u00bb style=\u00a0\u00bboutline-custom\u00a0\u00bb outline_custom_color=\u00a0\u00bb#ff490d\u00a0\u00bb outline_custom_hover_background=\u00a0\u00bb#ff490d\u00a0\u00bb outline_custom_hover_text=\u00a0\u00bb#ffffff\u00a0\u00bb shape=\u00a0\u00bbround\u00a0\u00bb size=\u00a0\u00bblg\u00a0\u00bb link=\u00a0\u00bburl:https%3A%2F%2Fwww.google.be%2Fmaps%3Fnewwindow%3D1%26q%3DRue%2Bdes%2BD%25C3%25A9port%25C3%25A9s%2B61%2B%25E2%2580%2593%2B5150%2BFrani%25C3%25A8re%26um%3D1%26ie%3DUTF-8%26sa%3DX%26ved%3D0ahUKEwjzwKq_5efeAhXM_aQKHXDXAycQ_AUIDigB||target:%20_blank|\u00a0\u00bb][\/vc_column_inner][vc_column_inner width=\u00a0\u00bb1\/3&Prime;][\/vc_column_inner][vc_column_inner width=\u00a0\u00bb1\/3&Prime;][\/vc_column_inner][\/vc_row_inner][vc_column_text]<span style=\"color: #ff490d;\"><strong>GPS : 50.433687 &#8211; 4.743143 (Rue des D\u00e9port\u00e9s 61 &#8211; 5150 Frani\u00e8re)<\/strong><\/span>[\/vc_column_text][vc_column_text]<iframe loading=\"lazy\" style=\"border: 0;\" src=\"https:\/\/www.google.com\/maps\/embed?pb=!1m14!1m8!1m3!1d2541.3979950241423!2d4.743143!3d50.433687!3m2!1i1024!2i768!4f13.1!3m3!1m2!1s0x47c19ab48bb05095%3A0xec9557b9bf0303ff!2sJohn+Martin's+Karting+SA!5e0!3m2!1sfr!2sbe!4v1411655761670\" width=\"100%\" height=\"300\" frameborder=\"0\"><\/iframe>[\/vc_column_text][vc_row_inner][vc_column_inner][vc_column_text]<\/p>\n<h3>En venant de Namur ou Charleroi<\/h3>\n<p>Prendre la <strong>N90<\/strong> en direction de <strong>Floreffe<\/strong>. Entrer dans <strong>Floreffe<\/strong> et suivre les panneaux directionnels <strong>\u00ab\u00a0J.M.KARTING\u00a0\u00bb<\/strong>.[\/vc_column_text][vc_column_text]<\/p>\n<h3>En venant de Bruxelles, Li\u00e8ge ou Arlon<\/h3>\n<p>De Bruxelles ou Arlon : E411 direction Namur. De Li\u00e8ge : E42 direction Namur.<br \/>\nA l&rsquo;\u00e9changeur de Daussoulx : E42 direction Mons &#8211; Charleroi. Prendre la sortie 12 en direction de Floreffe.<br \/>\nEntrer dans Floreffe et suivre les panneaux directionnels \u00ab\u00a0J.M.KARTING\u00a0\u00bb.[\/vc_column_text][\/vc_column_inner][\/vc_row_inner][\/vc_column][\/vc_row][vc_row][vc_column][vc_column_text]<\/p>\n<h2>Contactez-nous<\/h2>\n<p>[\/vc_column_text][vc_row_inner][vc_column_inner][vc_column_text]<\/p>\n<h3>Pour r\u00e9server (Location par 1\/4h) :<span style=\"color: #ff490d;\">\u00a0+32 (0)81 44 44 44<\/span><\/h3>\n<p><em>Rappels : R\u00e9servations souhait\u00e9es \/ Carte d&rsquo;identit\u00e9 exig\u00e9e \/ Taille minimale 1m55<\/em>[\/vc_column_text][\/vc_column_inner][\/vc_row_inner][\/vc_column][\/vc_row][vc_row][vc_column][vc_column_text]<\/p>\n<h2>Heures d&rsquo;ouverture<\/h2>\n<p>[\/vc_column_text][vc_row_inner][vc_column_inner][vc_column_text]<span style=\"color: #ff490d;\">Lundi, Mardi, Jeudi<\/span>\u00a0&#8211; De 18h00 \u00e0 23h00<br \/>\n<span style=\"color: #ff490d;\">Mercredi<\/span> &#8211; De 16h00 \u00e0 23h00<br \/>\n<span style=\"color: #ff490d;\">Vendredi<\/span> &#8211; De 18h00 \u00e0 24h30<br \/>\n<span style=\"color: #ff490d;\">Samedi<\/span> &#8211; De <span style=\"text-decoration: underline;\">11h00<\/span> \u00e0 24h30<br \/>\n<span style=\"color: #ff490d;\">Dimanche<\/span> &#8211; De 14h00 \u00e0 22h00<\/p>\n<p><span style=\"color: #ff490d;\">Jours f\u00e9ri\u00e9s (en semaine)<\/span> &#8211; A partir de 14h00<br \/>\n<span style=\"color: #ff490d;\">Cong\u00e9s scolaires (en semaine)<\/span> &#8211; A partir de 16h00<\/p>\n<h4><span style=\"color: #fa3d02;\">Cong\u00e9s de Printemps <\/span>&#8211; Du 27\/04 au 08\/05 &#8211; Promotion <span style=\"color: #fa3d02;\">JMK HAPPY HOURS<\/span> : <a href=\"https:\/\/jmkarting.com\/namur\/wp-content\/uploads\/sites\/2\/2026\/03\/JMK-NAMUR-Happy-Hours-Printemps-2026.pdf\" target=\"_blank\" rel=\"noopener\">JMK NAMUR Happy Hours Printemps 2026<\/a><\/h4>\n<h4>Jours f\u00e9ri\u00e9s : Ouvert \u00e0 14h00 &gt;&gt;&gt; Vendredi 01\/05 &#8211; Jeudi 14\/05 &#8211; Lundi 25\/05<\/h4>\n<p>[\/vc_column_text][\/vc_column_inner][\/vc_row_inner][vc_separator style=\u00a0\u00bbdotted\u00a0\u00bb][vc_row_inner equal_height=\u00a0\u00bbyes\u00a0\u00bb content_placement=\u00a0\u00bbmiddle\u00a0\u00bb][vc_column_inner width=\u00a0\u00bb1\/12&Prime;][vc_icon icon_fontawesome=\u00a0\u00bbfa fa-exclamation-circle\u00a0\u00bb color=\u00a0\u00bbcustom\u00a0\u00bb align=\u00a0\u00bbright\u00a0\u00bb custom_color=\u00a0\u00bb#ff490d\u00a0\u00bb][\/vc_column_inner][vc_column_inner width=\u00a0\u00bb11\/12&Prime;][vc_column_text]<\/p>\n<p style=\"text-align: left;\"><span style=\"color: #ff490d;\">R\u00e9servation souhait\u00e9e \/ Carte d&rsquo;identit\u00e9 exig\u00e9e<\/span><\/p>\n<p>[\/vc_column_text][\/vc_column_inner][\/vc_row_inner][vc_separator style=\u00a0\u00bbdotted\u00a0\u00bb][vc_row_inner][vc_column_inner][vc_column_text]<strong>Des infos compl\u00e9mentaires, une demande particuli\u00e8re, \u2026\u00a0? Compl\u00e9tez notre formulaire\u00a0:<\/strong>[\/vc_column_text][vc_column_text]<div class=\"frm_forms \" id=\"frm_form_8_container\" >\n<form enctype=\"multipart\/form-data\" method=\"post\" class=\"frm-show-form \" id=\"form_xbeilx\"  >\n<div class=\"frm_form_fields \">\n<fieldset>\n\r\n<div class=\"frm_fields_container\">\n<input type=\"hidden\" name=\"frm_action\" value=\"create\" \/>\n<input type=\"hidden\" name=\"form_id\" value=\"8\" \/>\n<input type=\"hidden\" name=\"frm_hide_fields_8\" id=\"frm_hide_fields_8\" value=\"\" \/>\n<input type=\"hidden\" name=\"form_key\" value=\"xbeilx\" \/>\n<input type=\"hidden\" name=\"item_meta[0]\" value=\"\" \/>\n<input type=\"hidden\" id=\"frm_submit_entry_8\" name=\"frm_submit_entry_8\" value=\"cbae9e3967\" \/><input type=\"hidden\" name=\"_wp_http_referer\" value=\"\/namur\/wp-json\/wp\/v2\/pages\/12398\" \/><div id=\"frm_field_81_container\" class=\"frm_form_field form-field  frm_required_field frm_top_container form-group\">\r\n    <label for=\"field_5h7hgu\" class=\"frm_primary_label\">Nom\r\n        <span class=\"frm_required\">*<\/span>\r\n    <\/label>\r\n    <input type=\"text\" id=\"field_5h7hgu\" name=\"item_meta[81]\" value=\"\"  data-reqmsg=\"Indiquez votre nom\" aria-required=\"true\" data-invmsg=\"Nom est non valide\" aria-invalid=\"false\"  \/>\r\n    \r\n    \r\n<\/div>\n<div id=\"frm_field_82_container\" class=\"frm_form_field form-field  frm_required_field frm_top_container form-group\">\r\n    <label for=\"field_ssk2dx\" class=\"frm_primary_label\">Pr\u00e9nom\r\n        <span class=\"frm_required\">*<\/span>\r\n    <\/label>\r\n    <input type=\"text\" id=\"field_ssk2dx\" name=\"item_meta[82]\" value=\"\"  data-reqmsg=\"Indiquez votre pr\u00e9nom\" aria-required=\"true\" data-invmsg=\"Pr\u00e9nom est non valide\" aria-invalid=\"false\"  \/>\r\n    \r\n    \r\n<\/div>\n<div id=\"frm_field_83_container\" class=\"frm_form_field form-field  frm_required_field frm_top_container form-group\">\r\n    <label for=\"field_a4ocmt\" class=\"frm_primary_label\">T\u00e9l. \/ Gsm\r\n        <span class=\"frm_required\">*<\/span>\r\n    <\/label>\r\n    <input type=\"text\" id=\"field_a4ocmt\" name=\"item_meta[83]\" value=\"\"  data-reqmsg=\"Indiquez votre pr\u00e9nom\" aria-required=\"true\" data-invmsg=\"T\u00e9l. \/ Gsm est non valide\" aria-invalid=\"false\"  \/>\r\n    \r\n    \r\n<\/div>\n<div id=\"frm_field_84_container\" class=\"frm_form_field form-field  frm_required_field frm_top_container form-group\">\r\n    <label for=\"field_1jewhy\" class=\"frm_primary_label\">E-mail\r\n        <span class=\"frm_required\">*<\/span>\r\n    <\/label>\r\n    <input type=\"text\" id=\"field_1jewhy\" name=\"item_meta[84]\" value=\"\"  data-reqmsg=\"indiquez votre e-mail\" aria-required=\"true\" data-invmsg=\"E-mail est non valide\" aria-invalid=\"false\"  \/>\r\n    \r\n    \r\n<\/div>\n<div id=\"frm_field_85_container\" class=\"frm_form_field form-field  frm_required_field frm_top_container form-group\">\r\n    <label for=\"field_lail1e\" class=\"frm_primary_label\">Message\r\n        <span class=\"frm_required\">*<\/span>\r\n    <\/label>\r\n    <textarea name=\"item_meta[85]\" id=\"field_lail1e\" rows=\"5\"  data-reqmsg=\"Indiquez votre message\" aria-required=\"true\" data-invmsg=\"Message est non valide\" aria-invalid=\"false\"  ><\/textarea>\r\n    \r\n    \r\n<\/div>\n<input type=\"hidden\" id=\"field_w3f10\" name=\"item_meta[156]\" value=\"JMK Namur\"  data-frmval=\"JMK Namur\" data-invmsg=\"Concerne est non valide\"  \/>\t<input type=\"hidden\" name=\"item_key\" value=\"\" \/>\n\t\t\t\t<div class=\"frm_verify\" aria-hidden=\"true\">\n\t\t\t\t<label for=\"frm_email_8\">\n\t\t\t\t\tSi vous \u00eates un humain, ne remplissez pas ce champ.\t\t\t\t<\/label>\n\t\t\t\t<input type=\"text\" class=\"frm_verify\" id=\"frm_email_8\" name=\"frm_verify\" value=\"\"  \/>\n\t\t\t<\/div>\n\t\t<div class=\"frm_submit\">\r\n\r\n<input type=\"submit\" value=\"Envoyer\"  \/>\r\n<img decoding=\"async\" class=\"frm_ajax_loading\" src=\"https:\/\/jmkarting.com\/namur\/wp-content\/plugins\/formidable\/images\/ajax_loader.gif\" alt=\"Envoi\" style=\"visibility:hidden;\" \/>\r\n\r\n<\/div><\/div>\n<\/fieldset>\n<\/div>\n<\/form>\n<\/div>\n[\/vc_column_text][\/vc_column_inner][\/vc_row_inner][\/vc_column][\/vc_row][vc_row][vc_column][vc_column_text]<\/p>\n<p>[\/vc_column_text][\/vc_column][\/vc_row]<\/p>\n<\/section>","protected":false},"excerpt":{"rendered":"<p>[vc_row][vc_column][vc_column_text] Localisation [\/vc_column_text][vc_column_text]Rue de Saint-Gobain 1 5150 FLOREFFE (Frani\u00e8re) Belgique[\/vc_column_text][vc_row_inner][vc_column_inner width=\u00a0\u00bb1\/3&Prime;][vc_btn title=\u00a0\u00bbItin\u00e9raire\u00a0\u00bb style=\u00a0\u00bboutline-custom\u00a0\u00bb outline_custom_color=\u00a0\u00bb#ff490d\u00a0\u00bb outline_custom_hover_background=\u00a0\u00bb#ff490d\u00a0\u00bb outline_custom_hover_text=\u00a0\u00bb#ffffff\u00a0\u00bb shape=\u00a0\u00bbround\u00a0\u00bb size=\u00a0\u00bblg\u00a0\u00bb link=\u00a0\u00bburl:https%3A%2F%2Fwww.google.be%2Fmaps%3Fnewwindow%3D1%26q%3DRue%2Bdes%2BD%25C3%25A9port%25C3%25A9s%2B61%2B%25E2%2580%2593%2B5150%2BFrani%25C3%25A8re%26um%3D1%26ie%3DUTF-8%26sa%3DX%26ved%3D0ahUKEwjzwKq_5efeAhXM_aQKHXDXAycQ_AUIDigB||target:%20_blank|\u00a0\u00bb][\/vc_column_inner][vc_column_inner width=\u00a0\u00bb1\/3&Prime;][\/vc_column_inner][vc_column_inner width=\u00a0\u00bb1\/3&Prime;][\/vc_column_inner][\/vc_row_inner][vc_column_text]GPS : 50.433687 &#8211; 4.743143 (Rue des D\u00e9port\u00e9s 61 &#8211; 5150 Frani\u00e8re)[\/vc_column_text][vc_column_text][\/vc_column_text][vc_row_inner][vc_column_inner][vc_column_text] En venant de Namur ou Charleroi Prendre la N90 en direction de Floreffe. Entrer dans Floreffe et suivre les panneaux directionnels \u00ab\u00a0J.M.KARTING\u00a0\u00bb.[\/vc_column_text][vc_column_text] En [&hellip;]<\/p>\n","protected":false},"author":1,"featured_media":8996,"parent":0,"menu_order":0,"comment_status":"closed","ping_status":"closed","template":"","meta":{"footnotes":""},"class_list":["post-12398","page","type-page","status-publish","has-post-thumbnail","hentry"],"acf":[],"yoast_head":"<!-- This site is optimized with the Yoast SEO Premium plugin v21.7 (Yoast SEO v21.7) - https:\/\/yoast.com\/wordpress\/plugins\/seo\/ -->\n<title>Horaires &amp; Contact - JMKARTING Namur<\/title>\n<meta name=\"robots\" content=\"index, follow, max-snippet:-1, max-image-preview:large, max-video-preview:-1\" \/>\n<link rel=\"canonical\" href=\"https:\/\/jmkarting.com\/namur\/horaires-contact\/\" \/>\n<meta property=\"og:locale\" content=\"fr_FR\" \/>\n<meta property=\"og:type\" content=\"article\" \/>\n<meta property=\"og:title\" content=\"Horaires &amp; Contact - JMKARTING Namur\" \/>\n<meta property=\"og:description\" content=\"[vc_row][vc_column][vc_column_text] Localisation [\/vc_column_text][vc_column_text]Rue de Saint-Gobain 1 5150 FLOREFFE (Frani\u00e8re) Belgique[\/vc_column_text][vc_row_inner][vc_column_inner width=\u00a0\u00bb1\/3&Prime;][vc_btn title=\u00a0\u00bbItin\u00e9raire\u00a0\u00bb style=\u00a0\u00bboutline-custom\u00a0\u00bb outline_custom_color=\u00a0\u00bb#ff490d\u00a0\u00bb outline_custom_hover_background=\u00a0\u00bb#ff490d\u00a0\u00bb outline_custom_hover_text=\u00a0\u00bb#ffffff\u00a0\u00bb shape=\u00a0\u00bbround\u00a0\u00bb size=\u00a0\u00bblg\u00a0\u00bb link=\u00a0\u00bburl:https%3A%2F%2Fwww.google.be%2Fmaps%3Fnewwindow%3D1%26q%3DRue%2Bdes%2BD%25C3%25A9port%25C3%25A9s%2B61%2B%25E2%2580%2593%2B5150%2BFrani%25C3%25A8re%26um%3D1%26ie%3DUTF-8%26sa%3DX%26ved%3D0ahUKEwjzwKq_5efeAhXM_aQKHXDXAycQ_AUIDigB||target:%20_blank|\u00a0\u00bb][\/vc_column_inner][vc_column_inner width=\u00a0\u00bb1\/3&Prime;][\/vc_column_inner][vc_column_inner width=\u00a0\u00bb1\/3&Prime;][\/vc_column_inner][\/vc_row_inner][vc_column_text]GPS : 50.433687 &#8211; 4.743143 (Rue des D\u00e9port\u00e9s 61 &#8211; 5150 Frani\u00e8re)[\/vc_column_text][vc_column_text][\/vc_column_text][vc_row_inner][vc_column_inner][vc_column_text] En venant de Namur ou Charleroi Prendre la N90 en direction de Floreffe. Entrer dans Floreffe et suivre les panneaux directionnels \u00ab\u00a0J.M.KARTING\u00a0\u00bb.[\/vc_column_text][vc_column_text] En [&hellip;]\" \/>\n<meta property=\"og:url\" content=\"https:\/\/jmkarting.com\/namur\/horaires-contact\/\" \/>\n<meta property=\"og:site_name\" content=\"JMKARTING Namur\" \/>\n<meta property=\"article:modified_time\" content=\"2026-04-18T14:15:58+00:00\" \/>\n<meta property=\"og:image\" content=\"https:\/\/jmkarting.com\/namur\/wp-content\/uploads\/sites\/2\/2023\/05\/20230419TL_Kingsize-JMKARTING_153.jpg\" \/>\n\t<meta property=\"og:image:width\" content=\"2048\" \/>\n\t<meta property=\"og:image:height\" content=\"1365\" \/>\n\t<meta property=\"og:image:type\" content=\"image\/jpeg\" \/>\n<meta name=\"twitter:card\" content=\"summary_large_image\" \/>\n<meta name=\"twitter:label1\" content=\"Dur\u00e9e de lecture estim\u00e9e\" \/>\n\t<meta name=\"twitter:data1\" content=\"2 minutes\" \/>\n<script type=\"application\/ld+json\" class=\"yoast-schema-graph\">{\"@context\":\"https:\/\/schema.org\",\"@graph\":[{\"@type\":\"WebPage\",\"@id\":\"https:\/\/jmkarting.com\/namur\/horaires-contact\/\",\"url\":\"https:\/\/jmkarting.com\/namur\/horaires-contact\/\",\"name\":\"Horaires & Contact - JMKARTING Namur\",\"isPartOf\":{\"@id\":\"https:\/\/jmkarting.com\/namur\/#website\"},\"datePublished\":\"2023-10-17T08:59:43+00:00\",\"dateModified\":\"2026-04-18T14:15:58+00:00\",\"inLanguage\":\"fr-FR\",\"potentialAction\":[{\"@type\":\"ReadAction\",\"target\":[\"https:\/\/jmkarting.com\/namur\/horaires-contact\/\"]}]},{\"@type\":\"WebSite\",\"@id\":\"https:\/\/jmkarting.com\/namur\/#website\",\"url\":\"https:\/\/jmkarting.com\/namur\/\",\"name\":\"JMKARTING Namur\",\"description\":\"\",\"publisher\":{\"@id\":\"https:\/\/jmkarting.com\/namur\/#organization\"},\"potentialAction\":[{\"@type\":\"SearchAction\",\"target\":{\"@type\":\"EntryPoint\",\"urlTemplate\":\"https:\/\/jmkarting.com\/namur\/?s={search_term_string}\"},\"query-input\":\"required name=search_term_string\"}],\"inLanguage\":\"fr-FR\"},{\"@type\":\"Organization\",\"@id\":\"https:\/\/jmkarting.com\/namur\/#organization\",\"name\":\"JMKARTING Namur\",\"url\":\"https:\/\/jmkarting.com\/namur\/\",\"logo\":{\"@type\":\"ImageObject\",\"inLanguage\":\"fr-FR\",\"@id\":\"https:\/\/jmkarting.com\/namur\/#\/schema\/logo\/image\/\",\"url\":\"https:\/\/jmkarting.com\/namur\/wp-content\/uploads\/sites\/2\/2023\/04\/logo.svg\",\"contentUrl\":\"https:\/\/jmkarting.com\/namur\/wp-content\/uploads\/sites\/2\/2023\/04\/logo.svg\",\"width\":301,\"height\":209,\"caption\":\"JMKARTING Namur\"},\"image\":{\"@id\":\"https:\/\/jmkarting.com\/namur\/#\/schema\/logo\/image\/\"}}]}<\/script>\n<!-- \/ Yoast SEO Premium plugin. -->","yoast_head_json":{"title":"Horaires & Contact - JMKARTING Namur","robots":{"index":"index","follow":"follow","max-snippet":"max-snippet:-1","max-image-preview":"max-image-preview:large","max-video-preview":"max-video-preview:-1"},"canonical":"https:\/\/jmkarting.com\/namur\/horaires-contact\/","og_locale":"fr_FR","og_type":"article","og_title":"Horaires & Contact - JMKARTING Namur","og_description":"[vc_row][vc_column][vc_column_text] Localisation [\/vc_column_text][vc_column_text]Rue de Saint-Gobain 1 5150 FLOREFFE (Frani\u00e8re) Belgique[\/vc_column_text][vc_row_inner][vc_column_inner width=\u00a0\u00bb1\/3&Prime;][vc_btn title=\u00a0\u00bbItin\u00e9raire\u00a0\u00bb style=\u00a0\u00bboutline-custom\u00a0\u00bb outline_custom_color=\u00a0\u00bb#ff490d\u00a0\u00bb outline_custom_hover_background=\u00a0\u00bb#ff490d\u00a0\u00bb outline_custom_hover_text=\u00a0\u00bb#ffffff\u00a0\u00bb shape=\u00a0\u00bbround\u00a0\u00bb size=\u00a0\u00bblg\u00a0\u00bb link=\u00a0\u00bburl:https%3A%2F%2Fwww.google.be%2Fmaps%3Fnewwindow%3D1%26q%3DRue%2Bdes%2BD%25C3%25A9port%25C3%25A9s%2B61%2B%25E2%2580%2593%2B5150%2BFrani%25C3%25A8re%26um%3D1%26ie%3DUTF-8%26sa%3DX%26ved%3D0ahUKEwjzwKq_5efeAhXM_aQKHXDXAycQ_AUIDigB||target:%20_blank|\u00a0\u00bb][\/vc_column_inner][vc_column_inner width=\u00a0\u00bb1\/3&Prime;][\/vc_column_inner][vc_column_inner width=\u00a0\u00bb1\/3&Prime;][\/vc_column_inner][\/vc_row_inner][vc_column_text]GPS : 50.433687 &#8211; 4.743143 (Rue des D\u00e9port\u00e9s 61 &#8211; 5150 Frani\u00e8re)[\/vc_column_text][vc_column_text][\/vc_column_text][vc_row_inner][vc_column_inner][vc_column_text] En venant de Namur ou Charleroi Prendre la N90 en direction de Floreffe. Entrer dans Floreffe et suivre les panneaux directionnels \u00ab\u00a0J.M.KARTING\u00a0\u00bb.[\/vc_column_text][vc_column_text] En [&hellip;]","og_url":"https:\/\/jmkarting.com\/namur\/horaires-contact\/","og_site_name":"JMKARTING Namur","article_modified_time":"2026-04-18T14:15:58+00:00","og_image":[{"width":2048,"height":1365,"url":"https:\/\/jmkarting.com\/namur\/wp-content\/uploads\/sites\/2\/2023\/05\/20230419TL_Kingsize-JMKARTING_153.jpg","type":"image\/jpeg"}],"twitter_card":"summary_large_image","twitter_misc":{"Dur\u00e9e de lecture estim\u00e9e":"2 minutes"},"schema":{"@context":"https:\/\/schema.org","@graph":[{"@type":"WebPage","@id":"https:\/\/jmkarting.com\/namur\/horaires-contact\/","url":"https:\/\/jmkarting.com\/namur\/horaires-contact\/","name":"Horaires & Contact - JMKARTING Namur","isPartOf":{"@id":"https:\/\/jmkarting.com\/namur\/#website"},"datePublished":"2023-10-17T08:59:43+00:00","dateModified":"2026-04-18T14:15:58+00:00","inLanguage":"fr-FR","potentialAction":[{"@type":"ReadAction","target":["https:\/\/jmkarting.com\/namur\/horaires-contact\/"]}]},{"@type":"WebSite","@id":"https:\/\/jmkarting.com\/namur\/#website","url":"https:\/\/jmkarting.com\/namur\/","name":"JMKARTING Namur","description":"","publisher":{"@id":"https:\/\/jmkarting.com\/namur\/#organization"},"potentialAction":[{"@type":"SearchAction","target":{"@type":"EntryPoint","urlTemplate":"https:\/\/jmkarting.com\/namur\/?s={search_term_string}"},"query-input":"required name=search_term_string"}],"inLanguage":"fr-FR"},{"@type":"Organization","@id":"https:\/\/jmkarting.com\/namur\/#organization","name":"JMKARTING Namur","url":"https:\/\/jmkarting.com\/namur\/","logo":{"@type":"ImageObject","inLanguage":"fr-FR","@id":"https:\/\/jmkarting.com\/namur\/#\/schema\/logo\/image\/","url":"https:\/\/jmkarting.com\/namur\/wp-content\/uploads\/sites\/2\/2023\/04\/logo.svg","contentUrl":"https:\/\/jmkarting.com\/namur\/wp-content\/uploads\/sites\/2\/2023\/04\/logo.svg","width":301,"height":209,"caption":"JMKARTING Namur"},"image":{"@id":"https:\/\/jmkarting.com\/namur\/#\/schema\/logo\/image\/"}}]}},"_links":{"self":[{"href":"https:\/\/jmkarting.com\/namur\/wp-json\/wp\/v2\/pages\/12398"}],"collection":[{"href":"https:\/\/jmkarting.com\/namur\/wp-json\/wp\/v2\/pages"}],"about":[{"href":"https:\/\/jmkarting.com\/namur\/wp-json\/wp\/v2\/types\/page"}],"author":[{"embeddable":true,"href":"https:\/\/jmkarting.com\/namur\/wp-json\/wp\/v2\/users\/1"}],"replies":[{"embeddable":true,"href":"https:\/\/jmkarting.com\/namur\/wp-json\/wp\/v2\/comments?post=12398"}],"version-history":[{"count":57,"href":"https:\/\/jmkarting.com\/namur\/wp-json\/wp\/v2\/pages\/12398\/revisions"}],"predecessor-version":[{"id":13899,"href":"https:\/\/jmkarting.com\/namur\/wp-json\/wp\/v2\/pages\/12398\/revisions\/13899"}],"wp:featuredmedia":[{"embeddable":true,"href":"https:\/\/jmkarting.com\/namur\/wp-json\/wp\/v2\/media\/8996"}],"wp:attachment":[{"href":"https:\/\/jmkarting.com\/namur\/wp-json\/wp\/v2\/media?parent=12398"}],"curies":[{"name":"wp","href":"https:\/\/api.w.org\/{rel}","templated":true}]}}