{"id":13396,"date":"2025-03-13T18:29:38","date_gmt":"2025-03-13T17:29:38","guid":{"rendered":"https:\/\/jmkarting.com\/namur\/?page_id=13396"},"modified":"2026-03-06T17:57:00","modified_gmt":"2026-03-06T16:57:00","slug":"jmkids-namur-stage-aout-2026","status":"publish","type":"page","link":"https:\/\/jmkarting.com\/namur\/jmkids-namur-stage-aout-2026\/","title":{"rendered":"JMKids NAMUR Stage Aout 2026"},"content":{"rendered":"<p><span style=\"color: #ff490d;\"><strong>JMKids NAMUR<\/strong><\/span> &#8211; Stage organis\u00e9 du lundi 17\/08 au vendredi 21\/08\/2026<\/p>\n<p><strong>Programme<\/strong><\/p>\n<p><u><\/u>Cours de pilotage th\u00e9oriques et pratiques<br \/>\nContr\u00f4le et ma\u00eetrise d\u2019un kart<br \/>\nM\u00e9canique de base 4-temps et 2-temps \/ Set-up du kart<br \/>\nApprentissage des r\u00e8glements<\/p>\n<p><strong>Informations pratiques<\/strong><\/p>\n<p><u><\/u>8h45 : Accueil des kids (9h00 D\u00e9but des cours)<br \/>\n12h00 : Pause \u00ab Repas \u00bb &gt; Les kids doivent apporter leur pique-nique !<br \/>\n15h15 : Go\u00fbter offert par JMK<br \/>\n16h45 : Fin des activit\u00e9s<\/p>\n<p>Nous demandons aux parents de ne pas se pr\u00e9senter pendant les heures de stage dans notre \u00e9tablissement (celui-ci sera accessible \u00e0 partir de 16h35).<br \/>\nNous invitons les parents, la famille et les amis \u00e0 assister \u00e0 l\u2019\u00e9v\u00e9nement qui cl\u00f4turera le stage le vendredi apr\u00e8s-midi (\u00e0 partir de 13h45).<\/p>\n<p><strong>Inscription \/ Tarif<\/strong><\/p>\n<p>1) Bulletin d\u2019inscription \u00e0\u00a0 compl\u00e9ter par le(s) parent(s) : Voir ci-dessous.<br \/>\n2) Virement de 340,00 EUR \u00e0 verser sur notre compte bancaire.<br \/>\nJMKARTING S.A. : BE77 0682 2674 8742 \u2013 Veuillez indiquer la mention suivante : \u00ab Nom du pilote \u00bb + \u00ab Stage Ao\u00fbt 2026 \u00bb<\/p>\n<p>Inscription + Paiement = Participation valid\u00e9e.<br \/>\nPaiement indispensable pour confirmer la participation. Paiement unique (pas de paiement fractionn\u00e9).<\/p>\n<p><strong>Remarques<\/strong><\/p>\n<p>Nombre maximum de participants au stage : 28 enfants.<\/p>\n<p>Il est conseill\u00e9 de participer \u00e0 un stage \u00e0 partir de 8 ans. A 6 ou 7 ans, un stage de karting de 5 jours peut s&rsquo;av\u00e9rer \u00ab\u00a0tr\u00e8s (trop) physique\u00a0\u00bb. Nous d\u00e9conseillons donc une inscription pour les 6 et 7 ans.<br \/>\nIl est conseill\u00e9 de venir d&rsquo;abord essayer le karting un dimanche matin, pendant les horaires propres \u00e0 <strong>JMKids<\/strong>. Nous d\u00e9conseillons d&rsquo;inscrire un jeune sans qu&rsquo;il soit, au pr\u00e9alable, venu au moins 3 ou 4 fois essayer ce sport le dimanche matin.<br \/>\nPas de remboursement, m\u00eame partiel, quelle qu&rsquo;en soit la raison.<\/p>\n<hr \/>\n<p><strong>Inscription<\/strong><\/p>\n<div class=\"frm_forms  with_frm_style frm_style_style-formidable\" id=\"frm_form_3_container\" >\n<form enctype=\"multipart\/form-data\" method=\"post\" class=\"frm-show-form \" id=\"form_oiyikc22212\"  >\n<div class=\"frm_form_fields \">\n<fieldset>\n\r\n<div class=\"frm_fields_container\">\n<input type=\"hidden\" name=\"frm_action\" value=\"create\" \/>\n<input type=\"hidden\" name=\"form_id\" value=\"3\" \/>\n<input type=\"hidden\" name=\"frm_hide_fields_3\" id=\"frm_hide_fields_3\" value=\"\" \/>\n<input type=\"hidden\" name=\"form_key\" value=\"oiyikc22212\" \/>\n<input type=\"hidden\" name=\"item_meta[0]\" value=\"\" \/>\n<input type=\"hidden\" id=\"frm_submit_entry_3\" name=\"frm_submit_entry_3\" value=\"1fb2780f52\" \/><input type=\"hidden\" name=\"_wp_http_referer\" value=\"\/namur\/wp-json\/wp\/v2\/pages\/13396\" \/><h3>P\u00e8re \/ M\u00e8re \/ Responsable L\u00e9gal<\/h3>\r\n<div id=\"frm_field_19_container\" class=\"frm_form_field form-field  frm_required_field frm_top_container\">\r\n    <label for=\"field_9wx1go312\" class=\"frm_primary_label\">Nom\r\n        <span class=\"frm_required\">*<\/span>\r\n    <\/label>\r\n    <input type=\"text\" id=\"field_9wx1go312\" name=\"item_meta[19]\" value=\"\"  data-reqmsg=\"Indiquez votre nom\" aria-required=\"true\" data-invmsg=\"Nom est non valide\" aria-invalid=\"false\"  \/>\r\n    \r\n    \r\n<\/div>\n<div id=\"frm_field_20_container\" class=\"frm_form_field form-field  frm_required_field frm_top_container\">\r\n    <label for=\"field_w8w8y312\" class=\"frm_primary_label\">Pr\u00e9nom\r\n        <span class=\"frm_required\">*<\/span>\r\n    <\/label>\r\n    <input type=\"text\" id=\"field_w8w8y312\" name=\"item_meta[20]\" value=\"\"  data-reqmsg=\"Indiquez votre pr\u00e9nom\" aria-required=\"true\" data-invmsg=\"Pr\u00e9nom est non valide\" aria-invalid=\"false\"  \/>\r\n    \r\n    \r\n<\/div>\n<div id=\"frm_field_21_container\" class=\"frm_form_field form-field  frm_required_field frm_top_container\">\r\n    <label for=\"field_welomw312\" class=\"frm_primary_label\">Adresse compl\u00e8te\r\n        <span class=\"frm_required\">*<\/span>\r\n    <\/label>\r\n    <input type=\"text\" id=\"field_welomw312\" name=\"item_meta[21]\" value=\"\"  data-reqmsg=\"Indiquez votre num de t\u00e9l\u00e9phone\" aria-required=\"true\" data-invmsg=\"Adresse compl\u00e8te est non valide\" aria-invalid=\"false\"  \/>\r\n    \r\n    \r\n<\/div>\n<div id=\"frm_field_22_container\" class=\"frm_form_field form-field  frm_top_container\">\r\n    <label for=\"field_nc843d12\" class=\"frm_primary_label\">T\u00e9l.\r\n        <span class=\"frm_required\"><\/span>\r\n    <\/label>\r\n    <input type=\"text\" id=\"field_nc843d12\" name=\"item_meta[22]\" value=\"\"  data-invmsg=\"T\u00e9l. est non valide\" aria-invalid=\"false\"  \/>\r\n    \r\n    \r\n<\/div>\n<div id=\"frm_field_23_container\" class=\"frm_form_field form-field  frm_required_field frm_top_container\">\r\n    <label for=\"field_l28y6r312\" class=\"frm_primary_label\">E-mail\r\n        <span class=\"frm_required\">*<\/span>\r\n    <\/label>\r\n    <input type=\"text\" id=\"field_l28y6r312\" name=\"item_meta[23]\" value=\"\"  data-reqmsg=\"Indiquez votre e-mail\" aria-required=\"true\" data-invmsg=\"E-mail est non valide\" aria-invalid=\"false\"  \/>\r\n    \r\n    \r\n<\/div>\n<h3>Personne(s) \u00e0 pr\u00e9venir en cas de n\u00e9cessit\u00e9<\/h3>\r\n<div id=\"frm_field_24_container\" class=\"frm_form_field form-field  frm_required_field frm_top_container\">\r\n    <label for=\"field_rj9on0312\" class=\"frm_primary_label\">Nom et pr\u00e9nom\r\n        <span class=\"frm_required\">*<\/span>\r\n    <\/label>\r\n    <input type=\"text\" id=\"field_rj9on0312\" name=\"item_meta[24]\" value=\"\"  data-reqmsg=\"Ce champs ne peut pas \u00eatre vide !\" aria-required=\"true\" data-invmsg=\"Nom et pr\u00e9nom est non valide\" aria-invalid=\"false\"  \/>\r\n    \r\n    \r\n<\/div>\n<div id=\"frm_field_25_container\" class=\"frm_form_field form-field  frm_required_field frm_top_container\">\r\n    <label for=\"field_bk4eki12\" class=\"frm_primary_label\">T\u00e9l.\r\n        <span class=\"frm_required\">*<\/span>\r\n    <\/label>\r\n    <input type=\"text\" id=\"field_bk4eki12\" name=\"item_meta[25]\" value=\"\"  data-reqmsg=\"Ce champs ne peut pas \u00eatre vide !\" aria-required=\"true\" data-invmsg=\"T\u00e9l. est non valide\" aria-invalid=\"false\"  \/>\r\n    \r\n    \r\n<\/div>\n<div id=\"frm_field_26_container\" class=\"frm_form_field form-field  frm_required_field frm_top_container\">\r\n    <label for=\"field_w4g5ki12\" class=\"frm_primary_label\">Nom et pr\u00e9nom\r\n        <span class=\"frm_required\">*<\/span>\r\n    <\/label>\r\n    <input type=\"text\" id=\"field_w4g5ki12\" name=\"item_meta[26]\" value=\"\"  data-reqmsg=\"Ce champs ne peut pas \u00eatre vide !\" aria-required=\"true\" data-invmsg=\"Nom et pr\u00e9nom est non valide\" aria-invalid=\"false\"  \/>\r\n    \r\n    \r\n<\/div>\n<div id=\"frm_field_27_container\" class=\"frm_form_field form-field  frm_required_field frm_top_container\">\r\n    <label for=\"field_z5bku12\" class=\"frm_primary_label\">T\u00e9l.\r\n        <span class=\"frm_required\">*<\/span>\r\n    <\/label>\r\n    <input type=\"text\" id=\"field_z5bku12\" name=\"item_meta[27]\" value=\"\"  data-reqmsg=\"Ce champs ne peut pas \u00eatre vide !\" aria-required=\"true\" data-invmsg=\"T\u00e9l. est non valide\" aria-invalid=\"false\"  \/>\r\n    \r\n    \r\n<\/div>\n<h3>Pilote participant au stage<\/h3>\r\n<div id=\"frm_field_28_container\" class=\"frm_form_field form-field  frm_required_field frm_top_container\">\r\n    <label for=\"field_d8yi9712\" class=\"frm_primary_label\">Nom\r\n        <span class=\"frm_required\">*<\/span>\r\n    <\/label>\r\n    <input type=\"text\" id=\"field_d8yi9712\" name=\"item_meta[28]\" value=\"\"  data-reqmsg=\"Ce champs ne peut pas \u00eatre vide !\" aria-required=\"true\" data-invmsg=\"Nom est non valide\" aria-invalid=\"false\"  \/>\r\n    \r\n    \r\n<\/div>\n<div id=\"frm_field_29_container\" class=\"frm_form_field form-field  frm_required_field frm_top_container\">\r\n    <label for=\"field_zpb8o012\" class=\"frm_primary_label\">Pr\u00e9nom\r\n        <span class=\"frm_required\">*<\/span>\r\n    <\/label>\r\n    <input type=\"text\" id=\"field_zpb8o012\" name=\"item_meta[29]\" value=\"\"  data-reqmsg=\"Ce champs ne peut pas \u00eatre vide !\" aria-required=\"true\" data-invmsg=\"Pr\u00e9nom est non valide\" aria-invalid=\"false\"  \/>\r\n    \r\n    \r\n<\/div>\n<div id=\"frm_field_30_container\" class=\"frm_form_field form-field  frm_required_field frm_top_container\">\r\n    <label for=\"field_3q37w412\" class=\"frm_primary_label\">Date de naissance\r\n        <span class=\"frm_required\">*<\/span>\r\n    <\/label>\r\n    <input type=\"text\" id=\"field_3q37w412\" name=\"item_meta[30]\" value=\"\"  data-reqmsg=\"Ce champs ne peut pas \u00eatre vide !\" aria-required=\"true\" data-invmsg=\"Date de naissance est non valide\" aria-invalid=\"false\"  \/>\r\n    \r\n    \r\n<\/div>\n<div id=\"frm_field_31_container\" class=\"frm_form_field form-field  frm_top_container\">\r\n<p>Le pilote est-il sujet \u00e0 des allergies ? Doit-il prendre des m\u00e9dicaments ? Veuillez indiquer ci-dessous les \u00e9ventuelles remarques concernant le jeune pilote :<\/p>\r\n    <label for=\"field_mss5sb312\" class=\"frm_primary_label\">Commentaire\r\n        <span class=\"frm_required\"><\/span>\r\n    <\/label>\r\n    <textarea name=\"item_meta[31]\" id=\"field_mss5sb312\" rows=\"5\"  data-invmsg=\"Commentaire est non valide\" aria-invalid=\"false\"  ><\/textarea>\r\n    \r\n    \r\n<\/div>\n\t<input type=\"hidden\" name=\"item_key\" value=\"\" \/>\n\t\t\t\t<div class=\"frm_verify\" aria-hidden=\"true\">\n\t\t\t\t<label for=\"frm_email_3\">\n\t\t\t\t\tSi vous \u00eates un humain, ne remplissez pas ce champ.\t\t\t\t<\/label>\n\t\t\t\t<input type=\"text\" class=\"frm_verify\" id=\"frm_email_3\" name=\"frm_verify\" value=\"\"  \/>\n\t\t\t<\/div>\n\t\t<span class=\"info\">Les champs marqu\u00e9s d'un ast\u00e9risque (<span class=\"rouge\">*<\/span>) sont obligatoires.\r\nNous traiterons votre inscription dans les plus brefs d\u00e9lais.<\/span><div class=\"frm_submit\">\r\n\r\n<input type=\"submit\" value=\"Inscription\"  \/>\r\n<img decoding=\"async\" class=\"frm_ajax_loading\" src=\"https:\/\/jmkarting.com\/namur\/wp-content\/plugins\/formidable\/images\/ajax_loader.gif\" alt=\"Envoi\" style=\"visibility:hidden;\" \/>\r\n\r\n<\/div><\/div>\n<\/fieldset>\n<\/div>\n<\/form>\n<\/div>\n\n","protected":false},"excerpt":{"rendered":"<p>JMKids NAMUR &#8211; Stage organis\u00e9 du lundi 17\/08 au vendredi 21\/08\/2026 Programme Cours de pilotage th\u00e9oriques et pratiques Contr\u00f4le et ma\u00eetrise d\u2019un kart M\u00e9canique de base 4-temps et 2-temps \/ Set-up du kart Apprentissage des r\u00e8glements Informations pratiques 8h45 : Accueil des kids (9h00 D\u00e9but des cours) 12h00 : Pause \u00ab Repas \u00bb &gt; Les [&hellip;]<\/p>\n","protected":false},"author":2,"featured_media":8950,"parent":0,"menu_order":0,"comment_status":"closed","ping_status":"closed","template":"","meta":{"footnotes":""},"class_list":["post-13396","page","type-page","status-publish","has-post-thumbnail","hentry"],"acf":[],"yoast_head":"<!-- This site is optimized with the Yoast SEO Premium plugin v21.7 (Yoast SEO v21.7) - https:\/\/yoast.com\/wordpress\/plugins\/seo\/ -->\n<title>JMKids NAMUR Stage Aout 2026 - JMKARTING Namur<\/title>\n<meta name=\"robots\" content=\"index, follow, max-snippet:-1, max-image-preview:large, max-video-preview:-1\" \/>\n<link rel=\"canonical\" href=\"https:\/\/jmkarting.com\/namur\/jmkids-namur-stage-aout-2026\/\" \/>\n<meta property=\"og:locale\" content=\"fr_FR\" \/>\n<meta property=\"og:type\" content=\"article\" \/>\n<meta property=\"og:title\" content=\"JMKids NAMUR Stage Aout 2026 - JMKARTING Namur\" \/>\n<meta property=\"og:description\" content=\"JMKids NAMUR &#8211; Stage organis\u00e9 du lundi 17\/08 au vendredi 21\/08\/2026 Programme Cours de pilotage th\u00e9oriques et pratiques Contr\u00f4le et ma\u00eetrise d\u2019un kart M\u00e9canique de base 4-temps et 2-temps \/ Set-up du kart Apprentissage des r\u00e8glements Informations pratiques 8h45 : Accueil des kids (9h00 D\u00e9but des cours) 12h00 : Pause \u00ab Repas \u00bb &gt; Les [&hellip;]\" \/>\n<meta property=\"og:url\" content=\"https:\/\/jmkarting.com\/namur\/jmkids-namur-stage-aout-2026\/\" \/>\n<meta property=\"og:site_name\" content=\"JMKARTING Namur\" \/>\n<meta property=\"article:modified_time\" content=\"2026-03-06T16:57:00+00:00\" \/>\n<meta property=\"og:image\" content=\"https:\/\/jmkarting.com\/namur\/wp-content\/uploads\/sites\/2\/2023\/05\/20230419TL_Kingsize-JMKARTING_289-e1711793498551.jpg\" \/>\n\t<meta property=\"og:image:width\" content=\"1440\" \/>\n\t<meta property=\"og:image:height\" content=\"849\" \/>\n\t<meta property=\"og:image:type\" content=\"image\/jpeg\" \/>\n<meta name=\"twitter:card\" content=\"summary_large_image\" \/>\n<meta name=\"twitter:label1\" content=\"Dur\u00e9e de lecture estim\u00e9e\" \/>\n\t<meta name=\"twitter:data1\" content=\"2 minutes\" \/>\n<script type=\"application\/ld+json\" class=\"yoast-schema-graph\">{\"@context\":\"https:\/\/schema.org\",\"@graph\":[{\"@type\":\"WebPage\",\"@id\":\"https:\/\/jmkarting.com\/namur\/jmkids-namur-stage-aout-2026\/\",\"url\":\"https:\/\/jmkarting.com\/namur\/jmkids-namur-stage-aout-2026\/\",\"name\":\"JMKids NAMUR Stage Aout 2026 - JMKARTING Namur\",\"isPartOf\":{\"@id\":\"https:\/\/jmkarting.com\/namur\/#website\"},\"datePublished\":\"2025-03-13T17:29:38+00:00\",\"dateModified\":\"2026-03-06T16:57:00+00:00\",\"inLanguage\":\"fr-FR\",\"potentialAction\":[{\"@type\":\"ReadAction\",\"target\":[\"https:\/\/jmkarting.com\/namur\/jmkids-namur-stage-aout-2026\/\"]}]},{\"@type\":\"WebSite\",\"@id\":\"https:\/\/jmkarting.com\/namur\/#website\",\"url\":\"https:\/\/jmkarting.com\/namur\/\",\"name\":\"JMKARTING Namur\",\"description\":\"\",\"publisher\":{\"@id\":\"https:\/\/jmkarting.com\/namur\/#organization\"},\"potentialAction\":[{\"@type\":\"SearchAction\",\"target\":{\"@type\":\"EntryPoint\",\"urlTemplate\":\"https:\/\/jmkarting.com\/namur\/?s={search_term_string}\"},\"query-input\":\"required name=search_term_string\"}],\"inLanguage\":\"fr-FR\"},{\"@type\":\"Organization\",\"@id\":\"https:\/\/jmkarting.com\/namur\/#organization\",\"name\":\"JMKARTING Namur\",\"url\":\"https:\/\/jmkarting.com\/namur\/\",\"logo\":{\"@type\":\"ImageObject\",\"inLanguage\":\"fr-FR\",\"@id\":\"https:\/\/jmkarting.com\/namur\/#\/schema\/logo\/image\/\",\"url\":\"https:\/\/jmkarting.com\/namur\/wp-content\/uploads\/sites\/2\/2023\/04\/logo.svg\",\"contentUrl\":\"https:\/\/jmkarting.com\/namur\/wp-content\/uploads\/sites\/2\/2023\/04\/logo.svg\",\"width\":301,\"height\":209,\"caption\":\"JMKARTING Namur\"},\"image\":{\"@id\":\"https:\/\/jmkarting.com\/namur\/#\/schema\/logo\/image\/\"}}]}<\/script>\n<!-- \/ Yoast SEO Premium plugin. -->","yoast_head_json":{"title":"JMKids NAMUR Stage Aout 2026 - JMKARTING Namur","robots":{"index":"index","follow":"follow","max-snippet":"max-snippet:-1","max-image-preview":"max-image-preview:large","max-video-preview":"max-video-preview:-1"},"canonical":"https:\/\/jmkarting.com\/namur\/jmkids-namur-stage-aout-2026\/","og_locale":"fr_FR","og_type":"article","og_title":"JMKids NAMUR Stage Aout 2026 - JMKARTING Namur","og_description":"JMKids NAMUR &#8211; Stage organis\u00e9 du lundi 17\/08 au vendredi 21\/08\/2026 Programme Cours de pilotage th\u00e9oriques et pratiques Contr\u00f4le et ma\u00eetrise d\u2019un kart M\u00e9canique de base 4-temps et 2-temps \/ Set-up du kart Apprentissage des r\u00e8glements Informations pratiques 8h45 : Accueil des kids (9h00 D\u00e9but des cours) 12h00 : Pause \u00ab Repas \u00bb &gt; Les [&hellip;]","og_url":"https:\/\/jmkarting.com\/namur\/jmkids-namur-stage-aout-2026\/","og_site_name":"JMKARTING Namur","article_modified_time":"2026-03-06T16:57:00+00:00","og_image":[{"width":1440,"height":849,"url":"https:\/\/jmkarting.com\/namur\/wp-content\/uploads\/sites\/2\/2023\/05\/20230419TL_Kingsize-JMKARTING_289-e1711793498551.jpg","type":"image\/jpeg"}],"twitter_card":"summary_large_image","twitter_misc":{"Dur\u00e9e de lecture estim\u00e9e":"2 minutes"},"schema":{"@context":"https:\/\/schema.org","@graph":[{"@type":"WebPage","@id":"https:\/\/jmkarting.com\/namur\/jmkids-namur-stage-aout-2026\/","url":"https:\/\/jmkarting.com\/namur\/jmkids-namur-stage-aout-2026\/","name":"JMKids NAMUR Stage Aout 2026 - JMKARTING Namur","isPartOf":{"@id":"https:\/\/jmkarting.com\/namur\/#website"},"datePublished":"2025-03-13T17:29:38+00:00","dateModified":"2026-03-06T16:57:00+00:00","inLanguage":"fr-FR","potentialAction":[{"@type":"ReadAction","target":["https:\/\/jmkarting.com\/namur\/jmkids-namur-stage-aout-2026\/"]}]},{"@type":"WebSite","@id":"https:\/\/jmkarting.com\/namur\/#website","url":"https:\/\/jmkarting.com\/namur\/","name":"JMKARTING Namur","description":"","publisher":{"@id":"https:\/\/jmkarting.com\/namur\/#organization"},"potentialAction":[{"@type":"SearchAction","target":{"@type":"EntryPoint","urlTemplate":"https:\/\/jmkarting.com\/namur\/?s={search_term_string}"},"query-input":"required name=search_term_string"}],"inLanguage":"fr-FR"},{"@type":"Organization","@id":"https:\/\/jmkarting.com\/namur\/#organization","name":"JMKARTING Namur","url":"https:\/\/jmkarting.com\/namur\/","logo":{"@type":"ImageObject","inLanguage":"fr-FR","@id":"https:\/\/jmkarting.com\/namur\/#\/schema\/logo\/image\/","url":"https:\/\/jmkarting.com\/namur\/wp-content\/uploads\/sites\/2\/2023\/04\/logo.svg","contentUrl":"https:\/\/jmkarting.com\/namur\/wp-content\/uploads\/sites\/2\/2023\/04\/logo.svg","width":301,"height":209,"caption":"JMKARTING Namur"},"image":{"@id":"https:\/\/jmkarting.com\/namur\/#\/schema\/logo\/image\/"}}]}},"_links":{"self":[{"href":"https:\/\/jmkarting.com\/namur\/wp-json\/wp\/v2\/pages\/13396"}],"collection":[{"href":"https:\/\/jmkarting.com\/namur\/wp-json\/wp\/v2\/pages"}],"about":[{"href":"https:\/\/jmkarting.com\/namur\/wp-json\/wp\/v2\/types\/page"}],"author":[{"embeddable":true,"href":"https:\/\/jmkarting.com\/namur\/wp-json\/wp\/v2\/users\/2"}],"replies":[{"embeddable":true,"href":"https:\/\/jmkarting.com\/namur\/wp-json\/wp\/v2\/comments?post=13396"}],"version-history":[{"count":4,"href":"https:\/\/jmkarting.com\/namur\/wp-json\/wp\/v2\/pages\/13396\/revisions"}],"predecessor-version":[{"id":13849,"href":"https:\/\/jmkarting.com\/namur\/wp-json\/wp\/v2\/pages\/13396\/revisions\/13849"}],"wp:featuredmedia":[{"embeddable":true,"href":"https:\/\/jmkarting.com\/namur\/wp-json\/wp\/v2\/media\/8950"}],"wp:attachment":[{"href":"https:\/\/jmkarting.com\/namur\/wp-json\/wp\/v2\/media?parent=13396"}],"curies":[{"name":"wp","href":"https:\/\/api.w.org\/{rel}","templated":true}]}}