{"id":7138,"date":"2018-11-23T13:05:48","date_gmt":"2018-11-23T12:05:48","guid":{"rendered":"http:\/\/jmkarting.com\/?page_id=7138"},"modified":"2026-04-11T16:02:02","modified_gmt":"2026-04-11T14:02:02","slug":"sessions-par-14h","status":"publish","type":"page","link":"https:\/\/jmkarting.com\/namur\/sessions-par-14h\/","title":{"rendered":"Sessions par 1\/4h"},"content":{"rendered":"<section class=\"wpb-content-wrapper\"><p>[vc_row][vc_column][vc_column_text]<\/p>\n<h2>Nos tarifs pour la location des karts par 1\/4h<\/h2>\n<p>[\/vc_column_text][vc_column_text]Vous trouverez ci-dessous les tarifs par 1\/4h. Tous ces tarifs s\u2019entendent TVA 6% comprise. N\u2019oubliez pas votre carte d\u2019identit\u00e9. L\u2019acc\u00e8s \u00e0 la piste peut \u00eatre refus\u00e9 si vous ne pr\u00e9sentez pas votre carte d\u2019identit\u00e9.<\/p>\n<p>Chez\u00a0<span style=\"color: #ff490d;\"><strong>JMKARTING<\/strong><\/span>, une\u00a0<strong>session<\/strong>\u00a0dure\u00a0<strong>1\/4h<\/strong>, soit\u00a0<strong>15 minutes<\/strong>\u00a0!<\/p>\n<h4><span style=\"color: #fa3d02;\">Lundi 06 avril<\/span> &#8211; Jour f\u00e9ri\u00e9 &gt; <span style=\"color: #fa3d02;\">Ouvert \u00e0 14h<\/span><\/h4>\n<p>[\/vc_column_text][vc_separator style=\u00a0\u00bbdotted\u00a0\u00bb][vc_row_inner equal_height=\u00a0\u00bbyes\u00a0\u00bb content_placement=\u00a0\u00bbmiddle\u00a0\u00bb][vc_column_inner width=\u00a0\u00bb1\/12&Prime;][vc_icon icon_fontawesome=\u00a0\u00bbfa fa-exclamation-circle\u00a0\u00bb color=\u00a0\u00bbcustom\u00a0\u00bb align=\u00a0\u00bbright\u00a0\u00bb custom_color=\u00a0\u00bb#ff490d\u00a0\u00bb][\/vc_column_inner][vc_column_inner width=\u00a0\u00bb11\/12&Prime;][vc_column_text]<span style=\"color: #ff490d;\">Condition d\u2019acc\u00e8s\u00a0: Taille minimale indispensable 1m55.<\/span>[\/vc_column_text][\/vc_column_inner][\/vc_row_inner][vc_separator style=\u00a0\u00bbdotted\u00a0\u00bb][vc_column_text]<span style=\"text-decoration: underline; color: #ff490d;\">Karts 9CV\u00a0<\/span><\/p>\n<ul>\n<li>1\/4h (soit\u00a0<strong>15 minutes<\/strong>) : 20,00 EUR<\/li>\n<li>Promo 2\u00e8me 1\/4h : 18,00 EUR<\/li>\n<li><em>Promo valable sur les 2\u00e8me, 4\u00e8me, 6\u00e8me&#8230; 1\/4h<\/em><\/li>\n<\/ul>\n<p><span style=\"text-decoration: underline; color: #ff490d;\">Karts 13CV<\/span>\u00a0(carte de membre obligatoire)<\/p>\n<ul>\n<li>Tarif unique : 21,00 EUR par 1\/4h (soit <strong>15 minutes<\/strong>)<\/li>\n<li>R\u00e9duction et promotion non valables sur la location des karts 13CV<\/li>\n<\/ul>\n<p><span style=\"text-decoration: underline; color: #ff490d;\">Carte de membre<\/span><\/p>\n<ul>\n<li>La carte de membre n&rsquo;est pas obligatoire pour la location des karts 9CV.<\/li>\n<li>Cr\u00e9ation : 5,00 EUR ou Gratuite \u00e0 l&rsquo;achat de 2 x 1\/4h d&rsquo;une valeur de 38,00 EUR la m\u00eame journ\u00e9e (sur simple demande \u00e0 la caisse)<\/li>\n<\/ul>\n<p><span style=\"text-decoration: underline; color: #ff490d;\">Vos avantages \u00ab\u00a0MEMBRE JMK\u00a0\u00bb<\/span><\/p>\n<ul>\n<li>Tous les 16<em>\u00e8mes<\/em> 1\/4h \u00e0 20,00 EUR et \/ ou \u00e0 21,00 EUR sont gratuits<\/li>\n<li>Vous recevez vos chronos sur votre adresse mail \u00e0 la fin de chaque 1\/4h<\/li>\n<li>Vous avez acc\u00e8s \u00e0 vos param\u00e8tres et \u00e0 vos statistiques en ligne :\u00a0<a title=\"Les Chronos JMK NAMUR\" href=\"https:\/\/jmkarting.com\/namur\/mes-chronos\/\">Les Chronos JMK NAMUR<\/a><\/li>\n<\/ul>\n<p><span style=\"text-decoration: underline;\"><span style=\"color: #fa3d02; text-decoration: underline;\">Carte de membre perdue ou vol\u00e9e ? A refaire&#8230; :<\/span><\/span><\/p>\n<ul>\n<li>Si vous souhaitez conserver votre historique et les 1\/4h cumul\u00e9s : 10,00 EUR<\/li>\n<li>Nouvelle carte sans l&rsquo;historique et sans les 1\/4h cumul\u00e9s : 5,00 EUR ou Gratuite \u00e0 l&rsquo;achat de 2 x 1\/4h d&rsquo;une valeur de 38,00 EUR la m\u00eame journ\u00e9e (sur simple demande \u00e0 la caisse)<\/li>\n<li style=\"list-style-type: none;\"><\/li>\n<\/ul>\n<p><span style=\"text-decoration: underline; color: #ff490d;\">Abonnements individuels<\/span>\u00a0(Karts 9CV)<\/p>\n<ul>\n<li>16 x 1\/4h (soit 16 x\u00a0<strong>15 minutes<\/strong>) : 272,00 EUR (soit 17,00 EUR le 1\/4h)<\/li>\n<li>30 x 1\/4h (soit 30 x\u00a0<strong>15 minutes<\/strong>) : 495,00 EUR (soit 16,50 EUR le 1\/4h)<\/li>\n<li>50 x 1\/4h (soit 50 x\u00a0<strong>15 minutes<\/strong>) : 800,00 EUR (soit 16,00 EUR le 1\/4h)<\/li>\n<li>90 x 1\/4h (soit 90 x\u00a0<strong>15 minutes<\/strong>) : 1.305,00 EUR (soit 14,50 EUR le 1\/4h) &gt;&gt;&gt; Valable un an.<\/li>\n<\/ul>\n<p>Location des karts 9CV &#8211; Tarifs :\u00a0<a title=\"JMK NAMUR - Location par 1\/4h (9CV)\" href=\"https:\/\/jmkarting.com\/namur\/wp-content\/uploads\/sites\/2\/2023\/12\/JMK_NAMUR_Location_Session_15minutes.pdf\" target=\"_blank\" rel=\"noopener\">JMK NAMUR Location Session 15minutes<\/a><\/p>\n<p>Location des karts 13CV &#8211; Conditions &amp; Tarif : <a href=\"https:\/\/jmkarting.com\/namur\/wp-content\/uploads\/sites\/2\/2025\/06\/JMK-NAMUR-Conditions-Tarif-13CV.pdf\" target=\"_blank\" rel=\"noopener\">JMK NAMUR Conditions &amp; Tarif 13CV<\/a>[\/vc_column_text][vc_column_text]<\/p>\n<h3 style=\"text-align: center;\">Facilit\u00e9 de paiement<\/h3>\n<p>[\/vc_column_text][vc_column_text]Terminal de paiement \u00ab\u00a0Bancontact\u00a0\u00bb + Carte de cr\u00e9dit (Visa, Mastercard, American Express). Nous privil\u00e9gions toujours le paiement \u00e9lectronique.[\/vc_column_text][\/vc_column][\/vc_row][vc_row][vc_column][vc_column_text]<\/p>\n<h2>R\u00e9servation pour la location des karts par 1\/4h<\/h2>\n<p>[\/vc_column_text][vc_column_text]Il est vivement conseill\u00e9 de r\u00e9server lorsque vous pr\u00e9voyez de nous rendre visite.\u00a0Particuli\u00e8rement les veilles de jours f\u00e9ri\u00e9s et de weekend ainsi que le weekend. Notre personnel se chargera de trouver la r\u00e9servation qui vous convient.<\/p>\n<ul>\n<li>Vous pouvez pr\u00e9voir une pause si vous prenez plusieurs sessions (15-30-45 minutes de pause) (\u00e0 pr\u00e9ciser lors de votre r\u00e9servation).<\/li>\n<li>Vous devez imp\u00e9rativement arriver 20 minutes \u00e0 l&rsquo;avance.<\/li>\n<li>La carte d&rsquo;identit\u00e9 est obligatoire.<\/li>\n<li>En cas de modification de la r\u00e9servation (annulation \/ modification du nombre de karts r\u00e9serv\u00e9s), il est imp\u00e9ratif de nous recontacter par t\u00e9l\u00e9phone pour faire enregistrer cette modification.<\/li>\n<li><span style=\"color: #ff490d;\"><strong>Taille minimale indispensable : 1m55.<\/strong><\/span><\/li>\n<\/ul>\n<p>[\/vc_column_text][vc_separator style=\u00a0\u00bbdotted\u00a0\u00bb][vc_row_inner equal_height=\u00a0\u00bbyes\u00a0\u00bb content_placement=\u00a0\u00bbmiddle\u00a0\u00bb][vc_column_inner width=\u00a0\u00bb1\/12&Prime;][vc_icon icon_fontawesome=\u00a0\u00bbfa fa-exclamation-circle\u00a0\u00bb color=\u00a0\u00bbcustom\u00a0\u00bb align=\u00a0\u00bbright\u00a0\u00bb custom_color=\u00a0\u00bb#ff490d\u00a0\u00bb][\/vc_column_inner][vc_column_inner width=\u00a0\u00bb11\/12&Prime;][vc_column_text]<\/p>\n<p style=\"text-align: left;\"><span style=\"color: #ff490d;\"><strong>R\u00e9servations conseill\u00e9es et prioritaires &#8211; Uniquement par t\u00e9l\u00e9phone pendant les heures d\u2019ouverture : +32 (0)81 44 44 44<\/strong><\/span><\/p>\n<p>[\/vc_column_text][\/vc_column_inner][\/vc_row_inner][vc_separator style=\u00a0\u00bbdotted\u00a0\u00bb][vc_column_text]<\/p>\n<h2>La piste rien que pour vous !<\/h2>\n<p>[\/vc_column_text][vc_column_text]Chez\u00a0<strong><span style=\"color: #ff490d;\">JMKARTING<\/span><\/strong>, il est possible de r\u00e9server la piste rien que pour vous ! (sur demande lors de votre r\u00e9servation)[\/vc_column_text][vc_column_text]<\/p>\n<h3>Conditions :<\/h3>\n<p>[\/vc_column_text][vc_column_text]<\/p>\n<ul>\n<li><span style=\"color: #ff490d;\"><strong>JMK NAMUR\u00a0<\/strong>:<\/span> Du lundi au jeudi (sauf jour f\u00e9ri\u00e9 et veille de jour f\u00e9ri\u00e9) : Minimum 14 karts &#8211; Du vendredi au dimanche (+ jour f\u00e9ri\u00e9 et veille de jour f\u00e9ri\u00e9) : Pas d&rsquo;exclusivit\u00e9 de piste pour la location par 1\/4h.<\/li>\n<\/ul>\n<p>Pour tout autre type d&rsquo;\u00e9v\u00e9nement, nous vous invitons \u00e0 consulter la rubrique :[\/vc_column_text][vc_btn title=\u00a0\u00bbGROUPES Events &amp; Entreprises\u00a0\u00bb style=\u00a0\u00bboutline-custom\u00a0\u00bb outline_custom_color=\u00a0\u00bb#ff490d\u00a0\u00bb outline_custom_hover_background=\u00a0\u00bb#ff490d\u00a0\u00bb outline_custom_hover_text=\u00a0\u00bb#ffffff\u00a0\u00bb size=\u00a0\u00bblg\u00a0\u00bb link=\u00a0\u00bburl:https%3A%2F%2Fjmkarting.com%2Fnamur%2Fgroupes%2F|title:GROUPES%20Events%20%26%20Entreprises\u00a0\u00bb][vc_column_text]<\/p>\n<h2>Disponibilit\u00e9s de la piste<\/h2>\n<p>[\/vc_column_text][vc_column_text]Des \u00e9v\u00e9nements peuvent \u00eatre organis\u00e9s sur notre piste de Namur durant les heures d&rsquo;ouverture ; voici un aper\u00e7u des p\u00e9riodes non disponibles (listes non exhaustives).[\/vc_column_text][vc_column_text]<\/p>\n<h3>En raison de l&rsquo;organisation d&rsquo;\u00e9v\u00e9nements, notre piste namuroise ne sera pas accessible aux dates et heures suivantes :<\/h3>\n<p>[\/vc_column_text][vc_column_text]<\/p>\n<ul>\n<li>Samedi 18 avril de 13h30 \u00e0 14h15 et de 15h15 \u00e0 16h00<\/li>\n<li>Dimanche 19 avril de 15h30 \u00e0 17h30<\/li>\n<li>Mercredi 22 avril de 17h30 \u00e0 20h00<\/li>\n<li>Samedi 25 avril de 13h30 \u00e0 14h15<\/li>\n<li>Samedi 02 mai de 13h30 \u00e0 14h15<\/li>\n<li>Dimanche 03 mai de 14h00 \u00e0 15h00<\/li>\n<li>Lundi 04 mai de 16h00 \u00e0 16h30<\/li>\n<li>Mardi 05 mai de 16h00 \u00e0 16h30<\/li>\n<li>Mercredi 06 mai de 16h00 \u00e0 16h30<\/li>\n<li>Jeudi 07 mai de 16h00 \u00e0 16h30<\/li>\n<li>Samedi 09 mai de 17h30 \u00e0 18h45<\/li>\n<li>Samedi 16 mai de 13h30 \u00e0 15h00 et de 16h15 \u00e0 20h15<\/li>\n<li>Vendredi 22 mai de 18h00 \u00e0 19h00<\/li>\n<li>Samedi 23 mai de 13h30 \u00e0 14h15<\/li>\n<li>Mercredi 27 mai de 17h45 \u00e0 19h15<\/li>\n<li>Mercredi 03 juin de 18h30 \u00e0 20h00<\/li>\n<li>Samedi 06 juin de 12h00 \u00e0 17h30<\/li>\n<li>Samedi 20 juin de 11h00 \u00e0 15h30<\/li>\n<li>Samedi 27 juin de 11h00 \u00e0 15h00<\/li>\n<li>Samedi 11 juillet de 11h00 \u00e0 11h30<\/li>\n<\/ul>\n<p>[\/vc_column_text][\/vc_column][\/vc_row][vc_row][vc_column][vc_column_text]<\/p>\n<p>[\/vc_column_text][\/vc_column][\/vc_row]<\/p>\n<\/section>","protected":false},"excerpt":{"rendered":"<p>[vc_row][vc_column][vc_column_text] Nos tarifs pour la location des karts par 1\/4h [\/vc_column_text][vc_column_text]Vous trouverez ci-dessous les tarifs par 1\/4h. Tous ces tarifs s\u2019entendent TVA 6% comprise. N\u2019oubliez pas votre carte d\u2019identit\u00e9. L\u2019acc\u00e8s \u00e0 la piste peut \u00eatre refus\u00e9 si vous ne pr\u00e9sentez pas votre carte d\u2019identit\u00e9. Chez\u00a0JMKARTING, une\u00a0session\u00a0dure\u00a01\/4h, soit\u00a015 minutes\u00a0! Lundi 06 avril &#8211; Jour f\u00e9ri\u00e9 &gt; [&hellip;]<\/p>\n","protected":false},"author":1,"featured_media":9004,"parent":0,"menu_order":0,"comment_status":"closed","ping_status":"closed","template":"","meta":{"footnotes":""},"class_list":["post-7138","page","type-page","status-publish","has-post-thumbnail","hentry"],"acf":[],"yoast_head":"<!-- This site is optimized with the Yoast SEO Premium plugin v21.7 (Yoast SEO v21.7) - https:\/\/yoast.com\/wordpress\/plugins\/seo\/ -->\n<title>Sessions par 1\/4h - JMKARTING Namur<\/title>\n<meta name=\"robots\" content=\"index, follow, max-snippet:-1, max-image-preview:large, max-video-preview:-1\" \/>\n<link rel=\"canonical\" href=\"https:\/\/jmkarting.com\/namur\/sessions-par-14h\/\" \/>\n<meta property=\"og:locale\" content=\"fr_FR\" \/>\n<meta property=\"og:type\" content=\"article\" \/>\n<meta property=\"og:title\" content=\"Sessions par 1\/4h - JMKARTING Namur\" \/>\n<meta property=\"og:description\" content=\"[vc_row][vc_column][vc_column_text] Nos tarifs pour la location des karts par 1\/4h [\/vc_column_text][vc_column_text]Vous trouverez ci-dessous les tarifs par 1\/4h. Tous ces tarifs s\u2019entendent TVA 6% comprise. N\u2019oubliez pas votre carte d\u2019identit\u00e9. L\u2019acc\u00e8s \u00e0 la piste peut \u00eatre refus\u00e9 si vous ne pr\u00e9sentez pas votre carte d\u2019identit\u00e9. Chez\u00a0JMKARTING, une\u00a0session\u00a0dure\u00a01\/4h, soit\u00a015 minutes\u00a0! Lundi 06 avril &#8211; Jour f\u00e9ri\u00e9 &gt; [&hellip;]\" \/>\n<meta property=\"og:url\" content=\"https:\/\/jmkarting.com\/namur\/sessions-par-14h\/\" \/>\n<meta property=\"og:site_name\" content=\"JMKARTING Namur\" \/>\n<meta property=\"article:modified_time\" content=\"2026-04-11T14:02:02+00:00\" \/>\n<meta property=\"og:image\" content=\"https:\/\/jmkarting.com\/namur\/wp-content\/uploads\/sites\/2\/2023\/05\/20230419TL_Kingsize-JMKARTING_063.jpg\" \/>\n\t<meta property=\"og:image:width\" content=\"2048\" \/>\n\t<meta property=\"og:image:height\" content=\"1365\" \/>\n\t<meta property=\"og:image:type\" content=\"image\/jpeg\" \/>\n<meta name=\"twitter:card\" content=\"summary_large_image\" \/>\n<meta name=\"twitter:label1\" content=\"Dur\u00e9e de lecture estim\u00e9e\" \/>\n\t<meta name=\"twitter:data1\" content=\"5 minutes\" \/>\n<script type=\"application\/ld+json\" class=\"yoast-schema-graph\">{\"@context\":\"https:\/\/schema.org\",\"@graph\":[{\"@type\":\"WebPage\",\"@id\":\"https:\/\/jmkarting.com\/namur\/sessions-par-14h\/\",\"url\":\"https:\/\/jmkarting.com\/namur\/sessions-par-14h\/\",\"name\":\"Sessions par 1\/4h - JMKARTING Namur\",\"isPartOf\":{\"@id\":\"https:\/\/jmkarting.com\/namur\/#website\"},\"datePublished\":\"2018-11-23T12:05:48+00:00\",\"dateModified\":\"2026-04-11T14:02:02+00:00\",\"inLanguage\":\"fr-FR\",\"potentialAction\":[{\"@type\":\"ReadAction\",\"target\":[\"https:\/\/jmkarting.com\/namur\/sessions-par-14h\/\"]}]},{\"@type\":\"WebSite\",\"@id\":\"https:\/\/jmkarting.com\/namur\/#website\",\"url\":\"https:\/\/jmkarting.com\/namur\/\",\"name\":\"JMKARTING Namur\",\"description\":\"\",\"publisher\":{\"@id\":\"https:\/\/jmkarting.com\/namur\/#organization\"},\"potentialAction\":[{\"@type\":\"SearchAction\",\"target\":{\"@type\":\"EntryPoint\",\"urlTemplate\":\"https:\/\/jmkarting.com\/namur\/?s={search_term_string}\"},\"query-input\":\"required name=search_term_string\"}],\"inLanguage\":\"fr-FR\"},{\"@type\":\"Organization\",\"@id\":\"https:\/\/jmkarting.com\/namur\/#organization\",\"name\":\"JMKARTING Namur\",\"url\":\"https:\/\/jmkarting.com\/namur\/\",\"logo\":{\"@type\":\"ImageObject\",\"inLanguage\":\"fr-FR\",\"@id\":\"https:\/\/jmkarting.com\/namur\/#\/schema\/logo\/image\/\",\"url\":\"https:\/\/jmkarting.com\/namur\/wp-content\/uploads\/sites\/2\/2023\/04\/logo.svg\",\"contentUrl\":\"https:\/\/jmkarting.com\/namur\/wp-content\/uploads\/sites\/2\/2023\/04\/logo.svg\",\"width\":301,\"height\":209,\"caption\":\"JMKARTING Namur\"},\"image\":{\"@id\":\"https:\/\/jmkarting.com\/namur\/#\/schema\/logo\/image\/\"}}]}<\/script>\n<!-- \/ Yoast SEO Premium plugin. -->","yoast_head_json":{"title":"Sessions par 1\/4h - JMKARTING Namur","robots":{"index":"index","follow":"follow","max-snippet":"max-snippet:-1","max-image-preview":"max-image-preview:large","max-video-preview":"max-video-preview:-1"},"canonical":"https:\/\/jmkarting.com\/namur\/sessions-par-14h\/","og_locale":"fr_FR","og_type":"article","og_title":"Sessions par 1\/4h - JMKARTING Namur","og_description":"[vc_row][vc_column][vc_column_text] Nos tarifs pour la location des karts par 1\/4h [\/vc_column_text][vc_column_text]Vous trouverez ci-dessous les tarifs par 1\/4h. Tous ces tarifs s\u2019entendent TVA 6% comprise. N\u2019oubliez pas votre carte d\u2019identit\u00e9. L\u2019acc\u00e8s \u00e0 la piste peut \u00eatre refus\u00e9 si vous ne pr\u00e9sentez pas votre carte d\u2019identit\u00e9. Chez\u00a0JMKARTING, une\u00a0session\u00a0dure\u00a01\/4h, soit\u00a015 minutes\u00a0! Lundi 06 avril &#8211; Jour f\u00e9ri\u00e9 &gt; [&hellip;]","og_url":"https:\/\/jmkarting.com\/namur\/sessions-par-14h\/","og_site_name":"JMKARTING Namur","article_modified_time":"2026-04-11T14:02:02+00:00","og_image":[{"width":2048,"height":1365,"url":"https:\/\/jmkarting.com\/namur\/wp-content\/uploads\/sites\/2\/2023\/05\/20230419TL_Kingsize-JMKARTING_063.jpg","type":"image\/jpeg"}],"twitter_card":"summary_large_image","twitter_misc":{"Dur\u00e9e de lecture estim\u00e9e":"5 minutes"},"schema":{"@context":"https:\/\/schema.org","@graph":[{"@type":"WebPage","@id":"https:\/\/jmkarting.com\/namur\/sessions-par-14h\/","url":"https:\/\/jmkarting.com\/namur\/sessions-par-14h\/","name":"Sessions par 1\/4h - JMKARTING Namur","isPartOf":{"@id":"https:\/\/jmkarting.com\/namur\/#website"},"datePublished":"2018-11-23T12:05:48+00:00","dateModified":"2026-04-11T14:02:02+00:00","inLanguage":"fr-FR","potentialAction":[{"@type":"ReadAction","target":["https:\/\/jmkarting.com\/namur\/sessions-par-14h\/"]}]},{"@type":"WebSite","@id":"https:\/\/jmkarting.com\/namur\/#website","url":"https:\/\/jmkarting.com\/namur\/","name":"JMKARTING Namur","description":"","publisher":{"@id":"https:\/\/jmkarting.com\/namur\/#organization"},"potentialAction":[{"@type":"SearchAction","target":{"@type":"EntryPoint","urlTemplate":"https:\/\/jmkarting.com\/namur\/?s={search_term_string}"},"query-input":"required name=search_term_string"}],"inLanguage":"fr-FR"},{"@type":"Organization","@id":"https:\/\/jmkarting.com\/namur\/#organization","name":"JMKARTING Namur","url":"https:\/\/jmkarting.com\/namur\/","logo":{"@type":"ImageObject","inLanguage":"fr-FR","@id":"https:\/\/jmkarting.com\/namur\/#\/schema\/logo\/image\/","url":"https:\/\/jmkarting.com\/namur\/wp-content\/uploads\/sites\/2\/2023\/04\/logo.svg","contentUrl":"https:\/\/jmkarting.com\/namur\/wp-content\/uploads\/sites\/2\/2023\/04\/logo.svg","width":301,"height":209,"caption":"JMKARTING Namur"},"image":{"@id":"https:\/\/jmkarting.com\/namur\/#\/schema\/logo\/image\/"}}]}},"_links":{"self":[{"href":"https:\/\/jmkarting.com\/namur\/wp-json\/wp\/v2\/pages\/7138"}],"collection":[{"href":"https:\/\/jmkarting.com\/namur\/wp-json\/wp\/v2\/pages"}],"about":[{"href":"https:\/\/jmkarting.com\/namur\/wp-json\/wp\/v2\/types\/page"}],"author":[{"embeddable":true,"href":"https:\/\/jmkarting.com\/namur\/wp-json\/wp\/v2\/users\/1"}],"replies":[{"embeddable":true,"href":"https:\/\/jmkarting.com\/namur\/wp-json\/wp\/v2\/comments?post=7138"}],"version-history":[{"count":234,"href":"https:\/\/jmkarting.com\/namur\/wp-json\/wp\/v2\/pages\/7138\/revisions"}],"predecessor-version":[{"id":13895,"href":"https:\/\/jmkarting.com\/namur\/wp-json\/wp\/v2\/pages\/7138\/revisions\/13895"}],"wp:featuredmedia":[{"embeddable":true,"href":"https:\/\/jmkarting.com\/namur\/wp-json\/wp\/v2\/media\/9004"}],"wp:attachment":[{"href":"https:\/\/jmkarting.com\/namur\/wp-json\/wp\/v2\/media?parent=7138"}],"curies":[{"name":"wp","href":"https:\/\/api.w.org\/{rel}","templated":true}]}}