{"id":7156,"date":"2018-11-23T13:31:03","date_gmt":"2018-11-23T12:31:03","guid":{"rendered":"http:\/\/jmkarting.com\/?page_id=7156"},"modified":"2025-07-09T16:07:05","modified_gmt":"2025-07-09T14:07:05","slug":"groupes","status":"publish","type":"page","link":"https:\/\/jmkarting.com\/namur\/groupes\/","title":{"rendered":"GROUPES"},"content":{"rendered":"<section class=\"wpb-content-wrapper\"><p>[vc_row][vc_column][vc_column_text]<\/p>\n<h2>Cr\u00e9ez votre \u00e9v\u00e9nement !<\/h2>\n<p>[\/vc_column_text][vc_column_text]Vous souhaitez organiser une \u00e9preuve d&rsquo;endurance pour vos collaborateurs, clients ou amis ? Vous cherchez un cadre original pour pr\u00e9senter vos produits ?\u00a0<strong><span style=\"color: #ff490d;\">JMKARTING<\/span><\/strong>\u00a0est votre partenaire !<\/p>\n<p>Chaque ann\u00e9e,\u00a0<strong>de nombreuses entreprises<\/strong>\u00a0font confiance \u00e0\u00a0<strong><span style=\"color: #ff490d;\">JMKARTING<\/span><\/strong>\u00a0pour l&rsquo;organisation d&rsquo;\u00e9v\u00e9nements.<\/p>\n<p>L&rsquo;\u00e9preuve d&rsquo;endurance est l&rsquo;occasion de rassembler collaborateurs, clients ou amis autour d&rsquo;un sport bien accueilli par tous, o\u00f9 r\u00e8gnent fair-play et esprit d&rsquo;\u00e9quipe.[\/vc_column_text][vc_btn title=\u00a0\u00bbDemande de r\u00e9servation pour un \u00e9v\u00e9nement\u00a0\u00bb style=\u00a0\u00bboutline-custom\u00a0\u00bb outline_custom_color=\u00a0\u00bb#ff490d\u00a0\u00bb outline_custom_hover_background=\u00a0\u00bb#ff490d\u00a0\u00bb outline_custom_hover_text=\u00a0\u00bb#ffffff\u00a0\u00bb shape=\u00a0\u00bbround\u00a0\u00bb size=\u00a0\u00bblg\u00a0\u00bb link=\u00a0\u00bburl:https%3A%2F%2Fjmkarting.com%2Fnamur%2Fdemande-dinfos-endurances%2F|title:Demande%20d%E2%80%99infos%20endurances\u00a0\u00bb][vc_single_image image=\u00a0\u00bb4445&Prime; img_size=\u00a0\u00bbfull\u00a0\u00bb][vc_column_text]<\/p>\n<h2>Remarques pr\u00e9liminaires<\/h2>\n<p>[\/vc_column_text][vc_column_text]Toute organisation d&rsquo;endurance implique l&rsquo;exclusivit\u00e9 de la piste.<\/p>\n<p>Toute r\u00e9servation doit \u00eatre confirm\u00e9e par \u00e9crit et sera effective d\u00e8s la r\u00e9ception d&rsquo;un acompte de 50%. Le solde sera pay\u00e9 le jour de l&rsquo;\u00e9preuve.<\/p>\n<p>Les pilotes doivent \u00eatre pr\u00e9sents au moins 45 minutes avant la course (ou les essais) afin de v\u00e9rifier les documents administratifs, d&rsquo;assister au briefing et afin que l&rsquo;\u00e9preuve d\u00e9marre \u00e0 l&rsquo;heure pr\u00e9vue.[\/vc_column_text][vc_separator style=\u00a0\u00bbdotted\u00a0\u00bb][vc_row_inner equal_height=\u00a0\u00bbyes\u00a0\u00bb content_placement=\u00a0\u00bbmiddle\u00a0\u00bb][vc_column_inner width=\u00a0\u00bb1\/12&Prime;][vc_icon icon_fontawesome=\u00a0\u00bbfa fa-exclamation-circle\u00a0\u00bb color=\u00a0\u00bbcustom\u00a0\u00bb align=\u00a0\u00bbright\u00a0\u00bb custom_color=\u00a0\u00bb#ff490d\u00a0\u00bb][\/vc_column_inner][vc_column_inner width=\u00a0\u00bb11\/12&Prime;][vc_column_text]<span style=\"color: #ff490d;\">Taille minimale indispensable : 1m55.<\/span>[\/vc_column_text][\/vc_column_inner][\/vc_row_inner][vc_separator style=\u00a0\u00bbdotted\u00a0\u00bb][vc_column_text]<\/p>\n<h2>Options \u00ab\u00a0Podium\u00a0\u00bb<\/h2>\n<p>[\/vc_column_text][vc_column_text]<\/p>\n<ul>\n<li><span style=\"color: #ff490d;\">3 Coupes grav\u00e9es :<\/span> 155,00 EUR HTVA ( +21% )<\/li>\n<li><span style=\"color: #ff490d;\">3 Bouteilles de Mousseux :<\/span> 59,00 EUR HTVA ( +21% )<\/li>\n<li><span style=\"color: #ff490d;\">3 Bouteilles de Champagne :<\/span> 169,00 EUR HTVA ( +21% )<\/li>\n<li><span style=\"color: #ff490d;\">M\u00e9daille :<\/span>\u00a07,00 EUR \/ pi\u00e8ce HTVA ( +21% )<\/li>\n<\/ul>\n<p>[\/vc_column_text][vc_column_text]<\/p>\n<h2>Mat\u00e9riel disponible<\/h2>\n<p>[\/vc_column_text][vc_column_text]<\/p>\n<ul>\n<li>Karts Ch\u00e2ssis Sodikart SR4 &#8211; Moteur Honda 9CV &amp; 270cc<br \/>\n(Taille minimale indispensable : 1m55)<\/li>\n<li>Casques et cagoules jetables<\/li>\n<li>Combinaisons (carte d&rsquo;identit\u00e9 en caution)<\/li>\n<\/ul>\n<p>[\/vc_column_text][vc_column_text]<\/p>\n<h2>Informations<\/h2>\n<p>[\/vc_column_text][vc_column_text]<\/p>\n<ul>\n<li><span style=\"color: #ff490d;\">Du lundi au jeudi (sauf jour f\u00e9ri\u00e9 et veille de jour f\u00e9ri\u00e9) :\u00a0<\/span>Minimum 14 karts<\/li>\n<li><span style=\"color: #ff490d;\">Vendredi &amp; Samedi (+ jour f\u00e9ri\u00e9 et veille de jour f\u00e9ri\u00e9) :<\/span> Minimum 16 karts<\/li>\n<li>Maximum : 24 karts<\/li>\n<li>Les \u00e9v\u00e9nements sont organisables du lundi au samedi avant 20h. Les jours f\u00e9ri\u00e9s, les \u00e9v\u00e9nements sont organisables avant 15h<\/li>\n<li>Seuls les \u00e9v\u00e9nements \u00ab\u00a0Sprint\u00a0\u00bb sont organisables le dimanche \u00e0 partir de 14h : Minimum 16 karts<\/li>\n<li>Les \u00e9v\u00e9nements \u00ab\u00a0Grand Prix\u00a0\u00bb et \u00ab\u00a0Endurance\u00a0\u00bb ne sont pas organisables le dimanche (sauf les dimanches de janvier avant 15h)<\/li>\n<li><span style=\"color: #ff490d;\">En dehors de nos heures d&rsquo;ouverture<\/span> :\u00a0Minimum 1h et minimum 14 karts du lundi au jeudi, sauf jour f\u00e9ri\u00e9 et veille de jour f\u00e9ri\u00e9. Minimum 1h et minimum 16 karts vendredi, samedi et jour f\u00e9ri\u00e9 et veille de jour f\u00e9ri\u00e9.<\/li>\n<li>Prix TVA 6% comprise<\/li>\n<\/ul>\n<h3><span style=\"color: #ff490d;\"><strong>SPRINT\u00a0(moins d\u2019une heure)<\/strong><\/span>\u00a0: 38,00 EUR par kart par \u00bd h<\/h3>\n<ul>\n<li>Exemple 1 \u00a0 &#8211; \u00a0 Essais 5 min. + Sprint 25 min. : 38,00 EUR par kart<\/li>\n<li>Exemple 2 \u00a0 &#8211; \u00a0 Essais 15 min. + Sprint 30 min. : 57,00 EUR par kart<\/li>\n<\/ul>\n<h3><span style=\"color: #ff490d;\"><strong>GRAND PRIX\u00a0(entre 1h et 2h15)<\/strong><\/span>\u00a0: 70,00 EUR par kart par heure<\/h3>\n<ul>\n<li>Exemple 3 \u00a0 &#8211; \u00a0 Essais 10 min. + Grand Prix 50 min. : 70,00 EUR par kart<\/li>\n<li>Exemple 4 \u00a0 &#8211; \u00a0 Essais 15 min. + Grand Prix 2h : 157,50 EUR par kart<\/li>\n<\/ul>\n<h3><span style=\"color: #ff490d;\"><strong>ENDURANCE\u00a0(\u00e0 partir de 2h30)<\/strong><\/span>\u00a0: 66,00 EUR par kart par heure<\/h3>\n<ul>\n<li>Exemple 5 \u00a0 &#8211; \u00a0 Essais 30 min. + Endurance 2h15 : 181,50 EUR par kart<\/li>\n<li>Exemple 6 \u00a0 &#8211; \u00a0 Essais 30 min. + Endurance 3h : 231,00 EUR par kart<\/li>\n<\/ul>\n<p>[\/vc_column_text][vc_single_image image=\u00a0\u00bb8948&Prime; img_size=\u00a0\u00bblarge\u00a0\u00bb][vc_column_text]<\/p>\n<h3>Documents disponibles au format PDF :<\/h3>\n<p>[\/vc_column_text][vc_row_inner][vc_column_inner][vc_btn title=\u00a0\u00bbJMK NAMUR : \u00c9v\u00e9nement et Catering\u00a0\u00bb style=\u00a0\u00bboutline-custom\u00a0\u00bb outline_custom_color=\u00a0\u00bb#ff490d\u00a0\u00bb outline_custom_hover_background=\u00a0\u00bb#ff490d\u00a0\u00bb outline_custom_hover_text=\u00a0\u00bb#ffffff\u00a0\u00bb shape=\u00a0\u00bbround\u00a0\u00bb size=\u00a0\u00bblg\u00a0\u00bb link=\u00a0\u00bburl:https%3A%2F%2Fjmkarting.com%2Fnamur%2Fwp-content%2Fuploads%2Fsites%2F2%2F2025%2F07%2FJMK-NAMUR-Evenements-et-Catering.pdf|title:JMK%20NAMUR%20%3A%20Ev%C3%A9nements%20et%20Catering|target:_blank\u00a0\u00bb css=\u00a0\u00bb.vc_custom_1752070109755{margin-right: 20px !important;}\u00a0\u00bb][vc_btn title=\u00a0\u00bbAbandon recours\u00a0\u00bb style=\u00a0\u00bboutline-custom\u00a0\u00bb outline_custom_color=\u00a0\u00bb#ff490d\u00a0\u00bb outline_custom_hover_background=\u00a0\u00bb#ff490d\u00a0\u00bb outline_custom_hover_text=\u00a0\u00bb#ffffff\u00a0\u00bb shape=\u00a0\u00bbround\u00a0\u00bb size=\u00a0\u00bblg\u00a0\u00bb link=\u00a0\u00bburl:https%3A%2F%2Fjmkarting.com%2Fnamur%2Fwp-content%2Fuploads%2Fsites%2F2%2F2023%2F12%2FJMK_NAMUR_Abandon_Recours-1.pdf|target:_blank\u00a0\u00bb css=\u00a0\u00bb.vc_custom_1701952959638{margin-right: 20px !important;}\u00a0\u00bb][vc_btn title=\u00a0\u00bbConditions g\u00e9n\u00e9rales\u00a0\u00bb style=\u00a0\u00bboutline-custom\u00a0\u00bb outline_custom_color=\u00a0\u00bb#ff490d\u00a0\u00bb outline_custom_hover_background=\u00a0\u00bb#ff490d\u00a0\u00bb outline_custom_hover_text=\u00a0\u00bb#ffffff\u00a0\u00bb shape=\u00a0\u00bbround\u00a0\u00bb size=\u00a0\u00bblg\u00a0\u00bb link=\u00a0\u00bburl:https%3A%2F%2Fjmkarting.com%2Fnamur%2Fwp-content%2Fuploads%2Fsites%2F2%2F2023%2F11%2FCG-JMKARTING.pdf|title:Conditions%20g%C3%A9n%C3%A9rales|target:_blank\u00a0\u00bb][\/vc_column_inner][\/vc_row_inner][vc_separator style=\u00a0\u00bbdotted\u00a0\u00bb][vc_btn title=\u00a0\u00bbDemande de r\u00e9servation pour un \u00e9v\u00e9nement\u00a0\u00bb style=\u00a0\u00bboutline-custom\u00a0\u00bb outline_custom_color=\u00a0\u00bb#ff490d\u00a0\u00bb outline_custom_hover_background=\u00a0\u00bb#ff490d\u00a0\u00bb outline_custom_hover_text=\u00a0\u00bb#ffffff\u00a0\u00bb shape=\u00a0\u00bbround\u00a0\u00bb size=\u00a0\u00bblg\u00a0\u00bb link=\u00a0\u00bburl:https%3A%2F%2Fjmkarting.com%2Fnamur%2Fdemande-dinfos-endurances%2F|title:Demande%20d%E2%80%99infos%20endurances\u00a0\u00bb][\/vc_column][\/vc_row]<\/p>\n<\/section>","protected":false},"excerpt":{"rendered":"<p>[vc_row][vc_column][vc_column_text] Cr\u00e9ez votre \u00e9v\u00e9nement ! [\/vc_column_text][vc_column_text]Vous souhaitez organiser une \u00e9preuve d&rsquo;endurance pour vos collaborateurs, clients ou amis ? Vous cherchez un cadre original pour pr\u00e9senter vos produits ?\u00a0JMKARTING\u00a0est votre partenaire ! Chaque ann\u00e9e,\u00a0de nombreuses entreprises\u00a0font confiance \u00e0\u00a0JMKARTING\u00a0pour l&rsquo;organisation d&rsquo;\u00e9v\u00e9nements. L&rsquo;\u00e9preuve d&rsquo;endurance est l&rsquo;occasion de rassembler collaborateurs, clients ou amis autour d&rsquo;un sport bien accueilli par [&hellip;]<\/p>\n","protected":false},"author":1,"featured_media":8948,"parent":0,"menu_order":0,"comment_status":"open","ping_status":"closed","template":"","meta":{"footnotes":""},"class_list":["post-7156","page","type-page","status-publish","has-post-thumbnail","hentry"],"acf":[],"yoast_head":"<!-- This site is optimized with the Yoast SEO Premium plugin v21.7 (Yoast SEO v21.7) - https:\/\/yoast.com\/wordpress\/plugins\/seo\/ -->\n<title>GROUPES - JMKARTING Namur<\/title>\n<meta name=\"robots\" content=\"index, follow, max-snippet:-1, max-image-preview:large, max-video-preview:-1\" \/>\n<link rel=\"canonical\" href=\"https:\/\/jmkarting.com\/namur\/groupes\/\" \/>\n<meta property=\"og:locale\" content=\"fr_FR\" \/>\n<meta property=\"og:type\" content=\"article\" \/>\n<meta property=\"og:title\" content=\"GROUPES - JMKARTING Namur\" \/>\n<meta property=\"og:description\" content=\"[vc_row][vc_column][vc_column_text] Cr\u00e9ez votre \u00e9v\u00e9nement ! [\/vc_column_text][vc_column_text]Vous souhaitez organiser une \u00e9preuve d&rsquo;endurance pour vos collaborateurs, clients ou amis ? Vous cherchez un cadre original pour pr\u00e9senter vos produits ?\u00a0JMKARTING\u00a0est votre partenaire ! Chaque ann\u00e9e,\u00a0de nombreuses entreprises\u00a0font confiance \u00e0\u00a0JMKARTING\u00a0pour l&rsquo;organisation d&rsquo;\u00e9v\u00e9nements. L&rsquo;\u00e9preuve d&rsquo;endurance est l&rsquo;occasion de rassembler collaborateurs, clients ou amis autour d&rsquo;un sport bien accueilli par [&hellip;]\" \/>\n<meta property=\"og:url\" content=\"https:\/\/jmkarting.com\/namur\/groupes\/\" \/>\n<meta property=\"og:site_name\" content=\"JMKARTING Namur\" \/>\n<meta property=\"article:modified_time\" content=\"2025-07-09T14:07:05+00:00\" \/>\n<meta property=\"og:image\" content=\"https:\/\/jmkarting.com\/namur\/wp-content\/uploads\/sites\/2\/2023\/05\/20230419TL_Kingsize-JMKARTING_281.jpg\" \/>\n\t<meta property=\"og:image:width\" content=\"2048\" \/>\n\t<meta property=\"og:image:height\" content=\"1365\" \/>\n\t<meta property=\"og:image:type\" content=\"image\/jpeg\" \/>\n<meta name=\"twitter:card\" content=\"summary_large_image\" \/>\n<meta name=\"twitter:label1\" content=\"Dur\u00e9e de lecture estim\u00e9e\" \/>\n\t<meta name=\"twitter:data1\" content=\"4 minutes\" \/>\n<script type=\"application\/ld+json\" class=\"yoast-schema-graph\">{\"@context\":\"https:\/\/schema.org\",\"@graph\":[{\"@type\":\"WebPage\",\"@id\":\"https:\/\/jmkarting.com\/namur\/groupes\/\",\"url\":\"https:\/\/jmkarting.com\/namur\/groupes\/\",\"name\":\"GROUPES - JMKARTING Namur\",\"isPartOf\":{\"@id\":\"https:\/\/jmkarting.com\/namur\/#website\"},\"datePublished\":\"2018-11-23T12:31:03+00:00\",\"dateModified\":\"2025-07-09T14:07:05+00:00\",\"inLanguage\":\"fr-FR\",\"potentialAction\":[{\"@type\":\"ReadAction\",\"target\":[\"https:\/\/jmkarting.com\/namur\/groupes\/\"]}]},{\"@type\":\"WebSite\",\"@id\":\"https:\/\/jmkarting.com\/namur\/#website\",\"url\":\"https:\/\/jmkarting.com\/namur\/\",\"name\":\"JMKARTING Namur\",\"description\":\"\",\"publisher\":{\"@id\":\"https:\/\/jmkarting.com\/namur\/#organization\"},\"potentialAction\":[{\"@type\":\"SearchAction\",\"target\":{\"@type\":\"EntryPoint\",\"urlTemplate\":\"https:\/\/jmkarting.com\/namur\/?s={search_term_string}\"},\"query-input\":\"required name=search_term_string\"}],\"inLanguage\":\"fr-FR\"},{\"@type\":\"Organization\",\"@id\":\"https:\/\/jmkarting.com\/namur\/#organization\",\"name\":\"JMKARTING Namur\",\"url\":\"https:\/\/jmkarting.com\/namur\/\",\"logo\":{\"@type\":\"ImageObject\",\"inLanguage\":\"fr-FR\",\"@id\":\"https:\/\/jmkarting.com\/namur\/#\/schema\/logo\/image\/\",\"url\":\"https:\/\/jmkarting.com\/namur\/wp-content\/uploads\/sites\/2\/2023\/04\/logo.svg\",\"contentUrl\":\"https:\/\/jmkarting.com\/namur\/wp-content\/uploads\/sites\/2\/2023\/04\/logo.svg\",\"width\":301,\"height\":209,\"caption\":\"JMKARTING Namur\"},\"image\":{\"@id\":\"https:\/\/jmkarting.com\/namur\/#\/schema\/logo\/image\/\"}}]}<\/script>\n<!-- \/ Yoast SEO Premium plugin. -->","yoast_head_json":{"title":"GROUPES - JMKARTING Namur","robots":{"index":"index","follow":"follow","max-snippet":"max-snippet:-1","max-image-preview":"max-image-preview:large","max-video-preview":"max-video-preview:-1"},"canonical":"https:\/\/jmkarting.com\/namur\/groupes\/","og_locale":"fr_FR","og_type":"article","og_title":"GROUPES - JMKARTING Namur","og_description":"[vc_row][vc_column][vc_column_text] Cr\u00e9ez votre \u00e9v\u00e9nement ! [\/vc_column_text][vc_column_text]Vous souhaitez organiser une \u00e9preuve d&rsquo;endurance pour vos collaborateurs, clients ou amis ? Vous cherchez un cadre original pour pr\u00e9senter vos produits ?\u00a0JMKARTING\u00a0est votre partenaire ! Chaque ann\u00e9e,\u00a0de nombreuses entreprises\u00a0font confiance \u00e0\u00a0JMKARTING\u00a0pour l&rsquo;organisation d&rsquo;\u00e9v\u00e9nements. L&rsquo;\u00e9preuve d&rsquo;endurance est l&rsquo;occasion de rassembler collaborateurs, clients ou amis autour d&rsquo;un sport bien accueilli par [&hellip;]","og_url":"https:\/\/jmkarting.com\/namur\/groupes\/","og_site_name":"JMKARTING Namur","article_modified_time":"2025-07-09T14:07:05+00:00","og_image":[{"width":2048,"height":1365,"url":"https:\/\/jmkarting.com\/namur\/wp-content\/uploads\/sites\/2\/2023\/05\/20230419TL_Kingsize-JMKARTING_281.jpg","type":"image\/jpeg"}],"twitter_card":"summary_large_image","twitter_misc":{"Dur\u00e9e de lecture estim\u00e9e":"4 minutes"},"schema":{"@context":"https:\/\/schema.org","@graph":[{"@type":"WebPage","@id":"https:\/\/jmkarting.com\/namur\/groupes\/","url":"https:\/\/jmkarting.com\/namur\/groupes\/","name":"GROUPES - JMKARTING Namur","isPartOf":{"@id":"https:\/\/jmkarting.com\/namur\/#website"},"datePublished":"2018-11-23T12:31:03+00:00","dateModified":"2025-07-09T14:07:05+00:00","inLanguage":"fr-FR","potentialAction":[{"@type":"ReadAction","target":["https:\/\/jmkarting.com\/namur\/groupes\/"]}]},{"@type":"WebSite","@id":"https:\/\/jmkarting.com\/namur\/#website","url":"https:\/\/jmkarting.com\/namur\/","name":"JMKARTING Namur","description":"","publisher":{"@id":"https:\/\/jmkarting.com\/namur\/#organization"},"potentialAction":[{"@type":"SearchAction","target":{"@type":"EntryPoint","urlTemplate":"https:\/\/jmkarting.com\/namur\/?s={search_term_string}"},"query-input":"required name=search_term_string"}],"inLanguage":"fr-FR"},{"@type":"Organization","@id":"https:\/\/jmkarting.com\/namur\/#organization","name":"JMKARTING Namur","url":"https:\/\/jmkarting.com\/namur\/","logo":{"@type":"ImageObject","inLanguage":"fr-FR","@id":"https:\/\/jmkarting.com\/namur\/#\/schema\/logo\/image\/","url":"https:\/\/jmkarting.com\/namur\/wp-content\/uploads\/sites\/2\/2023\/04\/logo.svg","contentUrl":"https:\/\/jmkarting.com\/namur\/wp-content\/uploads\/sites\/2\/2023\/04\/logo.svg","width":301,"height":209,"caption":"JMKARTING Namur"},"image":{"@id":"https:\/\/jmkarting.com\/namur\/#\/schema\/logo\/image\/"}}]}},"_links":{"self":[{"href":"https:\/\/jmkarting.com\/namur\/wp-json\/wp\/v2\/pages\/7156"}],"collection":[{"href":"https:\/\/jmkarting.com\/namur\/wp-json\/wp\/v2\/pages"}],"about":[{"href":"https:\/\/jmkarting.com\/namur\/wp-json\/wp\/v2\/types\/page"}],"author":[{"embeddable":true,"href":"https:\/\/jmkarting.com\/namur\/wp-json\/wp\/v2\/users\/1"}],"replies":[{"embeddable":true,"href":"https:\/\/jmkarting.com\/namur\/wp-json\/wp\/v2\/comments?post=7156"}],"version-history":[{"count":18,"href":"https:\/\/jmkarting.com\/namur\/wp-json\/wp\/v2\/pages\/7156\/revisions"}],"predecessor-version":[{"id":13582,"href":"https:\/\/jmkarting.com\/namur\/wp-json\/wp\/v2\/pages\/7156\/revisions\/13582"}],"wp:featuredmedia":[{"embeddable":true,"href":"https:\/\/jmkarting.com\/namur\/wp-json\/wp\/v2\/media\/8948"}],"wp:attachment":[{"href":"https:\/\/jmkarting.com\/namur\/wp-json\/wp\/v2\/media?parent=7156"}],"curies":[{"name":"wp","href":"https:\/\/api.w.org\/{rel}","templated":true}]}}